{"id":1477,"date":"2012-06-15T10:32:13","date_gmt":"2012-06-15T10:32:13","guid":{"rendered":"http:\/\/www.bc-maps.com\/mapa-vectorial-eps\/"},"modified":"2023-06-16T10:50:37","modified_gmt":"2023-06-16T10:50:37","slug":"formentera-mapa-vectorial-illustrator-eps-ai","status":"publish","type":"page","link":"https:\/\/www.bc-maps.com\/mapa-vectorial-eps\/formentera-mapa-vectorial-illustrator-eps-ai\/","title":{"rendered":"Formentera mapa vectorial Illustrator eps con orograf\u00eda"},"content":{"rendered":"<h1>Mapas vectoriales de Formentera editables<\/h1>\n<h2>Mapas digitales de las Islas Baleares estructurados con capas de informaci\u00f3n<\/h2>\n<p>Podemos crear cualquier tipo de mapa de Formentera, mapas parciales, mapas generales, mapas tem\u00e1ticos\u2026etc.<\/p>\n<p>Planos de Sant Francesc, Sant Ferran de ses Roques, Es Pujols, la Savina Ses Bardetes, el Pilar de la Mola<\/p>\n<figure id=\"attachment_4616\" aria-describedby=\"caption-attachment-4616\" style=\"width: 300px\" class=\"wp-caption alignnone\"><a href=\"http:\/\/www.bc-maps.com\/wp-content\/uploads\/2021\/09\/Formentera-mapa-vectorial-illustrator-eps.jpg\" target=\"_blank\" rel=\"noopener\"><img loading=\"lazy\" decoding=\"async\" class=\"wp-image-4616 size-medium\" title=\"Formentera mapa vectorial illustrator eps\" src=\"http:\/\/www.bc-maps.com\/wp-content\/uploads\/2021\/09\/Formentera-mapa-vectorial-illustrator-eps-300x283.jpg\" alt=\"Formentera mapa vectorial illustrator eps\" width=\"300\" height=\"283\" srcset=\"https:\/\/www.bc-maps.com\/wp-content\/uploads\/2021\/09\/Formentera-mapa-vectorial-illustrator-eps-300x283.jpg 300w, https:\/\/www.bc-maps.com\/wp-content\/uploads\/2021\/09\/Formentera-mapa-vectorial-illustrator-eps-1024x967.jpg 1024w, https:\/\/www.bc-maps.com\/wp-content\/uploads\/2021\/09\/Formentera-mapa-vectorial-illustrator-eps-768x725.jpg 768w, https:\/\/www.bc-maps.com\/wp-content\/uploads\/2021\/09\/Formentera-mapa-vectorial-illustrator-eps-1536x1450.jpg 1536w, https:\/\/www.bc-maps.com\/wp-content\/uploads\/2021\/09\/Formentera-mapa-vectorial-illustrator-eps-2048x1934.jpg 2048w\" sizes=\"auto, (max-width: 300px) 100vw, 300px\" \/><\/a><figcaption id=\"caption-attachment-4616\" class=\"wp-caption-text\"><strong>Formentera mapa vectorial illustrator eps<\/strong><\/figcaption><\/figure>\n<p>Un <strong>mapa vectorial en illustrator eps<\/strong> de <strong>Formentera<\/strong> es un archivo digital que representa gr\u00e1ficamente la geograf\u00eda, la infraestructura y otros elementos geoespaciales de la isla \u00a0en forma de vectores.<\/p>\n<p>Los mapas se entregan en formatos editables <strong><a href=\"http:\/\/www.adobe.es\">adobe<\/a> illustrator, eps<\/strong><\/p>\n<p>Estas son algunas de las caracter\u00edsticas comunes de un mapa vectorial:<\/p>\n<p>1. Escalabilidad: Los mapas vectoriales son escalables, lo que significa que se pueden ampliar o reducir sin perder calidad.<\/p>\n<p>2. Geometr\u00eda precisa: Los elementos en un mapa vectorial se representan mediante formas geom\u00e9tricas, como l\u00edneas, puntos y pol\u00edgonos. Estas formas se definen matem\u00e1ticamente, lo que garantiza una representaci\u00f3n precisa de la geograf\u00eda y las caracter\u00edsticas del terreno.<\/p>\n<p>3. Capas y atributos: Un mapa vectorial puede contener diferentes capas que representan diferentes tipos de informaci\u00f3n, como carreteras, r\u00edos, edificios, \u00e1reas verdes, entre otros. .<\/p>\n<p>4. Edici\u00f3n y personalizaci\u00f3n: Los mapas vectoriales son editables, lo que permite agregar, eliminar o modificar elementos seg\u00fan las necesidades del usuario. Tambi\u00e9n se pueden personalizar mediante la selecci\u00f3n de colores, estilos de l\u00ednea y s\u00edmbolos.<\/p>\n<p>5. Compatibilidad: Los mapas vectoriales suelen estar disponibles en formatos est\u00e1ndar, como SVG (Scalable Vector Graphics), AI (Adobe Illustrator), EPS (Encapsulated PostScript) o DXF (Drawing Exchange Format), lo que permite su visualizaci\u00f3n y edici\u00f3n en diferentes software de dise\u00f1o y cartograf\u00eda.<\/p>\n<p>Estas caracter\u00edsticas hacen que los mapas vectoriales sean \u00fatiles para an\u00e1lisis espacial, planificaci\u00f3n urbana, navegaci\u00f3n, representaci\u00f3n cartogr\u00e1fica y otras aplicaciones donde la precisi\u00f3n y la flexibilidad son importantes.<\/p>\n<p>El contenido de informaci\u00f3n depender\u00e1 del tama\u00f1o de la zona y la escala o medidas de reproducci\u00f3n, ya que no trabajamos con textos inferiores a 5 puntos para que sean legibles.<\/p>\n<p>Los mapas pueden contener la orograf\u00eda, por medio de curvas de nivel o ser planos.<\/p>\n","protected":false},"excerpt":{"rendered":"<p>Mapas vectoriales de Formentera editables Mapas digitales de las Islas Baleares estructurados con capas de informaci\u00f3n Podemos crear cualquier tipo de mapa de Formentera, mapas parciales, mapas generales, mapas tem\u00e1ticos\u2026etc. Planos de Sant Francesc, Sant Ferran de ses Roques, Es Pujols, la Savina Ses Bardetes, el Pilar de la Mola Un mapa vectorial en illustrator &hellip; <a href=\"https:\/\/www.bc-maps.com\/mapa-vectorial-eps\/formentera-mapa-vectorial-illustrator-eps-ai\/\" class=\"more-link\">Seguir leyendo <span class=\"screen-reader-text\">Formentera mapa vectorial Illustrator eps con orograf\u00eda<\/span> <span class=\"meta-nav\">&rarr;<\/span><\/a><\/p>\n","protected":false},"author":1,"featured_media":4616,"parent":0,"menu_order":0,"comment_status":"closed","ping_status":"closed","template":"","meta":{"footnotes":""},"class_list":["post-1477","page","type-page","status-publish","has-post-thumbnail","hentry"],"_links":{"self":[{"href":"https:\/\/www.bc-maps.com\/mapa-vectorial-eps\/wp-json\/wp\/v2\/pages\/1477","targetHints":{"allow":["GET"]}}],"collection":[{"href":"https:\/\/www.bc-maps.com\/mapa-vectorial-eps\/wp-json\/wp\/v2\/pages"}],"about":[{"href":"https:\/\/www.bc-maps.com\/mapa-vectorial-eps\/wp-json\/wp\/v2\/types\/page"}],"author":[{"embeddable":true,"href":"https:\/\/www.bc-maps.com\/mapa-vectorial-eps\/wp-json\/wp\/v2\/users\/1"}],"replies":[{"embeddable":true,"href":"https:\/\/www.bc-maps.com\/mapa-vectorial-eps\/wp-json\/wp\/v2\/comments?post=1477"}],"version-history":[{"count":7,"href":"https:\/\/www.bc-maps.com\/mapa-vectorial-eps\/wp-json\/wp\/v2\/pages\/1477\/revisions"}],"predecessor-version":[{"id":5338,"href":"https:\/\/www.bc-maps.com\/mapa-vectorial-eps\/wp-json\/wp\/v2\/pages\/1477\/revisions\/5338"}],"wp:featuredmedia":[{"embeddable":true,"href":"https:\/\/www.bc-maps.com\/mapa-vectorial-eps\/wp-json\/wp\/v2\/media\/4616"}],"wp:attachment":[{"href":"https:\/\/www.bc-maps.com\/mapa-vectorial-eps\/wp-json\/wp\/v2\/media?parent=1477"}],"curies":[{"name":"wp","href":"https:\/\/api.w.org\/{rel}","templated":true}]}}