{"id":1465,"date":"2024-12-04T05:54:57","date_gmt":"2024-12-04T05:54:57","guid":{"rendered":"http:\/\/www.bc-maps.com\/mapa-vectorial-eps\/"},"modified":"2024-12-04T05:54:58","modified_gmt":"2024-12-04T05:54:58","slug":"illustrator-venezuela","status":"publish","type":"page","link":"https:\/\/www.bc-maps.com\/mapa-vectorial-eps\/illustrator-venezuela\/","title":{"rendered":"Venezuela mapa politico y carreteras en Illustrator"},"content":{"rendered":"<h1>Mapas vectoriales de Venezuela<\/h1>\n<h2>Mapas editables eps illustrator politicos y de carreteras de Venezuela<\/h2>\n<h2>Mapas digitales de regiones de Venezuela<\/h2>\n<p>Podemos crear cualquier tipo de mapa de Venezuela, mapas parciales, mapas generales, mapas tem\u00e1ticos\u2026etc.<\/p>\n<p>El contenido de informaci\u00f3n depender\u00e1 del tama\u00f1o de la zona y la escala o medidas de reproducci\u00f3n, ya que no trabajamos con textos inferiores a 5 puntos para que sean legibles.<\/p>\n<figure id=\"attachment_7045\" aria-describedby=\"caption-attachment-7045\" style=\"width: 300px\" class=\"wp-caption alignnone\"><a href=\"https:\/\/www.bc-maps.com\/wp-content\/uploads\/2024\/12\/VENEZUELA-MUNICIPIOS-scaled.jpg\" target=\"_blank\" rel=\"noopener\"><img loading=\"lazy\" decoding=\"async\" class=\"wp-image-7045 size-medium\" title=\"mapa vectorial illustrator de municipios de Venezuela\" src=\"https:\/\/www.bc-maps.com\/wp-content\/uploads\/2024\/12\/VENEZUELA-MUNICIPIOS-300x257.jpg\" alt=\"mapa vectorial illustrator de municipios de Venezuela\" width=\"300\" height=\"257\" srcset=\"https:\/\/www.bc-maps.com\/wp-content\/uploads\/2024\/12\/VENEZUELA-MUNICIPIOS-300x257.jpg 300w, https:\/\/www.bc-maps.com\/wp-content\/uploads\/2024\/12\/VENEZUELA-MUNICIPIOS-1024x877.jpg 1024w, https:\/\/www.bc-maps.com\/wp-content\/uploads\/2024\/12\/VENEZUELA-MUNICIPIOS-768x658.jpg 768w, https:\/\/www.bc-maps.com\/wp-content\/uploads\/2024\/12\/VENEZUELA-MUNICIPIOS-1536x1316.jpg 1536w, https:\/\/www.bc-maps.com\/wp-content\/uploads\/2024\/12\/VENEZUELA-MUNICIPIOS-2048x1754.jpg 2048w\" sizes=\"auto, (max-width: 300px) 100vw, 300px\" \/><\/a><figcaption id=\"caption-attachment-7045\" class=\"wp-caption-text\">mapa vectorial illustrator de municipios de Venezuela<\/figcaption><\/figure>\n<p><strong>ESTADOS<\/strong><\/p>\n<p>Amazonas, Anzo\u00e1tegui, Apure, Aragua, Barinas, Bol\u00edvar, Carabobo, Cojedes, Delta Amacuro, Dependencias Federales, Distrito Capital Caracas, Falc\u00f3n, Gu\u00e1rico, Lara, M\u00e9rida, Miranda, Monagas, Nueva Esparta, Portuguesa, Sucre, T\u00e1chira, Trujillo, Vargas, Yaracuy, Zulia.<\/p>\n<p><strong>Principales ciudades<\/strong><\/p>\n<p>Barcelona, Barinas, Barquisimeto, Caracas, Ciudad Bol\u00edvar, Coro, Cuman\u00e1, Guanare, La Asunci\u00f3n, La Guaira, Los Teques, Maracaibo, Maracay, Matur\u00edn, M\u00e9rida, Puerto Ayacucho, San Carlos, San Crist\u00f3bal, San Felipe, San Fernando de Apure, San Juan de Los Morros, Trujillo, Tucupita, Valencia<\/p>\n","protected":false},"excerpt":{"rendered":"<p>Mapas vectoriales de Venezuela Mapas editables eps illustrator politicos y de carreteras de Venezuela Mapas digitales de regiones de Venezuela Podemos crear cualquier tipo de mapa de Venezuela, mapas parciales, mapas generales, mapas tem\u00e1ticos\u2026etc. El contenido de informaci\u00f3n depender\u00e1 del tama\u00f1o de la zona y la escala o medidas de reproducci\u00f3n, ya que no trabajamos &hellip; <a href=\"https:\/\/www.bc-maps.com\/mapa-vectorial-eps\/illustrator-venezuela\/\" class=\"more-link\">Seguir leyendo <span class=\"screen-reader-text\">Venezuela mapa politico y carreteras en Illustrator<\/span> <span class=\"meta-nav\">&rarr;<\/span><\/a><\/p>\n","protected":false},"author":1,"featured_media":7045,"parent":0,"menu_order":0,"comment_status":"closed","ping_status":"closed","template":"","meta":{"footnotes":""},"class_list":["post-1465","page","type-page","status-publish","has-post-thumbnail","hentry"],"_links":{"self":[{"href":"https:\/\/www.bc-maps.com\/mapa-vectorial-eps\/wp-json\/wp\/v2\/pages\/1465","targetHints":{"allow":["GET"]}}],"collection":[{"href":"https:\/\/www.bc-maps.com\/mapa-vectorial-eps\/wp-json\/wp\/v2\/pages"}],"about":[{"href":"https:\/\/www.bc-maps.com\/mapa-vectorial-eps\/wp-json\/wp\/v2\/types\/page"}],"author":[{"embeddable":true,"href":"https:\/\/www.bc-maps.com\/mapa-vectorial-eps\/wp-json\/wp\/v2\/users\/1"}],"replies":[{"embeddable":true,"href":"https:\/\/www.bc-maps.com\/mapa-vectorial-eps\/wp-json\/wp\/v2\/comments?post=1465"}],"version-history":[{"count":2,"href":"https:\/\/www.bc-maps.com\/mapa-vectorial-eps\/wp-json\/wp\/v2\/pages\/1465\/revisions"}],"predecessor-version":[{"id":7047,"href":"https:\/\/www.bc-maps.com\/mapa-vectorial-eps\/wp-json\/wp\/v2\/pages\/1465\/revisions\/7047"}],"wp:featuredmedia":[{"embeddable":true,"href":"https:\/\/www.bc-maps.com\/mapa-vectorial-eps\/wp-json\/wp\/v2\/media\/7045"}],"wp:attachment":[{"href":"https:\/\/www.bc-maps.com\/mapa-vectorial-eps\/wp-json\/wp\/v2\/media?parent=1465"}],"curies":[{"name":"wp","href":"https:\/\/api.w.org\/{rel}","templated":true}]}}