{"id":1459,"date":"2012-06-15T10:31:47","date_gmt":"2012-06-15T10:31:47","guid":{"rendered":"http:\/\/www.bc-maps.com\/mapa-vectorial-eps\/"},"modified":"2023-06-16T10:11:03","modified_gmt":"2023-06-16T10:11:03","slug":"mapa-vectorial-ecuador-illustrator","status":"publish","type":"page","link":"https:\/\/www.bc-maps.com\/mapa-vectorial-eps\/mapa-vectorial-ecuador-illustrator\/","title":{"rendered":"Ecuador mapa politico y carreteras en Illustrator"},"content":{"rendered":"<h1>Mapas vectoriales de\u00a0Ecuador<\/h1>\n<h2>Planos\u00a0editables eps illustrator politicos y de carreteras<\/h2>\n<h2>Mapas digitales de regiones de Ecuador<\/h2>\n<p>Podemos crear cualquier tipo de mapa de Ecuador, mapas parciales, mapas generales, mapas tem\u00e1ticos\u2026etc.<\/p>\n<p>Un <strong>mapa vectorial en illustrator eps<\/strong> de <strong>Ecuador<\/strong> es un archivo digital que representa gr\u00e1ficamente la geograf\u00eda, la infraestructura y otros elementos geoespaciales del pa\u00eds en forma de vectores.<\/p>\n<p>Los mapas se entregan en formatos editables <strong><a href=\"http:\/\/www.adobe.es\">adobe<\/a> illustrator, eps<\/strong><\/p>\n<p>Estas son algunas de las caracter\u00edsticas comunes de un mapa vectorial:<\/p>\n<p>1. Escalabilidad: Los mapas vectoriales son escalables, lo que significa que se pueden ampliar o reducir sin perder calidad.<\/p>\n<p>2. Geometr\u00eda precisa: Los elementos en un mapa vectorial se representan mediante formas geom\u00e9tricas, como l\u00edneas, puntos y pol\u00edgonos. Estas formas se definen matem\u00e1ticamente, lo que garantiza una representaci\u00f3n precisa de la geograf\u00eda y las caracter\u00edsticas del terreno.<\/p>\n<p>3. Capas y atributos: Un mapa vectorial puede contener diferentes capas que representan diferentes tipos de informaci\u00f3n, como carreteras, r\u00edos, edificios, \u00e1reas verdes, entre otros. .<\/p>\n<p>4. Edici\u00f3n y personalizaci\u00f3n: Los mapas vectoriales son editables, lo que permite agregar, eliminar o modificar elementos seg\u00fan las necesidades del usuario. Tambi\u00e9n se pueden personalizar mediante la selecci\u00f3n de colores, estilos de l\u00ednea y s\u00edmbolos.<\/p>\n<p>5. Compatibilidad: Los mapas vectoriales suelen estar disponibles en formatos est\u00e1ndar, como SVG (Scalable Vector Graphics), AI (Adobe Illustrator), EPS (Encapsulated PostScript) o DXF (Drawing Exchange Format), lo que permite su visualizaci\u00f3n y edici\u00f3n en diferentes software de dise\u00f1o y cartograf\u00eda.<\/p>\n<p>Estas caracter\u00edsticas hacen que los mapas vectoriales sean \u00fatiles para an\u00e1lisis espacial, planificaci\u00f3n urbana, navegaci\u00f3n, representaci\u00f3n cartogr\u00e1fica y otras aplicaciones donde la precisi\u00f3n y la flexibilidad son importantes.<\/p>\n<p>El contenido de informaci\u00f3n depender\u00e1 del tama\u00f1o de la zona y la escala o medidas de reproducci\u00f3n, ya que no trabajamos con textos inferiores a 5 puntos para que sean legibles.<\/p>\n<figure id=\"attachment_2944\" aria-describedby=\"caption-attachment-2944\" style=\"width: 209px\" class=\"wp-caption alignnone\"><a href=\"http:\/\/www.bc-maps.com\/wp-content\/uploads\/2012\/06\/ECUADOR-ALDILOP.jpg\" target=\"_blank\" rel=\"noopener noreferrer\"><img loading=\"lazy\" decoding=\"async\" class=\"wp-image-2944 size-medium\" title=\"Ecuador mapa vectorial illustrator eps\" src=\"http:\/\/www.bc-maps.com\/wp-content\/uploads\/2012\/06\/ECUADOR-ALDILOP-209x300.jpg\" alt=\"Ecuador mapa vectorial illustrator eps\" width=\"209\" height=\"300\" srcset=\"https:\/\/www.bc-maps.com\/wp-content\/uploads\/2012\/06\/ECUADOR-ALDILOP-209x300.jpg 209w, https:\/\/www.bc-maps.com\/wp-content\/uploads\/2012\/06\/ECUADOR-ALDILOP-768x1104.jpg 768w, https:\/\/www.bc-maps.com\/wp-content\/uploads\/2012\/06\/ECUADOR-ALDILOP-713x1024.jpg 713w\" sizes=\"auto, (max-width: 209px) 100vw, 209px\" \/><\/a><figcaption id=\"caption-attachment-2944\" class=\"wp-caption-text\">Ecuador mapa vectorial illustrator eps<\/figcaption><\/figure>\n<p><strong>PROVINCIAS<\/strong><\/p>\n<p>Azuay, Bol\u00edvar, Ca\u00f1ar, Carchi, Chimborazo, Cotopaxi, El Oro, Esmeraldas, Gal\u00e1pagos, Guayas, Imbabura, Loja, Los R\u00edos, Manab\u00ed, Morona Santiago, Napo, Orellana, Pastaza, Pichincha, Santa Elena, Sto. Domingo de los Ts\u00e1chilas, Sucumb\u00edos, Tungurahua, Zamora Chinchipe.<\/p>\n<p><strong>Principales ciudades<\/strong><\/p>\n<p>Quito, Ambato, Azogues, Babahoyo, Cuenca, Esmeraldas, Guaranda, Guayaquil, Ibarra, Latacunga, Loja, Macas, Machala, Nueva Loja, Portoviejo, Puerto Baquerizo Moreno, Puerto Francisco de Orellana, Puyo, Riobamba, Santa Elena, Santo Domingo, Tena, Tulc\u00e1n, Zamora.<\/p>\n","protected":false},"excerpt":{"rendered":"<p>Mapas vectoriales de\u00a0Ecuador Planos\u00a0editables eps illustrator politicos y de carreteras Mapas digitales de regiones de Ecuador Podemos crear cualquier tipo de mapa de Ecuador, mapas parciales, mapas generales, mapas tem\u00e1ticos\u2026etc. Un mapa vectorial en illustrator eps de Ecuador es un archivo digital que representa gr\u00e1ficamente la geograf\u00eda, la infraestructura y otros elementos geoespaciales del pa\u00eds &hellip; <a href=\"https:\/\/www.bc-maps.com\/mapa-vectorial-eps\/mapa-vectorial-ecuador-illustrator\/\" class=\"more-link\">Seguir leyendo <span class=\"screen-reader-text\">Ecuador mapa politico y carreteras en Illustrator<\/span> <span class=\"meta-nav\">&rarr;<\/span><\/a><\/p>\n","protected":false},"author":1,"featured_media":2944,"parent":0,"menu_order":0,"comment_status":"closed","ping_status":"closed","template":"","meta":{"footnotes":""},"class_list":["post-1459","page","type-page","status-publish","has-post-thumbnail","hentry"],"_links":{"self":[{"href":"https:\/\/www.bc-maps.com\/mapa-vectorial-eps\/wp-json\/wp\/v2\/pages\/1459","targetHints":{"allow":["GET"]}}],"collection":[{"href":"https:\/\/www.bc-maps.com\/mapa-vectorial-eps\/wp-json\/wp\/v2\/pages"}],"about":[{"href":"https:\/\/www.bc-maps.com\/mapa-vectorial-eps\/wp-json\/wp\/v2\/types\/page"}],"author":[{"embeddable":true,"href":"https:\/\/www.bc-maps.com\/mapa-vectorial-eps\/wp-json\/wp\/v2\/users\/1"}],"replies":[{"embeddable":true,"href":"https:\/\/www.bc-maps.com\/mapa-vectorial-eps\/wp-json\/wp\/v2\/comments?post=1459"}],"version-history":[{"count":5,"href":"https:\/\/www.bc-maps.com\/mapa-vectorial-eps\/wp-json\/wp\/v2\/pages\/1459\/revisions"}],"predecessor-version":[{"id":5318,"href":"https:\/\/www.bc-maps.com\/mapa-vectorial-eps\/wp-json\/wp\/v2\/pages\/1459\/revisions\/5318"}],"wp:featuredmedia":[{"embeddable":true,"href":"https:\/\/www.bc-maps.com\/mapa-vectorial-eps\/wp-json\/wp\/v2\/media\/2944"}],"wp:attachment":[{"href":"https:\/\/www.bc-maps.com\/mapa-vectorial-eps\/wp-json\/wp\/v2\/media?parent=1459"}],"curies":[{"name":"wp","href":"https:\/\/api.w.org\/{rel}","templated":true}]}}