{"id":1441,"date":"2012-06-15T10:31:21","date_gmt":"2012-06-15T10:31:21","guid":{"rendered":"http:\/\/www.bc-maps.com\/mapa-vectorial-eps\/"},"modified":"2024-12-03T17:12:31","modified_gmt":"2024-12-03T17:12:31","slug":"illustrator-mexico-politico","status":"publish","type":"page","link":"https:\/\/www.bc-maps.com\/mapa-vectorial-eps\/illustrator-mexico-politico\/","title":{"rendered":"M\u00e9xico mapa pol\u00edtico y carreteras en Illustrator"},"content":{"rendered":"<h1>Mapas vectoriales de M\u00e9xico<\/h1>\n<h2>Mapas editables eps illustrator politicos y de carreteras de M\u00e9xico<\/h2>\n<h2>Mapas digitales de regiones de M\u00e9xico<\/h2>\n<p>Podemos crear cualquier tipo de mapa de M\u00e9xico, mapas parciales, mapas generales, mapas tem\u00e1ticos\u2026etc.<\/p>\n<figure id=\"attachment_7021\" aria-describedby=\"caption-attachment-7021\" style=\"width: 227px\" class=\"wp-caption alignnone\"><a href=\"https:\/\/www.bc-maps.com\/wp-content\/uploads\/2024\/12\/mapa-vectorial-politico-Mexico-1.jpg\" target=\"_blank\" rel=\"noopener\"><img loading=\"lazy\" decoding=\"async\" class=\"wp-image-7021 size-medium\" style=\"font-weight: bold; color: #767676;\" title=\"Mapa vectorial politico Mexico\" src=\"https:\/\/www.bc-maps.com\/wp-content\/uploads\/2024\/12\/mapa-vectorial-politico-Mexico-1-227x300.jpg\" alt=\"Mapa vectorial politico Mexico\" width=\"227\" height=\"300\" srcset=\"https:\/\/www.bc-maps.com\/wp-content\/uploads\/2024\/12\/mapa-vectorial-politico-Mexico-1-227x300.jpg 227w, https:\/\/www.bc-maps.com\/wp-content\/uploads\/2024\/12\/mapa-vectorial-politico-Mexico-1-774x1024.jpg 774w, https:\/\/www.bc-maps.com\/wp-content\/uploads\/2024\/12\/mapa-vectorial-politico-Mexico-1-768x1016.jpg 768w, https:\/\/www.bc-maps.com\/wp-content\/uploads\/2024\/12\/mapa-vectorial-politico-Mexico-1.jpg 850w\" sizes=\"auto, (max-width: 227px) 100vw, 227px\" \/><\/a><figcaption id=\"caption-attachment-7021\" class=\"wp-caption-text\">Mapa vectorial politico Mexico<\/figcaption><\/figure>\n<p>El contenido de informaci\u00f3n depender\u00e1 del tama\u00f1o de la zona y la escala o medidas de reproducci\u00f3n, ya que no trabajamos con textos inferiores a 5 puntos para que sean legibles.<\/p>\n<p><strong>Estados de M\u00e9xico ,<\/strong><\/p>\n<p><a title=\"Mapas vectorizados Aguascalientes\" href=\"https:\/\/www.bc-maps.com\/mapa-vectorial-eps\/vector-map-illustrator-estado-aguascalientes-politico\/\" target=\"_self\">Aguascalientes<\/a>, Baja California, Baja California Sur, Campeche, Chiapas, Chihuahua, Coahuila, Colima, Distrito Federal, Durango, Estado de M\u00e9xico, Guanajuato, Guerrero, Hidalgo, Jalisco, Michoac\u00e1n, Morelos, Nayarit, Nuevo Le\u00f3n, Oaxaca, Puebla, Quer\u00e9taro, Quintana Roo, San Luis Potos\u00ed, Sinaloa, Sonora, Tabasco, Tamaulipas, Tlaxcala, Veracruz, Yucat\u00e1n, Zacatecas.<\/p>\n<p><strong>Principales ciudades ,<\/strong><\/p>\n<p><a title=\"Mapas Vectorizados DF\" href=\"https:\/\/www.bc-maps.com\/mapa-vectorial-eps\/illustrator-mexico-df-corel-eps-2\/\" target=\"_self\">Ciudad de M\u00e9xico<\/a>, Guadalajara, Monterrey, Puebla, Toluca, Tijuana, Le\u00f3n, Ciudad Ju\u00e1rez, Torre\u00f3n, Quer\u00e9taro.<\/p>\n","protected":false},"excerpt":{"rendered":"<p>Mapas vectoriales de M\u00e9xico Mapas editables eps illustrator politicos y de carreteras de M\u00e9xico Mapas digitales de regiones de M\u00e9xico Podemos crear cualquier tipo de mapa de M\u00e9xico, mapas parciales, mapas generales, mapas tem\u00e1ticos\u2026etc. El contenido de informaci\u00f3n depender\u00e1 del tama\u00f1o de la zona y la escala o medidas de reproducci\u00f3n, ya que no trabajamos &hellip; <a href=\"https:\/\/www.bc-maps.com\/mapa-vectorial-eps\/illustrator-mexico-politico\/\" class=\"more-link\">Seguir leyendo <span class=\"screen-reader-text\">M\u00e9xico mapa pol\u00edtico y carreteras en Illustrator<\/span> <span class=\"meta-nav\">&rarr;<\/span><\/a><\/p>\n","protected":false},"author":1,"featured_media":7021,"parent":0,"menu_order":0,"comment_status":"closed","ping_status":"closed","template":"","meta":{"footnotes":""},"class_list":["post-1441","page","type-page","status-publish","has-post-thumbnail","hentry"],"_links":{"self":[{"href":"https:\/\/www.bc-maps.com\/mapa-vectorial-eps\/wp-json\/wp\/v2\/pages\/1441","targetHints":{"allow":["GET"]}}],"collection":[{"href":"https:\/\/www.bc-maps.com\/mapa-vectorial-eps\/wp-json\/wp\/v2\/pages"}],"about":[{"href":"https:\/\/www.bc-maps.com\/mapa-vectorial-eps\/wp-json\/wp\/v2\/types\/page"}],"author":[{"embeddable":true,"href":"https:\/\/www.bc-maps.com\/mapa-vectorial-eps\/wp-json\/wp\/v2\/users\/1"}],"replies":[{"embeddable":true,"href":"https:\/\/www.bc-maps.com\/mapa-vectorial-eps\/wp-json\/wp\/v2\/comments?post=1441"}],"version-history":[{"count":2,"href":"https:\/\/www.bc-maps.com\/mapa-vectorial-eps\/wp-json\/wp\/v2\/pages\/1441\/revisions"}],"predecessor-version":[{"id":7022,"href":"https:\/\/www.bc-maps.com\/mapa-vectorial-eps\/wp-json\/wp\/v2\/pages\/1441\/revisions\/7022"}],"wp:featuredmedia":[{"embeddable":true,"href":"https:\/\/www.bc-maps.com\/mapa-vectorial-eps\/wp-json\/wp\/v2\/media\/7021"}],"wp:attachment":[{"href":"https:\/\/www.bc-maps.com\/mapa-vectorial-eps\/wp-json\/wp\/v2\/media?parent=1441"}],"curies":[{"name":"wp","href":"https:\/\/api.w.org\/{rel}","templated":true}]}}