{"id":1435,"date":"2012-06-15T10:31:12","date_gmt":"2012-06-15T10:31:12","guid":{"rendered":"http:\/\/www.bc-maps.com\/mapa-vectorial-eps\/"},"modified":"2023-06-15T16:36:49","modified_gmt":"2023-06-15T16:36:49","slug":"argentina-ilustrator","status":"publish","type":"page","link":"https:\/\/www.bc-maps.com\/mapa-vectorial-eps\/argentina-ilustrator\/","title":{"rendered":"Argentina mapa politico y carreteras en Illustrator"},"content":{"rendered":"<h1>Mapas vectoriales de Argentina<\/h1>\n<h2>Planos\u00a0editables eps illustrator politicos y de carreteras de Argentina<\/h2>\n<h3>Mapas vectoriales\u00a0de regiones de Argentina<\/h3>\n<p>Podemos crear cualquier tipo de mapa de Argentina, mapas parciales, mapas generales, mapas tem\u00e1ticos\u2026etc.<\/p>\n<p>Un <strong>mapa vectorial en illustrator eps<\/strong> de <strong>Argentina<\/strong> es un archivo digital que representa gr\u00e1ficamente la geograf\u00eda, la infraestructura y otros elementos geoespaciales del pa\u00eds en forma de vectores.<\/p>\n<p>Los mapas se entregan en formatos editables <strong><a href=\"http:\/\/www.adobe.es\">adobe<\/a> illustrator, eps<\/strong><\/p>\n<p>Estas son algunas de las caracter\u00edsticas comunes de un mapa vectorial:<\/p>\n<p>1. Escalabilidad: Los mapas vectoriales son escalables, lo que significa que se pueden ampliar o reducir sin perder calidad.<\/p>\n<p>2. Geometr\u00eda precisa: Los elementos en un mapa vectorial se representan mediante formas geom\u00e9tricas, como l\u00edneas, puntos y pol\u00edgonos. Estas formas se definen matem\u00e1ticamente, lo que garantiza una representaci\u00f3n precisa de la geograf\u00eda y las caracter\u00edsticas del terreno.<\/p>\n<p>3. Capas y atributos: Un mapa vectorial puede contener diferentes capas que representan diferentes tipos de informaci\u00f3n, como carreteras, r\u00edos, edificios, \u00e1reas verdes, entre otros. .<\/p>\n<p>4. Edici\u00f3n y personalizaci\u00f3n: Los mapas vectoriales son editables, lo que permite agregar, eliminar o modificar elementos seg\u00fan las necesidades del usuario. Tambi\u00e9n se pueden personalizar mediante la selecci\u00f3n de colores, estilos de l\u00ednea y s\u00edmbolos.<\/p>\n<p>5. Compatibilidad: Los mapas vectoriales suelen estar disponibles en formatos est\u00e1ndar, como SVG (Scalable Vector Graphics), AI (Adobe Illustrator), EPS (Encapsulated PostScript) o DXF (Drawing Exchange Format), lo que permite su visualizaci\u00f3n y edici\u00f3n en diferentes software de dise\u00f1o y cartograf\u00eda.<\/p>\n<p>Estas caracter\u00edsticas hacen que los mapas vectoriales sean \u00fatiles para an\u00e1lisis espacial, planificaci\u00f3n urbana, navegaci\u00f3n, representaci\u00f3n cartogr\u00e1fica y otras aplicaciones donde la precisi\u00f3n y la flexibilidad son importantes.<\/p>\n<p>El contenido de informaci\u00f3n depender\u00e1 del tama\u00f1o de la zona y la escala o medidas de reproducci\u00f3n, ya que no trabajamos con textos inferiores a 5 puntos para que sean legibles.<\/p>\n<p><strong>Provincias,<\/strong><\/p>\n<p><a title=\"Mapa vectorizado Gran Buenos Aires\" href=\"https:\/\/www.bc-maps.com\/mapa-vectorial-eps\/vector-map-illustrator-buenos-aires-politico\/\" target=\"_self\" rel=\"noopener\">Buenos Aires<\/a>, Catamarca, Chaco, Chubut, C\u00f3rdoba, Corrientes, Entre R\u00edos, Formosa, Jujuy, La Pampa, La Rioja, Mendoza, Misiones, Neuqu\u00e9n, R\u00edo Negro, Salta, San Juan, San Luis, Santa Cruz, Santa Fe, Santiago del Estero, Tucum\u00e1n, Tierra del Fuego.<\/p>\n<p><strong>Principales ciudades, <\/strong><\/p>\n<p><a title=\"Mapa vectorizado Buenos Aires\" href=\"https:\/\/www.bc-maps.com\/mapa-vectorial-eps\/illustrator-buenos-aires-corel-eps\/\" target=\"_self\" rel=\"noopener\">Buenos Aires<\/a>, C\u00f3rdoba,Rosario, La Plata, Mar del Plata, San Miguel de Tucum\u00e1n,Salta, Sant Fe, Corrientes, Bah\u00eda Blanca<\/p>\n<figure id=\"attachment_2889\" aria-describedby=\"caption-attachment-2889\" style=\"width: 190px\" class=\"wp-caption alignnone\"><a href=\"http:\/\/www.bc-maps.com\/wp-content\/uploads\/2012\/06\/Mapa-vectorial-Buenos-Aires-provincia-illustrator-eps.jpg\" target=\"_blank\" rel=\"noopener noreferrer\"><img loading=\"lazy\" decoding=\"async\" class=\"wp-image-2889 size-medium\" title=\"Mapa vectorial Buenos Aires provincia illustrator eps\" src=\"http:\/\/www.bc-maps.com\/wp-content\/uploads\/2012\/06\/Mapa-vectorial-Buenos-Aires-provincia-illustrator-eps-190x300.jpg\" alt=\"Mapa vectorial Buenos Aires provincia illustrator eps\" width=\"190\" height=\"300\" srcset=\"https:\/\/www.bc-maps.com\/wp-content\/uploads\/2012\/06\/Mapa-vectorial-Buenos-Aires-provincia-illustrator-eps-190x300.jpg 190w, https:\/\/www.bc-maps.com\/wp-content\/uploads\/2012\/06\/Mapa-vectorial-Buenos-Aires-provincia-illustrator-eps-768x1212.jpg 768w, https:\/\/www.bc-maps.com\/wp-content\/uploads\/2012\/06\/Mapa-vectorial-Buenos-Aires-provincia-illustrator-eps-649x1024.jpg 649w, https:\/\/www.bc-maps.com\/wp-content\/uploads\/2012\/06\/Mapa-vectorial-Buenos-Aires-provincia-illustrator-eps.jpg 1047w\" sizes=\"auto, (max-width: 190px) 100vw, 190px\" \/><\/a><figcaption id=\"caption-attachment-2889\" class=\"wp-caption-text\">Mapa vectorial Buenos Aires provincia illustrator eps<\/figcaption><\/figure>\n<figure id=\"attachment_2888\" aria-describedby=\"caption-attachment-2888\" style=\"width: 300px\" class=\"wp-caption alignnone\"><a href=\"http:\/\/www.bc-maps.com\/wp-content\/uploads\/2012\/06\/CHACO.jpg\" target=\"_blank\" rel=\"noopener noreferrer\"><img loading=\"lazy\" decoding=\"async\" class=\"wp-image-2888 size-medium\" title=\"Chaco mapa vectorial illustrator eps\" src=\"http:\/\/www.bc-maps.com\/wp-content\/uploads\/2012\/06\/CHACO-300x243.jpg\" alt=\"Chaco mapa vectorial illustrator eps\" width=\"300\" height=\"243\" srcset=\"https:\/\/www.bc-maps.com\/wp-content\/uploads\/2012\/06\/CHACO-300x243.jpg 300w, https:\/\/www.bc-maps.com\/wp-content\/uploads\/2012\/06\/CHACO.jpg 717w\" sizes=\"auto, (max-width: 300px) 100vw, 300px\" \/><\/a><figcaption id=\"caption-attachment-2888\" class=\"wp-caption-text\">Chaco mapa vectorial illustrator eps<\/figcaption><\/figure>\n<figure id=\"attachment_2887\" aria-describedby=\"caption-attachment-2887\" style=\"width: 222px\" class=\"wp-caption alignnone\"><a href=\"http:\/\/www.bc-maps.com\/wp-content\/uploads\/2012\/06\/Argentina-POLITICO.jpg\" target=\"_blank\" rel=\"noopener noreferrer\"><img loading=\"lazy\" decoding=\"async\" class=\"wp-image-2887 size-medium\" title=\"Chaco mapa vectorial illustrator eps\" src=\"http:\/\/www.bc-maps.com\/wp-content\/uploads\/2012\/06\/Argentina-POLITICO-222x300.jpg\" alt=\"Argentina mapa vectorial illustrator eps\" width=\"222\" height=\"300\" srcset=\"https:\/\/www.bc-maps.com\/wp-content\/uploads\/2012\/06\/Argentina-POLITICO-222x300.jpg 222w, https:\/\/www.bc-maps.com\/wp-content\/uploads\/2012\/06\/Argentina-POLITICO-768x1037.jpg 768w, https:\/\/www.bc-maps.com\/wp-content\/uploads\/2012\/06\/Argentina-POLITICO-759x1024.jpg 759w, https:\/\/www.bc-maps.com\/wp-content\/uploads\/2012\/06\/Argentina-POLITICO.jpg 1406w\" sizes=\"auto, (max-width: 222px) 100vw, 222px\" \/><\/a><figcaption id=\"caption-attachment-2887\" class=\"wp-caption-text\">Argentina mapa vectorial illustrator eps<\/figcaption><\/figure>\n<div class=\"mceTemp\"><\/div>\n<figure id=\"attachment_2891\" aria-describedby=\"caption-attachment-2891\" style=\"width: 300px\" class=\"wp-caption alignnone\"><a href=\"http:\/\/www.bc-maps.com\/wp-content\/uploads\/2012\/06\/BUENOS-AIRES-MAPA-VECTOR-1.jpg\" target=\"_blank\" rel=\"noopener noreferrer\"><img loading=\"lazy\" decoding=\"async\" class=\"wp-image-2891 size-medium\" title=\"Buenos Aires mapa vectorial illustrator eps\" src=\"http:\/\/www.bc-maps.com\/wp-content\/uploads\/2012\/06\/BUENOS-AIRES-MAPA-VECTOR-1-300x178.jpg\" alt=\"Buenos Aires mapa vectorial illustrator eps\" width=\"300\" height=\"178\" srcset=\"https:\/\/www.bc-maps.com\/wp-content\/uploads\/2012\/06\/BUENOS-AIRES-MAPA-VECTOR-1-300x178.jpg 300w, https:\/\/www.bc-maps.com\/wp-content\/uploads\/2012\/06\/BUENOS-AIRES-MAPA-VECTOR-1-768x457.jpg 768w, https:\/\/www.bc-maps.com\/wp-content\/uploads\/2012\/06\/BUENOS-AIRES-MAPA-VECTOR-1-1024x609.jpg 1024w\" sizes=\"auto, (max-width: 300px) 100vw, 300px\" \/><\/a><figcaption id=\"caption-attachment-2891\" class=\"wp-caption-text\">Buenos Aires mapa vectorial illustrator eps<\/figcaption><\/figure>\n<p>La informaci\u00f3n disponible va desde\u00a0monumentos, lugares de inter\u00e9s y populares, museos, oficinas de turismo, centros comerciales, medios de transporte.<\/p>\n<p>Tambi\u00e9n podemos a\u00f1adir cualquier otra informaci\u00f3n pr\u00e1ctica que nos soliciten ustedes.<\/p>\n<p>Nuestros mapas est\u00e1n estructurados por medio de capas y son totalmente editables, modificables, \u00a0tanto \u00a0colores y\u00a0fuentes\/textos.<\/p>\n<p>Nuestro ficheros\u00a0son libres de derechos para cualquier reproducci\u00f3n, incluyendo nuestro copyright.<\/p>\n<p>Los maps\u00a0est\u00e1n creados con licencias oficiales de programas de Adobe, habitualmente entregamos en version CC, pero podemos entregar tambi\u00e9n en otras versiones.<\/p>\n","protected":false},"excerpt":{"rendered":"<p>Mapas vectoriales de Argentina Planos\u00a0editables eps illustrator politicos y de carreteras de Argentina Mapas vectoriales\u00a0de regiones de Argentina Podemos crear cualquier tipo de mapa de Argentina, mapas parciales, mapas generales, mapas tem\u00e1ticos\u2026etc. Un mapa vectorial en illustrator eps de Argentina es un archivo digital que representa gr\u00e1ficamente la geograf\u00eda, la infraestructura y otros elementos geoespaciales &hellip; <a href=\"https:\/\/www.bc-maps.com\/mapa-vectorial-eps\/argentina-ilustrator\/\" class=\"more-link\">Seguir leyendo <span class=\"screen-reader-text\">Argentina mapa politico y carreteras en Illustrator<\/span> <span class=\"meta-nav\">&rarr;<\/span><\/a><\/p>\n","protected":false},"author":1,"featured_media":0,"parent":0,"menu_order":0,"comment_status":"closed","ping_status":"closed","template":"","meta":{"footnotes":""},"class_list":["post-1435","page","type-page","status-publish","hentry"],"_links":{"self":[{"href":"https:\/\/www.bc-maps.com\/mapa-vectorial-eps\/wp-json\/wp\/v2\/pages\/1435","targetHints":{"allow":["GET"]}}],"collection":[{"href":"https:\/\/www.bc-maps.com\/mapa-vectorial-eps\/wp-json\/wp\/v2\/pages"}],"about":[{"href":"https:\/\/www.bc-maps.com\/mapa-vectorial-eps\/wp-json\/wp\/v2\/types\/page"}],"author":[{"embeddable":true,"href":"https:\/\/www.bc-maps.com\/mapa-vectorial-eps\/wp-json\/wp\/v2\/users\/1"}],"replies":[{"embeddable":true,"href":"https:\/\/www.bc-maps.com\/mapa-vectorial-eps\/wp-json\/wp\/v2\/comments?post=1435"}],"version-history":[{"count":10,"href":"https:\/\/www.bc-maps.com\/mapa-vectorial-eps\/wp-json\/wp\/v2\/pages\/1435\/revisions"}],"predecessor-version":[{"id":5275,"href":"https:\/\/www.bc-maps.com\/mapa-vectorial-eps\/wp-json\/wp\/v2\/pages\/1435\/revisions\/5275"}],"wp:attachment":[{"href":"https:\/\/www.bc-maps.com\/mapa-vectorial-eps\/wp-json\/wp\/v2\/media?parent=1435"}],"curies":[{"name":"wp","href":"https:\/\/api.w.org\/{rel}","templated":true}]}}