{"id":1429,"date":"2012-06-15T10:29:31","date_gmt":"2012-06-15T10:29:31","guid":{"rendered":"http:\/\/www.bc-maps.com\/mapa-vectorial-eps\/"},"modified":"2024-12-03T17:17:29","modified_gmt":"2024-12-03T17:17:29","slug":"illustrator-nueva-zelanda","status":"publish","type":"page","link":"https:\/\/www.bc-maps.com\/mapa-vectorial-eps\/illustrator-nueva-zelanda\/","title":{"rendered":"Nueva Zelanda mapa politico en eps Illustrator"},"content":{"rendered":"<h1>Mapas vectoriales de Nueva Zelanda<\/h1>\n<h2>Mapas editables eps illustrator politicos y de carreteras de Nueva Zelanda<\/h2>\n<h2>Mapas digitales de regiones de Nueva Zelanda<\/h2>\n<p>Podemos crear cualquier tipo de mapa de Nueva Zelanda, mapas parciales, mapas generales, mapas tem\u00e1ticos\u2026etc.<\/p>\n<p>los mapas se entregan en formato vectorial editable, normalmente en <a href=\"http:\/\/www.adobe.es\">illustrator<\/a> o eps<\/p>\n<figure id=\"attachment_7023\" aria-describedby=\"caption-attachment-7023\" style=\"width: 276px\" class=\"wp-caption alignnone\"><img loading=\"lazy\" decoding=\"async\" class=\" wp-image-7023\" src=\"https:\/\/www.bc-maps.com\/wp-content\/uploads\/2024\/12\/NUEVA-ZELANDA-VECTOR-MAP-223x300.jpg\" alt=\"mapa vectorial illustator eps Nueva Zelanda\" width=\"276\" height=\"371\" srcset=\"https:\/\/www.bc-maps.com\/wp-content\/uploads\/2024\/12\/NUEVA-ZELANDA-VECTOR-MAP-223x300.jpg 223w, https:\/\/www.bc-maps.com\/wp-content\/uploads\/2024\/12\/NUEVA-ZELANDA-VECTOR-MAP-760x1024.jpg 760w, https:\/\/www.bc-maps.com\/wp-content\/uploads\/2024\/12\/NUEVA-ZELANDA-VECTOR-MAP-768x1034.jpg 768w, https:\/\/www.bc-maps.com\/wp-content\/uploads\/2024\/12\/NUEVA-ZELANDA-VECTOR-MAP.jpg 779w\" sizes=\"auto, (max-width: 276px) 100vw, 276px\" \/><figcaption id=\"caption-attachment-7023\" class=\"wp-caption-text\">mapa vectorial illustator eps Nueva Zelanda<\/figcaption><\/figure>\n<div class=\"flex max-w-full flex-col flex-grow\">\n<div class=\"min-h-8 text-message flex w-full flex-col items-end gap-2 whitespace-normal break-words [.text-message+&amp;]:mt-5\" dir=\"auto\" data-message-author-role=\"assistant\" data-message-id=\"378438c5-a0a7-4070-8319-06729f3c7fa1\" data-message-model-slug=\"gpt-4o\">\n<div class=\"flex w-full flex-col gap-1 empty:hidden first:pt-[3px]\">\n<div class=\"markdown prose w-full break-words dark:prose-invert light\">\n<p><strong>Nueva Zelanda<\/strong>, ubicada en el suroeste del Pac\u00edfico, es un pa\u00eds insular famoso por su naturaleza espectacular, su rica cultura maor\u00ed y su calidad de vida. Compuesta por dos islas principales, la Isla Norte y la Isla Sur, ofrece paisajes diversos, desde monta\u00f1as nevadas y fiordos hasta playas y bosques subtropicales.<\/p>\n<p>Su capital es <strong>Wellington<\/strong>, aunque <strong>Auckland<\/strong> es la ciudad m\u00e1s poblada. El pa\u00eds es conocido por su biodiversidad \u00fanica, incluidos los ic\u00f3nicos kiwis (aves no voladoras) y por ser el escenario de la trilog\u00eda de <em>El Se\u00f1or de los Anillos<\/em>.<\/p>\n<p>Nueva Zelanda destaca por su cultura maor\u00ed, visible en su idioma, arte y tradiciones. Es tambi\u00e9n un destino ideal para actividades al aire libre, como senderismo, esqu\u00ed y deportes acu\u00e1ticos.<\/p>\n<\/div>\n<\/div>\n<\/div>\n<\/div>\n<p>El contenido de informaci\u00f3n depender\u00e1 del tama\u00f1o de la zona y la escala o medidas de reproducci\u00f3n, ya que no trabajamos con textos inferiores a 5 puntos para que sean legibles.<\/p>\n","protected":false},"excerpt":{"rendered":"<p>Mapas vectoriales de Nueva Zelanda Mapas editables eps illustrator politicos y de carreteras de Nueva Zelanda Mapas digitales de regiones de Nueva Zelanda Podemos crear cualquier tipo de mapa de Nueva Zelanda, mapas parciales, mapas generales, mapas tem\u00e1ticos\u2026etc. los mapas se entregan en formato vectorial editable, normalmente en illustrator o eps Nueva Zelanda, ubicada en &hellip; <a href=\"https:\/\/www.bc-maps.com\/mapa-vectorial-eps\/illustrator-nueva-zelanda\/\" class=\"more-link\">Seguir leyendo <span class=\"screen-reader-text\">Nueva Zelanda mapa politico en eps Illustrator<\/span> <span class=\"meta-nav\">&rarr;<\/span><\/a><\/p>\n","protected":false},"author":1,"featured_media":7023,"parent":0,"menu_order":0,"comment_status":"closed","ping_status":"closed","template":"","meta":{"footnotes":""},"class_list":["post-1429","page","type-page","status-publish","has-post-thumbnail","hentry"],"_links":{"self":[{"href":"https:\/\/www.bc-maps.com\/mapa-vectorial-eps\/wp-json\/wp\/v2\/pages\/1429","targetHints":{"allow":["GET"]}}],"collection":[{"href":"https:\/\/www.bc-maps.com\/mapa-vectorial-eps\/wp-json\/wp\/v2\/pages"}],"about":[{"href":"https:\/\/www.bc-maps.com\/mapa-vectorial-eps\/wp-json\/wp\/v2\/types\/page"}],"author":[{"embeddable":true,"href":"https:\/\/www.bc-maps.com\/mapa-vectorial-eps\/wp-json\/wp\/v2\/users\/1"}],"replies":[{"embeddable":true,"href":"https:\/\/www.bc-maps.com\/mapa-vectorial-eps\/wp-json\/wp\/v2\/comments?post=1429"}],"version-history":[{"count":2,"href":"https:\/\/www.bc-maps.com\/mapa-vectorial-eps\/wp-json\/wp\/v2\/pages\/1429\/revisions"}],"predecessor-version":[{"id":7025,"href":"https:\/\/www.bc-maps.com\/mapa-vectorial-eps\/wp-json\/wp\/v2\/pages\/1429\/revisions\/7025"}],"wp:featuredmedia":[{"embeddable":true,"href":"https:\/\/www.bc-maps.com\/mapa-vectorial-eps\/wp-json\/wp\/v2\/media\/7023"}],"wp:attachment":[{"href":"https:\/\/www.bc-maps.com\/mapa-vectorial-eps\/wp-json\/wp\/v2\/media?parent=1429"}],"curies":[{"name":"wp","href":"https:\/\/api.w.org\/{rel}","templated":true}]}}