{"id":1382,"date":"2012-06-12T09:43:22","date_gmt":"2012-06-12T07:43:22","guid":{"rendered":"http:\/\/www.bc-maps.com\/mapa-vectorial-eps\/"},"modified":"2024-12-02T16:08:13","modified_gmt":"2024-12-02T16:08:13","slug":"vector-map-illustrator-portugal-politico","status":"publish","type":"page","link":"https:\/\/www.bc-maps.com\/mapa-vectorial-eps\/vector-map-illustrator-portugal-politico\/","title":{"rendered":"Portugal mapa politico y carreteras en Illustrator"},"content":{"rendered":"<h1>Mapas vectoriales de Portugal<\/h1>\n<h2>Mapas editables eps illustrator politicos y de carreteras de Portugal<\/h2>\n<h3>Mapas digitales de regiones y provincias de Portugal<\/h3>\n<p>Podemos crear cualquier tipo de mapa de Portugal, mapas parciales, mapas generales, mapas tem\u00e1ticos\u2026etc.<\/p>\n<figure id=\"attachment_3948\" aria-describedby=\"caption-attachment-3948\" style=\"width: 254px\" class=\"wp-caption alignnone\"><a href=\"https:\/\/www.bc-maps.com\/wp-content\/uploads\/2012\/09\/Portugal-mapa-vectorial-illustrator-eps.jpg\" target=\"_blank\" rel=\"noopener\"><img loading=\"lazy\" decoding=\"async\" class=\"wp-image-3948\" title=\"Portugal mapa vectorial illustrator eps\" src=\"https:\/\/www.bc-maps.com\/wp-content\/uploads\/2012\/09\/Portugal-mapa-vectorial-illustrator-eps-201x300.jpg\" alt=\"Portugal mapa vectorial illustrator eps\" width=\"254\" height=\"379\" srcset=\"https:\/\/www.bc-maps.com\/wp-content\/uploads\/2012\/09\/Portugal-mapa-vectorial-illustrator-eps-201x300.jpg 201w, https:\/\/www.bc-maps.com\/wp-content\/uploads\/2012\/09\/Portugal-mapa-vectorial-illustrator-eps-768x1145.jpg 768w, https:\/\/www.bc-maps.com\/wp-content\/uploads\/2012\/09\/Portugal-mapa-vectorial-illustrator-eps-687x1024.jpg 687w\" sizes=\"auto, (max-width: 254px) 100vw, 254px\" \/><\/a><figcaption id=\"caption-attachment-3948\" class=\"wp-caption-text\">Portugal mapa vectorial illustrator eps<\/figcaption><\/figure>\n<figure id=\"attachment_3220\" aria-describedby=\"caption-attachment-3220\" style=\"width: 204px\" class=\"wp-caption alignnone\"><a href=\"https:\/\/www.bc-maps.com\/wp-content\/uploads\/2012\/06\/GALICIA-Y-NORTE-PORTUGAL.jpg\" target=\"_blank\" rel=\"noopener\"><img loading=\"lazy\" decoding=\"async\" class=\"wp-image-3220 size-medium\" title=\"Mapa vectorial Portugal &amp; Galicia illustrator eps editable\" src=\"https:\/\/www.bc-maps.com\/wp-content\/uploads\/2012\/06\/GALICIA-Y-NORTE-PORTUGAL-204x300.jpg\" alt=\"Mapa vectorial Portugal &amp; Galicia illustrator eps editable\" width=\"204\" height=\"300\" srcset=\"https:\/\/www.bc-maps.com\/wp-content\/uploads\/2012\/06\/GALICIA-Y-NORTE-PORTUGAL-204x300.jpg 204w, https:\/\/www.bc-maps.com\/wp-content\/uploads\/2012\/06\/GALICIA-Y-NORTE-PORTUGAL-768x1131.jpg 768w, https:\/\/www.bc-maps.com\/wp-content\/uploads\/2012\/06\/GALICIA-Y-NORTE-PORTUGAL-695x1024.jpg 695w, https:\/\/www.bc-maps.com\/wp-content\/uploads\/2012\/06\/GALICIA-Y-NORTE-PORTUGAL.jpg 1796w\" sizes=\"auto, (max-width: 204px) 100vw, 204px\" \/><\/a><figcaption id=\"caption-attachment-3220\" class=\"wp-caption-text\">Mapa vectorial Portugal &amp; Galicia illustrator eps editable<\/figcaption><\/figure>\n<p>El contenido de informaci\u00f3n depender\u00e1 del tama\u00f1o de la zona y la escala o medidas de reproducci\u00f3n, ya que no trabajamos con textos inferiores a 5 puntos para que sean legibles.<\/p>\n","protected":false},"excerpt":{"rendered":"<p>Mapas vectoriales de Portugal Mapas editables eps illustrator politicos y de carreteras de Portugal Mapas digitales de regiones y provincias de Portugal Podemos crear cualquier tipo de mapa de Portugal, mapas parciales, mapas generales, mapas tem\u00e1ticos\u2026etc. El contenido de informaci\u00f3n depender\u00e1 del tama\u00f1o de la zona y la escala o medidas de reproducci\u00f3n, ya que &hellip; <a href=\"https:\/\/www.bc-maps.com\/mapa-vectorial-eps\/vector-map-illustrator-portugal-politico\/\" class=\"more-link\">Seguir leyendo <span class=\"screen-reader-text\">Portugal mapa politico y carreteras en Illustrator<\/span> <span class=\"meta-nav\">&rarr;<\/span><\/a><\/p>\n","protected":false},"author":1,"featured_media":3220,"parent":0,"menu_order":0,"comment_status":"closed","ping_status":"closed","template":"","meta":{"footnotes":""},"class_list":["post-1382","page","type-page","status-publish","has-post-thumbnail","hentry"],"_links":{"self":[{"href":"https:\/\/www.bc-maps.com\/mapa-vectorial-eps\/wp-json\/wp\/v2\/pages\/1382","targetHints":{"allow":["GET"]}}],"collection":[{"href":"https:\/\/www.bc-maps.com\/mapa-vectorial-eps\/wp-json\/wp\/v2\/pages"}],"about":[{"href":"https:\/\/www.bc-maps.com\/mapa-vectorial-eps\/wp-json\/wp\/v2\/types\/page"}],"author":[{"embeddable":true,"href":"https:\/\/www.bc-maps.com\/mapa-vectorial-eps\/wp-json\/wp\/v2\/users\/1"}],"replies":[{"embeddable":true,"href":"https:\/\/www.bc-maps.com\/mapa-vectorial-eps\/wp-json\/wp\/v2\/comments?post=1382"}],"version-history":[{"count":3,"href":"https:\/\/www.bc-maps.com\/mapa-vectorial-eps\/wp-json\/wp\/v2\/pages\/1382\/revisions"}],"predecessor-version":[{"id":6982,"href":"https:\/\/www.bc-maps.com\/mapa-vectorial-eps\/wp-json\/wp\/v2\/pages\/1382\/revisions\/6982"}],"wp:featuredmedia":[{"embeddable":true,"href":"https:\/\/www.bc-maps.com\/mapa-vectorial-eps\/wp-json\/wp\/v2\/media\/3220"}],"wp:attachment":[{"href":"https:\/\/www.bc-maps.com\/mapa-vectorial-eps\/wp-json\/wp\/v2\/media?parent=1382"}],"curies":[{"name":"wp","href":"https:\/\/api.w.org\/{rel}","templated":true}]}}