{"id":1377,"date":"2012-06-12T09:43:16","date_gmt":"2012-06-12T09:43:16","guid":{"rendered":"http:\/\/www.bc-maps.com\/mapa-vectorial-eps\/"},"modified":"2018-10-04T16:34:07","modified_gmt":"2018-10-04T16:34:07","slug":"illustrator-paises-bajos","status":"publish","type":"page","link":"https:\/\/www.bc-maps.com\/mapa-vectorial-eps\/mapas-vectoriales\/mapas-de-europa\/paises-de-europa\/illustrator-paises-bajos\/","title":{"rendered":"Paises Bajos mapa politico y carreteras en Illustrator"},"content":{"rendered":"<h1>Mapas vectoriales de los Paises Bajos<\/h1>\n<h2>Planos editables eps illustrator politicos y de carreteras de los Paises Bajos<\/h2>\n<h3>Mapas digitales de regiones y lands de los Paises Bajos<\/h3>\n<p>Podemos crear cualquier tipo de mapa de los Paises Bajos, mapas parciales, mapas generales, mapas tem\u00e1ticos\u2026etc.<\/p>\n<p>El contenido de informaci\u00f3n depender\u00e1 del tama\u00f1o de la zona y la escala o medidas de reproducci\u00f3n, ya que no trabajamos con textos inferiores a 5 puntos para que sean legibles.<\/p>\n<p>Los mapas\u00a0est\u00e1n creados con licencias oficiales de programas de <a href=\"http:\/\/www.adobe.com\/es\">Adobe,<\/a> habitualmente entregamos en version CC.<\/p>\n<figure id=\"attachment_3214\" aria-describedby=\"caption-attachment-3214\" style=\"width: 300px\" class=\"wp-caption alignnone\"><a href=\"http:\/\/www.bc-maps.com\/wp-content\/uploads\/2012\/06\/Paises-Bajos-mapa-vectorial-illustrator-eps.jpg\" target=\"_blank\" rel=\"Bajos Paises eps illustrator mapa noopener vectorial\"><img loading=\"lazy\" decoding=\"async\" class=\"Paises Bajos mapa vectorial illustrator eps wp-image-3214 size-medium\" title=\"Paises Bajos mapa vectorial illustrator eps\" src=\"http:\/\/www.bc-maps.com\/wp-content\/uploads\/2012\/06\/Paises-Bajos-mapa-vectorial-illustrator-eps-300x300.jpg\" alt=\"Paises Bajos mapa vectorial illustrator eps\" width=\"300\" height=\"300\" srcset=\"https:\/\/www.bc-maps.com\/wp-content\/uploads\/2012\/06\/Paises-Bajos-mapa-vectorial-illustrator-eps-300x300.jpg 300w, https:\/\/www.bc-maps.com\/wp-content\/uploads\/2012\/06\/Paises-Bajos-mapa-vectorial-illustrator-eps-150x150.jpg 150w, https:\/\/www.bc-maps.com\/wp-content\/uploads\/2012\/06\/Paises-Bajos-mapa-vectorial-illustrator-eps-768x770.jpg 768w, https:\/\/www.bc-maps.com\/wp-content\/uploads\/2012\/06\/Paises-Bajos-mapa-vectorial-illustrator-eps-1021x1024.jpg 1021w, https:\/\/www.bc-maps.com\/wp-content\/uploads\/2012\/06\/Paises-Bajos-mapa-vectorial-illustrator-eps.jpg 1384w\" sizes=\"auto, (max-width: 300px) 100vw, 300px\" \/><\/a><figcaption id=\"caption-attachment-3214\" class=\"wp-caption-text\">Paises Bajos mapa vectorial illustrator eps<\/figcaption><\/figure>\n","protected":false},"excerpt":{"rendered":"<p>Mapas vectoriales de los Paises Bajos Planos editables eps illustrator politicos y de carreteras de los Paises Bajos Mapas digitales de regiones y lands de los Paises Bajos Podemos crear cualquier tipo de mapa de los Paises Bajos, mapas parciales, mapas generales, mapas tem\u00e1ticos\u2026etc. El contenido de informaci\u00f3n depender\u00e1 del tama\u00f1o de la zona y &hellip; <a href=\"https:\/\/www.bc-maps.com\/mapa-vectorial-eps\/mapas-vectoriales\/mapas-de-europa\/paises-de-europa\/illustrator-paises-bajos\/\" class=\"more-link\">Seguir leyendo <span class=\"screen-reader-text\">Paises Bajos mapa politico y carreteras en Illustrator<\/span> <span class=\"meta-nav\">&rarr;<\/span><\/a><\/p>\n","protected":false},"author":1,"featured_media":0,"parent":3616,"menu_order":0,"comment_status":"closed","ping_status":"closed","template":"","meta":{"footnotes":""},"class_list":["post-1377","page","type-page","status-publish","hentry"],"_links":{"self":[{"href":"https:\/\/www.bc-maps.com\/mapa-vectorial-eps\/wp-json\/wp\/v2\/pages\/1377","targetHints":{"allow":["GET"]}}],"collection":[{"href":"https:\/\/www.bc-maps.com\/mapa-vectorial-eps\/wp-json\/wp\/v2\/pages"}],"about":[{"href":"https:\/\/www.bc-maps.com\/mapa-vectorial-eps\/wp-json\/wp\/v2\/types\/page"}],"author":[{"embeddable":true,"href":"https:\/\/www.bc-maps.com\/mapa-vectorial-eps\/wp-json\/wp\/v2\/users\/1"}],"replies":[{"embeddable":true,"href":"https:\/\/www.bc-maps.com\/mapa-vectorial-eps\/wp-json\/wp\/v2\/comments?post=1377"}],"version-history":[{"count":4,"href":"https:\/\/www.bc-maps.com\/mapa-vectorial-eps\/wp-json\/wp\/v2\/pages\/1377\/revisions"}],"predecessor-version":[{"id":3685,"href":"https:\/\/www.bc-maps.com\/mapa-vectorial-eps\/wp-json\/wp\/v2\/pages\/1377\/revisions\/3685"}],"up":[{"embeddable":true,"href":"https:\/\/www.bc-maps.com\/mapa-vectorial-eps\/wp-json\/wp\/v2\/pages\/3616"}],"wp:attachment":[{"href":"https:\/\/www.bc-maps.com\/mapa-vectorial-eps\/wp-json\/wp\/v2\/media?parent=1377"}],"curies":[{"name":"wp","href":"https:\/\/api.w.org\/{rel}","templated":true}]}}