{"id":1362,"date":"2012-06-12T09:42:44","date_gmt":"2012-06-12T09:42:44","guid":{"rendered":"http:\/\/www.bc-maps.com\/mapa-vectorial-eps\/"},"modified":"2023-06-16T10:45:28","modified_gmt":"2023-06-16T10:45:28","slug":"mapa-vectorial-espana-carreteras-illustrator","status":"publish","type":"page","link":"https:\/\/www.bc-maps.com\/mapa-vectorial-eps\/mapa-vectorial-espana-carreteras-illustrator\/","title":{"rendered":"Espa\u00f1a mapa politico y carreteras en Illustrator"},"content":{"rendered":"<h1>Mapas vectoriales de Espa\u00f1a<\/h1>\n<h2>Planos\u00a0editables eps illustrator politicos y de carreteras de Espa\u00f1a<\/h2>\n<h3>Mapas digitales de Comunidades y provincias de Espa\u00f1a<\/h3>\n<p>Podemos crear cualquier tipo de mapa de Espa\u00f1a, mapas parciales, mapas generales, mapas tem\u00e1ticos\u2026etc.<\/p>\n<p>Un <strong>mapa vectorial en illustrator eps<\/strong> de <strong>Espa\u00f1a<\/strong> es un archivo digital que representa gr\u00e1ficamente la geograf\u00eda, la infraestructura y otros elementos geoespaciales del pa\u00eds en forma de vectores.<\/p>\n<p>Los mapas se entregan en formatos editables <strong><a href=\"http:\/\/www.adobe.es\">adobe<\/a> illustrator, eps<\/strong><\/p>\n<p>Estas son algunas de las caracter\u00edsticas comunes de un mapa vectorial:<\/p>\n<p>1. Escalabilidad: Los mapas vectoriales son escalables, lo que significa que se pueden ampliar o reducir sin perder calidad.<\/p>\n<p>2. Geometr\u00eda precisa: Los elementos en un mapa vectorial se representan mediante formas geom\u00e9tricas, como l\u00edneas, puntos y pol\u00edgonos. Estas formas se definen matem\u00e1ticamente, lo que garantiza una representaci\u00f3n precisa de la geograf\u00eda y las caracter\u00edsticas del terreno.<\/p>\n<p>3. Capas y atributos: Un mapa vectorial puede contener diferentes capas que representan diferentes tipos de informaci\u00f3n, como carreteras, r\u00edos, edificios, \u00e1reas verdes, entre otros. .<\/p>\n<p>4. Edici\u00f3n y personalizaci\u00f3n: Los mapas vectoriales son editables, lo que permite agregar, eliminar o modificar elementos seg\u00fan las necesidades del usuario. Tambi\u00e9n se pueden personalizar mediante la selecci\u00f3n de colores, estilos de l\u00ednea y s\u00edmbolos.<\/p>\n<p>5. Compatibilidad: Los mapas vectoriales suelen estar disponibles en formatos est\u00e1ndar, como SVG (Scalable Vector Graphics), AI (Adobe Illustrator), EPS (Encapsulated PostScript) o DXF (Drawing Exchange Format), lo que permite su visualizaci\u00f3n y edici\u00f3n en diferentes software de dise\u00f1o y cartograf\u00eda.<\/p>\n<p>Estas caracter\u00edsticas hacen que los mapas vectoriales sean \u00fatiles para an\u00e1lisis espacial, planificaci\u00f3n urbana, navegaci\u00f3n, representaci\u00f3n cartogr\u00e1fica y otras aplicaciones donde la precisi\u00f3n y la flexibilidad son importantes.<\/p>\n<p>El contenido de informaci\u00f3n depender\u00e1 del tama\u00f1o de la zona y la escala o medidas de reproducci\u00f3n, ya que no trabajamos con textos inferiores a 5 puntos para que sean legibles.<\/p>\n<figure id=\"attachment_2950\" aria-describedby=\"caption-attachment-2950\" style=\"width: 300px\" class=\"wp-caption alignnone\"><a href=\"http:\/\/www.bc-maps.com\/wp-content\/uploads\/2012\/06\/ESPA\u00d1A-MAPA-CARRTERAS.jpg\" target=\"_blank\" rel=\"noopener noreferrer\"><img loading=\"lazy\" decoding=\"async\" class=\"Mapa vectorial illustrator eps Espa\u00f1a wp-image-2950 size-medium\" title=\"Mapa vectorial illustrator eps Espa\u00f1a \" src=\"http:\/\/www.bc-maps.com\/wp-content\/uploads\/2012\/06\/ESPA\u00d1A-MAPA-CARRTERAS-300x196.jpg\" alt=\"Mapa vectorial illustrator eps Espa\u00f1a \" width=\"300\" height=\"196\" srcset=\"https:\/\/www.bc-maps.com\/wp-content\/uploads\/2012\/06\/ESPA\u00d1A-MAPA-CARRTERAS-300x196.jpg 300w, https:\/\/www.bc-maps.com\/wp-content\/uploads\/2012\/06\/ESPA\u00d1A-MAPA-CARRTERAS-768x502.jpg 768w, https:\/\/www.bc-maps.com\/wp-content\/uploads\/2012\/06\/ESPA\u00d1A-MAPA-CARRTERAS-1024x669.jpg 1024w\" sizes=\"auto, (max-width: 300px) 100vw, 300px\" \/><\/a><figcaption id=\"caption-attachment-2950\" class=\"wp-caption-text\">Mapa vectorial illustrator eps Espa\u00f1a<\/figcaption><\/figure>\n","protected":false},"excerpt":{"rendered":"<p>Mapas vectoriales de Espa\u00f1a Planos\u00a0editables eps illustrator politicos y de carreteras de Espa\u00f1a Mapas digitales de Comunidades y provincias de Espa\u00f1a Podemos crear cualquier tipo de mapa de Espa\u00f1a, mapas parciales, mapas generales, mapas tem\u00e1ticos\u2026etc. Un mapa vectorial en illustrator eps de Espa\u00f1a es un archivo digital que representa gr\u00e1ficamente la geograf\u00eda, la infraestructura y &hellip; <a href=\"https:\/\/www.bc-maps.com\/mapa-vectorial-eps\/mapa-vectorial-espana-carreteras-illustrator\/\" class=\"more-link\">Seguir leyendo <span class=\"screen-reader-text\">Espa\u00f1a mapa politico y carreteras en Illustrator<\/span> <span class=\"meta-nav\">&rarr;<\/span><\/a><\/p>\n","protected":false},"author":1,"featured_media":3185,"parent":0,"menu_order":0,"comment_status":"closed","ping_status":"closed","template":"","meta":{"footnotes":""},"class_list":["post-1362","page","type-page","status-publish","has-post-thumbnail","hentry"],"_links":{"self":[{"href":"https:\/\/www.bc-maps.com\/mapa-vectorial-eps\/wp-json\/wp\/v2\/pages\/1362","targetHints":{"allow":["GET"]}}],"collection":[{"href":"https:\/\/www.bc-maps.com\/mapa-vectorial-eps\/wp-json\/wp\/v2\/pages"}],"about":[{"href":"https:\/\/www.bc-maps.com\/mapa-vectorial-eps\/wp-json\/wp\/v2\/types\/page"}],"author":[{"embeddable":true,"href":"https:\/\/www.bc-maps.com\/mapa-vectorial-eps\/wp-json\/wp\/v2\/users\/1"}],"replies":[{"embeddable":true,"href":"https:\/\/www.bc-maps.com\/mapa-vectorial-eps\/wp-json\/wp\/v2\/comments?post=1362"}],"version-history":[{"count":8,"href":"https:\/\/www.bc-maps.com\/mapa-vectorial-eps\/wp-json\/wp\/v2\/pages\/1362\/revisions"}],"predecessor-version":[{"id":5333,"href":"https:\/\/www.bc-maps.com\/mapa-vectorial-eps\/wp-json\/wp\/v2\/pages\/1362\/revisions\/5333"}],"wp:featuredmedia":[{"embeddable":true,"href":"https:\/\/www.bc-maps.com\/mapa-vectorial-eps\/wp-json\/wp\/v2\/media\/3185"}],"wp:attachment":[{"href":"https:\/\/www.bc-maps.com\/mapa-vectorial-eps\/wp-json\/wp\/v2\/media?parent=1362"}],"curies":[{"name":"wp","href":"https:\/\/api.w.org\/{rel}","templated":true}]}}