{"id":1357,"date":"2012-06-12T09:42:16","date_gmt":"2012-06-12T09:42:16","guid":{"rendered":"http:\/\/www.bc-maps.com\/mapa-vectorial-eps\/"},"modified":"2018-10-04T13:53:13","modified_gmt":"2018-10-04T13:53:13","slug":"belgica-ilustrator","status":"publish","type":"page","link":"https:\/\/www.bc-maps.com\/mapa-vectorial-eps\/mapas-vectoriales\/mapas-de-europa\/paises-de-europa\/belgica-ilustrator\/","title":{"rendered":"Belgica mapa politico y carreteras en Illustrator"},"content":{"rendered":"<h1>Mapas vectoriales de Belgica<\/h1>\n<h2>Planos\u00a0editables eps illustrator politicos y de carreteras de Belgica<\/h2>\n<h3>Mapas digitales de regiones y provincias de Belgica, Flandes y Valonia<\/h3>\n<p>Podemos crear cualquier tipo de mapa de Belgica, mapas parciales, mapas generales, mapas tem\u00e1ticos\u2026etc.<\/p>\n<p>Los mapas se entregan en formatos editables <a href=\"http:\/\/www.adobe.es\">adobe<\/a> illustrator, eps, corel, freehand.<\/p>\n<p>El contenido de informaci\u00f3n depender\u00e1 del tama\u00f1o de la zona y la escala o medidas de reproducci\u00f3n, ya que no trabajamos con textos inferiores a 5 puntos para que sean legibles.<\/p>\n<figure id=\"attachment_2907\" aria-describedby=\"caption-attachment-2907\" style=\"width: 300px\" class=\"wp-caption alignnone\"><a href=\"http:\/\/www.bc-maps.com\/wp-content\/uploads\/2012\/06\/Belgica-mapa-vectorial-illustrator-eps.jpg\" target=\"_blank\" rel=\"noopener noreferrer\"><img loading=\"lazy\" decoding=\"async\" class=\"wp-image-2907 size-medium\" title=\"Belgica mapa vectorial illustrator eps\" src=\"http:\/\/www.bc-maps.com\/wp-content\/uploads\/2012\/06\/Belgica-mapa-vectorial-illustrator-eps-300x214.jpg\" alt=\"Belgica mapa vectorial illustrator eps\" width=\"300\" height=\"214\" srcset=\"https:\/\/www.bc-maps.com\/wp-content\/uploads\/2012\/06\/Belgica-mapa-vectorial-illustrator-eps-300x214.jpg 300w, https:\/\/www.bc-maps.com\/wp-content\/uploads\/2012\/06\/Belgica-mapa-vectorial-illustrator-eps-768x549.jpg 768w, https:\/\/www.bc-maps.com\/wp-content\/uploads\/2012\/06\/Belgica-mapa-vectorial-illustrator-eps-1024x731.jpg 1024w\" sizes=\"auto, (max-width: 300px) 100vw, 300px\" \/><\/a><figcaption id=\"caption-attachment-2907\" class=\"wp-caption-text\">Belgica mapa vectorial illustrator eps<\/figcaption><\/figure>\n<figure id=\"attachment_2908\" aria-describedby=\"caption-attachment-2908\" style=\"width: 300px\" class=\"wp-caption alignnone\"><a href=\"http:\/\/www.bc-maps.com\/wp-content\/uploads\/2012\/06\/BRUSELAS.jpg\" target=\"_blank\" rel=\"noopener noreferrer\"><img loading=\"lazy\" decoding=\"async\" class=\"wp-image-2908 size-medium\" title=\"Bruselas mapa vectorial illustrator eps\" src=\"http:\/\/www.bc-maps.com\/wp-content\/uploads\/2012\/06\/BRUSELAS-300x202.jpg\" alt=\"Bruselas mapa vectorial illustrator eps\" width=\"300\" height=\"202\" srcset=\"https:\/\/www.bc-maps.com\/wp-content\/uploads\/2012\/06\/BRUSELAS-300x202.jpg 300w, https:\/\/www.bc-maps.com\/wp-content\/uploads\/2012\/06\/BRUSELAS-768x517.jpg 768w, https:\/\/www.bc-maps.com\/wp-content\/uploads\/2012\/06\/BRUSELAS-1024x689.jpg 1024w, https:\/\/www.bc-maps.com\/wp-content\/uploads\/2012\/06\/BRUSELAS.jpg 1374w\" sizes=\"auto, (max-width: 300px) 100vw, 300px\" \/><\/a><figcaption id=\"caption-attachment-2908\" class=\"wp-caption-text\">Bruselas mapa vectorial illustrator eps<\/figcaption><\/figure>\n","protected":false},"excerpt":{"rendered":"<p>Mapas vectoriales de Belgica Planos\u00a0editables eps illustrator politicos y de carreteras de Belgica Mapas digitales de regiones y provincias de Belgica, Flandes y Valonia Podemos crear cualquier tipo de mapa de Belgica, mapas parciales, mapas generales, mapas tem\u00e1ticos\u2026etc. Los mapas se entregan en formatos editables adobe illustrator, eps, corel, freehand. El contenido de informaci\u00f3n depender\u00e1 &hellip; <a href=\"https:\/\/www.bc-maps.com\/mapa-vectorial-eps\/mapas-vectoriales\/mapas-de-europa\/paises-de-europa\/belgica-ilustrator\/\" class=\"more-link\">Seguir leyendo <span class=\"screen-reader-text\">Belgica mapa politico y carreteras en Illustrator<\/span> <span class=\"meta-nav\">&rarr;<\/span><\/a><\/p>\n","protected":false},"author":1,"featured_media":0,"parent":3616,"menu_order":0,"comment_status":"closed","ping_status":"closed","template":"","meta":{"footnotes":""},"class_list":["post-1357","page","type-page","status-publish","hentry"],"_links":{"self":[{"href":"https:\/\/www.bc-maps.com\/mapa-vectorial-eps\/wp-json\/wp\/v2\/pages\/1357","targetHints":{"allow":["GET"]}}],"collection":[{"href":"https:\/\/www.bc-maps.com\/mapa-vectorial-eps\/wp-json\/wp\/v2\/pages"}],"about":[{"href":"https:\/\/www.bc-maps.com\/mapa-vectorial-eps\/wp-json\/wp\/v2\/types\/page"}],"author":[{"embeddable":true,"href":"https:\/\/www.bc-maps.com\/mapa-vectorial-eps\/wp-json\/wp\/v2\/users\/1"}],"replies":[{"embeddable":true,"href":"https:\/\/www.bc-maps.com\/mapa-vectorial-eps\/wp-json\/wp\/v2\/comments?post=1357"}],"version-history":[{"count":5,"href":"https:\/\/www.bc-maps.com\/mapa-vectorial-eps\/wp-json\/wp\/v2\/pages\/1357\/revisions"}],"predecessor-version":[{"id":3277,"href":"https:\/\/www.bc-maps.com\/mapa-vectorial-eps\/wp-json\/wp\/v2\/pages\/1357\/revisions\/3277"}],"up":[{"embeddable":true,"href":"https:\/\/www.bc-maps.com\/mapa-vectorial-eps\/wp-json\/wp\/v2\/pages\/3616"}],"wp:attachment":[{"href":"https:\/\/www.bc-maps.com\/mapa-vectorial-eps\/wp-json\/wp\/v2\/media?parent=1357"}],"curies":[{"name":"wp","href":"https:\/\/api.w.org\/{rel}","templated":true}]}}