{"id":1340,"date":"2012-06-12T09:30:21","date_gmt":"2012-06-12T09:30:21","guid":{"rendered":"http:\/\/www.bc-maps.com\/mapa-vectorial-eps\/"},"modified":"2018-10-04T15:21:36","modified_gmt":"2018-10-04T15:21:36","slug":"florencia-ilustrator","status":"publish","type":"page","link":"https:\/\/www.bc-maps.com\/mapa-vectorial-eps\/mapas-vectoriales\/mapas-de-europa\/ciudades\/florencia-ilustrator\/","title":{"rendered":"Mapa en Illustrator de Florencia"},"content":{"rendered":"<h1>Planos y mapas vectoriales de Florencia<\/h1>\n<h2>Mapas vectoriales editables con de las calles de Florencia<\/h2>\n<h3>Planos vectoriales de ciudades de Italia<\/h3>\n<p>Podemos crear cualquier tipo de mapa de la ciudad de Florencia, planos parciales, planos generales, planos de detalle\u2026etc.\u00a0en <a href=\"http:\/\/www.adobe.com\/es\">adobe illustrator<\/a><\/p>\n<p>Formatos editables, textos y colores, estructurados por medio de capas de informaci\u00f3n, illustrator, eps, pdf, svg, freehand.<\/p>\n<div class=\"mceTemp\"><\/div>\n<figure id=\"attachment_3097\" aria-describedby=\"caption-attachment-3097\" style=\"width: 300px\" class=\"wp-caption alignnone\"><a href=\"http:\/\/www.bc-maps.com\/wp-content\/uploads\/2012\/06\/MAPA-FLORENCIA-VECTORIAL-1.jpg\" target=\"_blank\" rel=\"noopener noreferrer\"><img loading=\"lazy\" decoding=\"async\" class=\"wp-image-3097 size-medium\" title=\"Florencia mapa vectorial illustrator eps\" src=\"http:\/\/www.bc-maps.com\/wp-content\/uploads\/2012\/06\/MAPA-FLORENCIA-VECTORIAL-1-300x212.jpg\" alt=\"Florencia mapa vectorial illustrator eps\" width=\"300\" height=\"212\" srcset=\"https:\/\/www.bc-maps.com\/wp-content\/uploads\/2012\/06\/MAPA-FLORENCIA-VECTORIAL-1-300x212.jpg 300w, https:\/\/www.bc-maps.com\/wp-content\/uploads\/2012\/06\/MAPA-FLORENCIA-VECTORIAL-1-768x544.jpg 768w, https:\/\/www.bc-maps.com\/wp-content\/uploads\/2012\/06\/MAPA-FLORENCIA-VECTORIAL-1-1024x725.jpg 1024w, https:\/\/www.bc-maps.com\/wp-content\/uploads\/2012\/06\/MAPA-FLORENCIA-VECTORIAL-1.jpg 1593w\" sizes=\"auto, (max-width: 300px) 100vw, 300px\" \/><\/a><figcaption id=\"caption-attachment-3097\" class=\"wp-caption-text\">Florencia mapa vectorial illustrator eps<\/figcaption><\/figure>\n<p>El contenido de informaci\u00f3n depender\u00e1 del tama\u00f1o de la zona y la escala o medidas de reproducci\u00f3n, ya que no trabajamos con textos inferiores a 5 puntos para que sean legibles.<\/p>\n","protected":false},"excerpt":{"rendered":"<p>Planos y mapas vectoriales de Florencia Mapas vectoriales editables con de las calles de Florencia Planos vectoriales de ciudades de Italia Podemos crear cualquier tipo de mapa de la ciudad de Florencia, planos parciales, planos generales, planos de detalle\u2026etc.\u00a0en adobe illustrator Formatos editables, textos y colores, estructurados por medio de capas de informaci\u00f3n, illustrator, eps, &hellip; <a href=\"https:\/\/www.bc-maps.com\/mapa-vectorial-eps\/mapas-vectoriales\/mapas-de-europa\/ciudades\/florencia-ilustrator\/\" class=\"more-link\">Seguir leyendo <span class=\"screen-reader-text\">Mapa en Illustrator de Florencia<\/span> <span class=\"meta-nav\">&rarr;<\/span><\/a><\/p>\n","protected":false},"author":1,"featured_media":0,"parent":3611,"menu_order":0,"comment_status":"closed","ping_status":"closed","template":"","meta":{"footnotes":""},"class_list":["post-1340","page","type-page","status-publish","hentry"],"_links":{"self":[{"href":"https:\/\/www.bc-maps.com\/mapa-vectorial-eps\/wp-json\/wp\/v2\/pages\/1340","targetHints":{"allow":["GET"]}}],"collection":[{"href":"https:\/\/www.bc-maps.com\/mapa-vectorial-eps\/wp-json\/wp\/v2\/pages"}],"about":[{"href":"https:\/\/www.bc-maps.com\/mapa-vectorial-eps\/wp-json\/wp\/v2\/types\/page"}],"author":[{"embeddable":true,"href":"https:\/\/www.bc-maps.com\/mapa-vectorial-eps\/wp-json\/wp\/v2\/users\/1"}],"replies":[{"embeddable":true,"href":"https:\/\/www.bc-maps.com\/mapa-vectorial-eps\/wp-json\/wp\/v2\/comments?post=1340"}],"version-history":[{"count":4,"href":"https:\/\/www.bc-maps.com\/mapa-vectorial-eps\/wp-json\/wp\/v2\/pages\/1340\/revisions"}],"predecessor-version":[{"id":3652,"href":"https:\/\/www.bc-maps.com\/mapa-vectorial-eps\/wp-json\/wp\/v2\/pages\/1340\/revisions\/3652"}],"up":[{"embeddable":true,"href":"https:\/\/www.bc-maps.com\/mapa-vectorial-eps\/wp-json\/wp\/v2\/pages\/3611"}],"wp:attachment":[{"href":"https:\/\/www.bc-maps.com\/mapa-vectorial-eps\/wp-json\/wp\/v2\/media?parent=1340"}],"curies":[{"name":"wp","href":"https:\/\/api.w.org\/{rel}","templated":true}]}}