{"id":1321,"date":"2012-06-12T08:10:35","date_gmt":"2012-06-12T08:10:35","guid":{"rendered":"http:\/\/www.bc-maps.com\/mapa-vectorial-eps\/"},"modified":"2024-12-03T09:29:33","modified_gmt":"2024-12-03T09:29:33","slug":"roma-ilustrator","status":"publish","type":"page","link":"https:\/\/www.bc-maps.com\/mapa-vectorial-eps\/roma-ilustrator\/","title":{"rendered":"Mapa en Illustrator de Roma"},"content":{"rendered":"<h1>Planos y mapas vectoriales de Roma<\/h1>\n<h2>Mapas vectoriales editables con de las calles de Roma<\/h2>\n<h3>Planos vectoriales de ciudades de Italia<\/h3>\n<p>Podemos crear cualquier tipo de mapa de la ciudad de Roma, planos parciales, planos generales, planos de detalle\u2026etc.<\/p>\n<p>Formatos editables, textos y colores, estructurados por medio de capas de informaci\u00f3n, <a href=\"http:\/\/www.adobe.es\">illustrator<\/a>, eps, pdf, svg, freehand.<\/p>\n<figure id=\"attachment_3170\" aria-describedby=\"caption-attachment-3170\" style=\"width: 300px\" class=\"wp-caption alignnone\"><a href=\"http:\/\/www.bc-maps.com\/wp-content\/uploads\/2012\/06\/Roma-mapa-vectorial-mudo-illustrator-eps-A3.jpg\" target=\"_blank\" rel=\"noopener noreferrer\"><img loading=\"lazy\" decoding=\"async\" class=\"wp-image-3170 size-medium\" title=\"Roma mapa vectorial mudo illustrator eps A3\" src=\"http:\/\/www.bc-maps.com\/wp-content\/uploads\/2012\/06\/Roma-mapa-vectorial-mudo-illustrator-eps-A3-300x222.jpg\" alt=\"Roma mapa vectorial mudo illustrator eps A3\" width=\"300\" height=\"222\" srcset=\"https:\/\/www.bc-maps.com\/wp-content\/uploads\/2012\/06\/Roma-mapa-vectorial-mudo-illustrator-eps-A3-300x222.jpg 300w, https:\/\/www.bc-maps.com\/wp-content\/uploads\/2012\/06\/Roma-mapa-vectorial-mudo-illustrator-eps-A3-768x567.jpg 768w, https:\/\/www.bc-maps.com\/wp-content\/uploads\/2012\/06\/Roma-mapa-vectorial-mudo-illustrator-eps-A3-1024x756.jpg 1024w\" sizes=\"auto, (max-width: 300px) 100vw, 300px\" \/><\/a><figcaption id=\"caption-attachment-3170\" class=\"wp-caption-text\">Roma mapa vectorial mudo illustrator eps A3<\/figcaption><\/figure>\n<figure id=\"attachment_3171\" aria-describedby=\"caption-attachment-3171\" style=\"width: 266px\" class=\"wp-caption alignnone\"><a href=\"http:\/\/www.bc-maps.com\/wp-content\/uploads\/2012\/06\/Roma-mapa-vectorial-mudo-illustrator-eps.jpg\" target=\"_blank\" rel=\"noopener noreferrer\"><img loading=\"lazy\" decoding=\"async\" class=\"wp-image-3171 size-medium\" title=\"Roma mapa vectorial illustrator eps\" src=\"http:\/\/www.bc-maps.com\/wp-content\/uploads\/2012\/06\/Roma-mapa-vectorial-mudo-illustrator-eps-266x300.jpg\" alt=\"Roma mapa vectorial illustrator eps\" width=\"266\" height=\"300\" srcset=\"https:\/\/www.bc-maps.com\/wp-content\/uploads\/2012\/06\/Roma-mapa-vectorial-mudo-illustrator-eps-266x300.jpg 266w, https:\/\/www.bc-maps.com\/wp-content\/uploads\/2012\/06\/Roma-mapa-vectorial-mudo-illustrator-eps-768x867.jpg 768w, https:\/\/www.bc-maps.com\/wp-content\/uploads\/2012\/06\/Roma-mapa-vectorial-mudo-illustrator-eps-907x1024.jpg 907w\" sizes=\"auto, (max-width: 266px) 100vw, 266px\" \/><\/a><figcaption id=\"caption-attachment-3171\" class=\"wp-caption-text\">Roma mapa vectorial illustrator eps<\/figcaption><\/figure>\n<div class=\"mceTemp\"><\/div>\n<p>El contenido de informaci\u00f3n depender\u00e1 del tama\u00f1o de la zona y la escala o medidas de reproducci\u00f3n, ya que no trabajamos con textos inferiores a 5 puntos para que sean legibles.<\/p>\n","protected":false},"excerpt":{"rendered":"<p>Planos y mapas vectoriales de Roma Mapas vectoriales editables con de las calles de Roma Planos vectoriales de ciudades de Italia Podemos crear cualquier tipo de mapa de la ciudad de Roma, planos parciales, planos generales, planos de detalle\u2026etc. Formatos editables, textos y colores, estructurados por medio de capas de informaci\u00f3n, illustrator, eps, pdf, svg, &hellip; <a href=\"https:\/\/www.bc-maps.com\/mapa-vectorial-eps\/roma-ilustrator\/\" class=\"more-link\">Seguir leyendo <span class=\"screen-reader-text\">Mapa en Illustrator de Roma<\/span> <span class=\"meta-nav\">&rarr;<\/span><\/a><\/p>\n","protected":false},"author":1,"featured_media":3171,"parent":0,"menu_order":0,"comment_status":"closed","ping_status":"closed","template":"","meta":{"footnotes":""},"class_list":["post-1321","page","type-page","status-publish","has-post-thumbnail","hentry"],"_links":{"self":[{"href":"https:\/\/www.bc-maps.com\/mapa-vectorial-eps\/wp-json\/wp\/v2\/pages\/1321","targetHints":{"allow":["GET"]}}],"collection":[{"href":"https:\/\/www.bc-maps.com\/mapa-vectorial-eps\/wp-json\/wp\/v2\/pages"}],"about":[{"href":"https:\/\/www.bc-maps.com\/mapa-vectorial-eps\/wp-json\/wp\/v2\/types\/page"}],"author":[{"embeddable":true,"href":"https:\/\/www.bc-maps.com\/mapa-vectorial-eps\/wp-json\/wp\/v2\/users\/1"}],"replies":[{"embeddable":true,"href":"https:\/\/www.bc-maps.com\/mapa-vectorial-eps\/wp-json\/wp\/v2\/comments?post=1321"}],"version-history":[{"count":3,"href":"https:\/\/www.bc-maps.com\/mapa-vectorial-eps\/wp-json\/wp\/v2\/pages\/1321\/revisions"}],"predecessor-version":[{"id":7001,"href":"https:\/\/www.bc-maps.com\/mapa-vectorial-eps\/wp-json\/wp\/v2\/pages\/1321\/revisions\/7001"}],"wp:featuredmedia":[{"embeddable":true,"href":"https:\/\/www.bc-maps.com\/mapa-vectorial-eps\/wp-json\/wp\/v2\/media\/3171"}],"wp:attachment":[{"href":"https:\/\/www.bc-maps.com\/mapa-vectorial-eps\/wp-json\/wp\/v2\/media?parent=1321"}],"curies":[{"name":"wp","href":"https:\/\/api.w.org\/{rel}","templated":true}]}}