{"id":1317,"date":"2012-06-12T08:10:18","date_gmt":"2012-06-12T08:10:18","guid":{"rendered":"http:\/\/www.bc-maps.com\/mapa-vectorial-eps\/"},"modified":"2018-10-04T13:59:39","modified_gmt":"2018-10-04T13:59:39","slug":"la-union-ilustrator","status":"publish","type":"page","link":"https:\/\/www.bc-maps.com\/mapa-vectorial-eps\/mapas-vectoriales\/espana\/ciudades\/la-union-ilustrator\/","title":{"rendered":"La Uni\u00f3n mapa vectorial illustrator eps editable"},"content":{"rendered":"<h1>Planos y mapas vectoriales de La Uni\u00f3n<\/h1>\n<h2>Mapas vectoriales editables con de las calles de La Uni\u00f3n<\/h2>\n<h3>Planos vectoriales de ciudades de Murcia<\/h3>\n<p>Podemos crear cualquier tipo de mapa de la ciudad de La Uni\u00f3n, planos parciales, planos generales, planos de detalle\u2026etc.<\/p>\n<p>Formatos editables, textos y colores, estructurados por medio de capas de informaci\u00f3n, illustrator, eps, pdf, svg, freehand.<\/p>\n<div class=\"mceTemp\"><\/div>\n<figure id=\"attachment_3113\" aria-describedby=\"caption-attachment-3113\" style=\"width: 300px\" class=\"wp-caption alignnone\"><a href=\"http:\/\/www.bc-maps.com\/wp-content\/uploads\/2012\/06\/La-Union-mapa-vectorial-illustrator-eps.jpg\" target=\"_blank\" rel=\"noopener noreferrer\"><img loading=\"lazy\" decoding=\"async\" class=\"wp-image-3113 size-medium\" title=\"La Union mapa vectorial illustrator eps\" src=\"http:\/\/www.bc-maps.com\/wp-content\/uploads\/2012\/06\/La-Union-mapa-vectorial-illustrator-eps-300x228.jpg\" alt=\"La Union mapa vectorial illustrator eps\" width=\"300\" height=\"228\" srcset=\"https:\/\/www.bc-maps.com\/wp-content\/uploads\/2012\/06\/La-Union-mapa-vectorial-illustrator-eps-300x228.jpg 300w, https:\/\/www.bc-maps.com\/wp-content\/uploads\/2012\/06\/La-Union-mapa-vectorial-illustrator-eps-768x583.jpg 768w, https:\/\/www.bc-maps.com\/wp-content\/uploads\/2012\/06\/La-Union-mapa-vectorial-illustrator-eps-1024x778.jpg 1024w, https:\/\/www.bc-maps.com\/wp-content\/uploads\/2012\/06\/La-Union-mapa-vectorial-illustrator-eps.jpg 1575w\" sizes=\"auto, (max-width: 300px) 100vw, 300px\" \/><\/a><figcaption id=\"caption-attachment-3113\" class=\"wp-caption-text\">La Union mapa vectorial illustrator eps<\/figcaption><\/figure>\n<p>El contenido de informaci\u00f3n depender\u00e1 del tama\u00f1o de la zona y la escala o medidas de reproducci\u00f3n, ya que no trabajamos con textos inferiores a 5 puntos para que sean legibles.<\/p>\n","protected":false},"excerpt":{"rendered":"<p>Planos y mapas vectoriales de La Uni\u00f3n Mapas vectoriales editables con de las calles de La Uni\u00f3n Planos vectoriales de ciudades de Murcia Podemos crear cualquier tipo de mapa de la ciudad de La Uni\u00f3n, planos parciales, planos generales, planos de detalle\u2026etc. Formatos editables, textos y colores, estructurados por medio de capas de informaci\u00f3n, illustrator, &hellip; <a href=\"https:\/\/www.bc-maps.com\/mapa-vectorial-eps\/mapas-vectoriales\/espana\/ciudades\/la-union-ilustrator\/\" class=\"more-link\">Seguir leyendo <span class=\"screen-reader-text\">La Uni\u00f3n mapa vectorial illustrator eps editable<\/span> <span class=\"meta-nav\">&rarr;<\/span><\/a><\/p>\n","protected":false},"author":1,"featured_media":0,"parent":52,"menu_order":0,"comment_status":"closed","ping_status":"closed","template":"","meta":{"footnotes":""},"class_list":["post-1317","page","type-page","status-publish","hentry"],"_links":{"self":[{"href":"https:\/\/www.bc-maps.com\/mapa-vectorial-eps\/wp-json\/wp\/v2\/pages\/1317","targetHints":{"allow":["GET"]}}],"collection":[{"href":"https:\/\/www.bc-maps.com\/mapa-vectorial-eps\/wp-json\/wp\/v2\/pages"}],"about":[{"href":"https:\/\/www.bc-maps.com\/mapa-vectorial-eps\/wp-json\/wp\/v2\/types\/page"}],"author":[{"embeddable":true,"href":"https:\/\/www.bc-maps.com\/mapa-vectorial-eps\/wp-json\/wp\/v2\/users\/1"}],"replies":[{"embeddable":true,"href":"https:\/\/www.bc-maps.com\/mapa-vectorial-eps\/wp-json\/wp\/v2\/comments?post=1317"}],"version-history":[{"count":4,"href":"https:\/\/www.bc-maps.com\/mapa-vectorial-eps\/wp-json\/wp\/v2\/pages\/1317\/revisions"}],"predecessor-version":[{"id":3115,"href":"https:\/\/www.bc-maps.com\/mapa-vectorial-eps\/wp-json\/wp\/v2\/pages\/1317\/revisions\/3115"}],"up":[{"embeddable":true,"href":"https:\/\/www.bc-maps.com\/mapa-vectorial-eps\/wp-json\/wp\/v2\/pages\/52"}],"wp:attachment":[{"href":"https:\/\/www.bc-maps.com\/mapa-vectorial-eps\/wp-json\/wp\/v2\/media?parent=1317"}],"curies":[{"name":"wp","href":"https:\/\/api.w.org\/{rel}","templated":true}]}}