{"id":1263,"date":"2012-06-05T11:00:15","date_gmt":"2012-06-05T11:00:15","guid":{"rendered":"http:\/\/www.bc-maps.com\/mapa-vectorial-eps\/"},"modified":"2018-10-04T14:38:29","modified_gmt":"2018-10-04T14:38:29","slug":"bled-ilustrator","status":"publish","type":"page","link":"https:\/\/www.bc-maps.com\/mapa-vectorial-eps\/mapas-vectoriales\/mapas-de-europa\/ciudades\/bled-ilustrator\/","title":{"rendered":"Mapa en Illustrator de Bled"},"content":{"rendered":"<h1>Planos y mapas vectoriales de Bled<\/h1>\n<h2>Mapas vectoriales editables con de las calles de Bled<\/h2>\n<h2>Planos vectoriales de ciudades de Eslovenia<\/h2>\n<p>Podemos crear cualquier tipo de mapa de la ciudad de Bled, planos parciales, planos generales, planos de detalle\u2026etc.\u00a0en <a href=\"http:\/\/www.adobe.com\/es\">adobe illustrator<\/a><\/p>\n<figure id=\"attachment_3052\" aria-describedby=\"caption-attachment-3052\" style=\"width: 284px\" class=\"wp-caption alignnone\"><a href=\"http:\/\/www.bc-maps.com\/wp-content\/uploads\/2012\/06\/Bled-CITY-MAP.jpg\" target=\"_blank\" rel=\"noopener noreferrer\"><img loading=\"lazy\" decoding=\"async\" class=\"wp-image-3052 size-medium\" title=\"Bled mapa vectorial illustrator eps\" src=\"http:\/\/www.bc-maps.com\/wp-content\/uploads\/2012\/06\/Bled-CITY-MAP-284x300.jpg\" alt=\"Bled mapa vectorial illustrator eps\" width=\"284\" height=\"300\" srcset=\"https:\/\/www.bc-maps.com\/wp-content\/uploads\/2012\/06\/Bled-CITY-MAP-284x300.jpg 284w, https:\/\/www.bc-maps.com\/wp-content\/uploads\/2012\/06\/Bled-CITY-MAP.jpg 540w\" sizes=\"auto, (max-width: 284px) 100vw, 284px\" \/><\/a><figcaption id=\"caption-attachment-3052\" class=\"wp-caption-text\">Bled mapa vectorial illustrator eps<\/figcaption><\/figure>\n<p>El contenido de informaci\u00f3n depender\u00e1 del tama\u00f1o de la zona y la escala o medidas de reproducci\u00f3n, ya que no trabajamos con textos inferiores a 5 puntos para que sean legibles.<\/p>\n<div class=\"mceTemp\" style=\"text-align: -webkit-auto;\"><\/div>\n","protected":false},"excerpt":{"rendered":"<p>Planos y mapas vectoriales de Bled Mapas vectoriales editables con de las calles de Bled Planos vectoriales de ciudades de Eslovenia Podemos crear cualquier tipo de mapa de la ciudad de Bled, planos parciales, planos generales, planos de detalle\u2026etc.\u00a0en adobe illustrator El contenido de informaci\u00f3n depender\u00e1 del tama\u00f1o de la zona y la escala o &hellip; <a href=\"https:\/\/www.bc-maps.com\/mapa-vectorial-eps\/mapas-vectoriales\/mapas-de-europa\/ciudades\/bled-ilustrator\/\" class=\"more-link\">Seguir leyendo <span class=\"screen-reader-text\">Mapa en Illustrator de Bled<\/span> <span class=\"meta-nav\">&rarr;<\/span><\/a><\/p>\n","protected":false},"author":1,"featured_media":0,"parent":3611,"menu_order":0,"comment_status":"closed","ping_status":"closed","template":"","meta":{"footnotes":""},"class_list":["post-1263","page","type-page","status-publish","hentry"],"_links":{"self":[{"href":"https:\/\/www.bc-maps.com\/mapa-vectorial-eps\/wp-json\/wp\/v2\/pages\/1263","targetHints":{"allow":["GET"]}}],"collection":[{"href":"https:\/\/www.bc-maps.com\/mapa-vectorial-eps\/wp-json\/wp\/v2\/pages"}],"about":[{"href":"https:\/\/www.bc-maps.com\/mapa-vectorial-eps\/wp-json\/wp\/v2\/types\/page"}],"author":[{"embeddable":true,"href":"https:\/\/www.bc-maps.com\/mapa-vectorial-eps\/wp-json\/wp\/v2\/users\/1"}],"replies":[{"embeddable":true,"href":"https:\/\/www.bc-maps.com\/mapa-vectorial-eps\/wp-json\/wp\/v2\/comments?post=1263"}],"version-history":[{"count":4,"href":"https:\/\/www.bc-maps.com\/mapa-vectorial-eps\/wp-json\/wp\/v2\/pages\/1263\/revisions"}],"predecessor-version":[{"id":3639,"href":"https:\/\/www.bc-maps.com\/mapa-vectorial-eps\/wp-json\/wp\/v2\/pages\/1263\/revisions\/3639"}],"up":[{"embeddable":true,"href":"https:\/\/www.bc-maps.com\/mapa-vectorial-eps\/wp-json\/wp\/v2\/pages\/3611"}],"wp:attachment":[{"href":"https:\/\/www.bc-maps.com\/mapa-vectorial-eps\/wp-json\/wp\/v2\/media?parent=1263"}],"curies":[{"name":"wp","href":"https:\/\/api.w.org\/{rel}","templated":true}]}}