{"id":1227,"date":"2012-06-04T09:38:16","date_gmt":"2012-06-04T09:38:16","guid":{"rendered":"http:\/\/www.bc-maps.com\/mapa-vectorial-eps\/"},"modified":"2018-10-04T15:41:10","modified_gmt":"2018-10-04T15:41:10","slug":"espana-illustrator-carreteras","status":"publish","type":"page","link":"https:\/\/www.bc-maps.com\/mapa-vectorial-eps\/mapas-vectoriales\/espana\/espana-illustrator-carreteras\/","title":{"rendered":"Mapa vectorial de Espa\u00f1a en Illustrator con carreteras"},"content":{"rendered":"<h1>Mapas vectoriales de\u00a0Espa\u00f1a<\/h1>\n<h2>Mapas vectoriales editables con de las carreteras de Espa\u00f1a.<\/h2>\n<h3>Mapa vectorial de Espa\u00f1a\u00a0con capas en illustrator, eps, freehand, corel, svg, pdf .<\/h3>\n<p>En <a href=\"https:\/\/www.bc-maps.com\/mapa-vectorial-eps\/empresa\/\">Bc Maps<\/a> podemos crear cualquier tipo de mapa vectorial de Espa\u00f1a, mapas\u00a0parciales, mapas\u00a0generales, mapas\u00a0de detalle, mapas de regiones, mapas de CCAA, mapas de carreteras, mapas de provincias\u2026etc.<\/p>\n<p>Formatos editables, textos y colores, estructurados por medio de capas de informaci\u00f3n, illustrator, eps, pdf, svg, freehand.<\/p>\n<figure id=\"attachment_3206\" aria-describedby=\"caption-attachment-3206\" style=\"width: 300px\" class=\"wp-caption alignnone\"><a href=\"http:\/\/www.bc-maps.com\/wp-content\/uploads\/2012\/06\/ESPA\u00d1A-90-130-COLOR.jpg\" target=\"_blank\" rel=\"noopener noreferrer\"><img loading=\"lazy\" decoding=\"async\" class=\"wp-image-3206 size-medium\" title=\"mapa vectorial de Espa\u00f1a con carreteras\" src=\"http:\/\/www.bc-maps.com\/wp-content\/uploads\/2012\/06\/ESPA\u00d1A-90-130-COLOR-300x208.jpg\" alt=\"mapa vectorial de Espa\u00f1a con carreteras\" width=\"300\" height=\"208\" srcset=\"https:\/\/www.bc-maps.com\/wp-content\/uploads\/2012\/06\/ESPA\u00d1A-90-130-COLOR-300x208.jpg 300w, https:\/\/www.bc-maps.com\/wp-content\/uploads\/2012\/06\/ESPA\u00d1A-90-130-COLOR-768x532.jpg 768w, https:\/\/www.bc-maps.com\/wp-content\/uploads\/2012\/06\/ESPA\u00d1A-90-130-COLOR-1024x709.jpg 1024w\" sizes=\"auto, (max-width: 300px) 100vw, 300px\" \/><\/a><figcaption id=\"caption-attachment-3206\" class=\"wp-caption-text\">mapa vectorial de Espa\u00f1a con carreteras<\/figcaption><\/figure>\n<p>El contenido de informaci\u00f3n depender\u00e1 del tama\u00f1o de la zona y la escala o medidas de reproducci\u00f3n, y por eso<\/p>\n<p>no trabajamos con textos inferiores a 5 puntos para que sean legibles.<\/p>\n<p>Habitualmente se entregan ficheros en formato\u00a0<a href=\"http:\/\/www.adobe.com\/es\/products\/illustrator.html\">Illustrator CC<\/a>, totalmente editables, colores y textos, estructurados por medio de casas de informaci\u00f3n as\u00ed<\/p>\n<p>facilitar los cambios y personalizaciones, inclusi\u00f3n de lugares de inter\u00e9s, museos, colegios, monumentos&#8230;etc.<\/p>\n","protected":false},"excerpt":{"rendered":"<p>Mapas vectoriales de\u00a0Espa\u00f1a Mapas vectoriales editables con de las carreteras de Espa\u00f1a. Mapa vectorial de Espa\u00f1a\u00a0con capas en illustrator, eps, freehand, corel, svg, pdf . En Bc Maps podemos crear cualquier tipo de mapa vectorial de Espa\u00f1a, mapas\u00a0parciales, mapas\u00a0generales, mapas\u00a0de detalle, mapas de regiones, mapas de CCAA, mapas de carreteras, mapas de provincias\u2026etc. Formatos editables, &hellip; <a href=\"https:\/\/www.bc-maps.com\/mapa-vectorial-eps\/mapas-vectoriales\/espana\/espana-illustrator-carreteras\/\" class=\"more-link\">Seguir leyendo <span class=\"screen-reader-text\">Mapa vectorial de Espa\u00f1a en Illustrator con carreteras<\/span> <span class=\"meta-nav\">&rarr;<\/span><\/a><\/p>\n","protected":false},"author":1,"featured_media":0,"parent":36,"menu_order":0,"comment_status":"closed","ping_status":"closed","template":"","meta":{"footnotes":""},"class_list":["post-1227","page","type-page","status-publish","hentry"],"_links":{"self":[{"href":"https:\/\/www.bc-maps.com\/mapa-vectorial-eps\/wp-json\/wp\/v2\/pages\/1227","targetHints":{"allow":["GET"]}}],"collection":[{"href":"https:\/\/www.bc-maps.com\/mapa-vectorial-eps\/wp-json\/wp\/v2\/pages"}],"about":[{"href":"https:\/\/www.bc-maps.com\/mapa-vectorial-eps\/wp-json\/wp\/v2\/types\/page"}],"author":[{"embeddable":true,"href":"https:\/\/www.bc-maps.com\/mapa-vectorial-eps\/wp-json\/wp\/v2\/users\/1"}],"replies":[{"embeddable":true,"href":"https:\/\/www.bc-maps.com\/mapa-vectorial-eps\/wp-json\/wp\/v2\/comments?post=1227"}],"version-history":[{"count":4,"href":"https:\/\/www.bc-maps.com\/mapa-vectorial-eps\/wp-json\/wp\/v2\/pages\/1227\/revisions"}],"predecessor-version":[{"id":3664,"href":"https:\/\/www.bc-maps.com\/mapa-vectorial-eps\/wp-json\/wp\/v2\/pages\/1227\/revisions\/3664"}],"up":[{"embeddable":true,"href":"https:\/\/www.bc-maps.com\/mapa-vectorial-eps\/wp-json\/wp\/v2\/pages\/36"}],"wp:attachment":[{"href":"https:\/\/www.bc-maps.com\/mapa-vectorial-eps\/wp-json\/wp\/v2\/media?parent=1227"}],"curies":[{"name":"wp","href":"https:\/\/api.w.org\/{rel}","templated":true}]}}