{"id":1219,"date":"2012-06-04T09:37:01","date_gmt":"2012-06-04T09:37:01","guid":{"rendered":"http:\/\/www.bc-maps.com\/mapa-vectorial-eps\/"},"modified":"2018-10-04T15:40:10","modified_gmt":"2018-10-04T15:40:10","slug":"belgica-illustrator-carreteras","status":"publish","type":"page","link":"https:\/\/www.bc-maps.com\/mapa-vectorial-eps\/mapas-vectoriales\/mapas-de-europa\/paises-de-europa\/belgica-illustrator-carreteras\/","title":{"rendered":"Mapa vectorial de  B\u00e9lgica en Illustrator con carreteras"},"content":{"rendered":"<h1>Mapas vectoriales de B\u00e9lgica<\/h1>\n<h2>Mapas vectoriales editables con de las carreteras de B\u00e9lgica<\/h2>\n<h3>Mapa vectorial de B\u00e9lgica con capas en illustrator, eps, freehand, corel, svg, pdf .<\/h3>\n<p>En <a href=\"https:\/\/www.bc-maps.com\/mapa-vectorial-eps\/empresa\/\">Bc Maps<\/a> podemos crear cualquier tipo de mapa vectorial de B\u00e9lgica, mapas\u00a0parciales, mapas\u00a0generales, mapas\u00a0de detalle, mapas de regiones, mapas de carreteras, mapas deprovincias\u2026etc.<\/p>\n<p>Los mapas\u00a0est\u00e1n creados con licencias oficiales de programas de <a href=\"http:\/\/www.adobe.com\/es\">Adobe,<\/a> habitualmente entregamos en version CC.<\/p>\n<p>Formatos editables, textos y colores, estructurados por medio de capas de informaci\u00f3n, illustrator, eps, pdf, svg, freehand.<\/p>\n<figure id=\"attachment_3198\" aria-describedby=\"caption-attachment-3198\" style=\"width: 300px\" class=\"wp-caption alignnone\"><a href=\"http:\/\/www.bc-maps.com\/wp-content\/uploads\/2012\/06\/Belgica-mapa-vectorial-illustrator-eps-1.jpg\" target=\"_blank\" rel=\"noopener noreferrer\"><img loading=\"lazy\" decoding=\"async\" class=\"wp-image-3198 size-medium\" title=\"mapa vectorial de Belgica illustrator eps\" src=\"http:\/\/www.bc-maps.com\/wp-content\/uploads\/2012\/06\/Belgica-mapa-vectorial-illustrator-eps-1-300x214.jpg\" alt=\"mapa vectorial de Belgica illustrator eps\" width=\"300\" height=\"214\" srcset=\"https:\/\/www.bc-maps.com\/wp-content\/uploads\/2012\/06\/Belgica-mapa-vectorial-illustrator-eps-1-300x214.jpg 300w, https:\/\/www.bc-maps.com\/wp-content\/uploads\/2012\/06\/Belgica-mapa-vectorial-illustrator-eps-1-768x549.jpg 768w, https:\/\/www.bc-maps.com\/wp-content\/uploads\/2012\/06\/Belgica-mapa-vectorial-illustrator-eps-1-1024x731.jpg 1024w\" sizes=\"auto, (max-width: 300px) 100vw, 300px\" \/><\/a><figcaption id=\"caption-attachment-3198\" class=\"wp-caption-text\">mapa vectorial de Belgica illustrator eps<\/figcaption><\/figure>\n<p>El contenido de informaci\u00f3n depender\u00e1 del tama\u00f1o de la zona y la escala o medidas de reproducci\u00f3n, es por eso mismo<\/p>\n<p>que no trabajamos con textos inferiores a 5 puntos para que sean legibles.<\/p>\n<p>Habitualmente se entregan ficheros en formato\u00a0<a href=\"http:\/\/www.adobe.com\/es\/products\/illustrator.html\">Illustrator CC<\/a>, totalmente editables, colores y textos, estructurados por medio de capas de informaci\u00f3n \u00a0y as\u00ed<\/p>\n<p>facilitar los cambios y personalizaciones, inclusi\u00f3n de lugares de inter\u00e9s, museos, colegios, monumentos&#8230;etc.<\/p>\n","protected":false},"excerpt":{"rendered":"<p>Mapas vectoriales de B\u00e9lgica Mapas vectoriales editables con de las carreteras de B\u00e9lgica Mapa vectorial de B\u00e9lgica con capas en illustrator, eps, freehand, corel, svg, pdf . En Bc Maps podemos crear cualquier tipo de mapa vectorial de B\u00e9lgica, mapas\u00a0parciales, mapas\u00a0generales, mapas\u00a0de detalle, mapas de regiones, mapas de carreteras, mapas deprovincias\u2026etc. Los mapas\u00a0est\u00e1n creados con &hellip; <a href=\"https:\/\/www.bc-maps.com\/mapa-vectorial-eps\/mapas-vectoriales\/mapas-de-europa\/paises-de-europa\/belgica-illustrator-carreteras\/\" class=\"more-link\">Seguir leyendo <span class=\"screen-reader-text\">Mapa vectorial de  B\u00e9lgica en Illustrator con carreteras<\/span> <span class=\"meta-nav\">&rarr;<\/span><\/a><\/p>\n","protected":false},"author":1,"featured_media":0,"parent":3616,"menu_order":0,"comment_status":"closed","ping_status":"closed","template":"","meta":{"footnotes":""},"class_list":["post-1219","page","type-page","status-publish","hentry"],"_links":{"self":[{"href":"https:\/\/www.bc-maps.com\/mapa-vectorial-eps\/wp-json\/wp\/v2\/pages\/1219","targetHints":{"allow":["GET"]}}],"collection":[{"href":"https:\/\/www.bc-maps.com\/mapa-vectorial-eps\/wp-json\/wp\/v2\/pages"}],"about":[{"href":"https:\/\/www.bc-maps.com\/mapa-vectorial-eps\/wp-json\/wp\/v2\/types\/page"}],"author":[{"embeddable":true,"href":"https:\/\/www.bc-maps.com\/mapa-vectorial-eps\/wp-json\/wp\/v2\/users\/1"}],"replies":[{"embeddable":true,"href":"https:\/\/www.bc-maps.com\/mapa-vectorial-eps\/wp-json\/wp\/v2\/comments?post=1219"}],"version-history":[{"count":7,"href":"https:\/\/www.bc-maps.com\/mapa-vectorial-eps\/wp-json\/wp\/v2\/pages\/1219\/revisions"}],"predecessor-version":[{"id":3663,"href":"https:\/\/www.bc-maps.com\/mapa-vectorial-eps\/wp-json\/wp\/v2\/pages\/1219\/revisions\/3663"}],"up":[{"embeddable":true,"href":"https:\/\/www.bc-maps.com\/mapa-vectorial-eps\/wp-json\/wp\/v2\/pages\/3616"}],"wp:attachment":[{"href":"https:\/\/www.bc-maps.com\/mapa-vectorial-eps\/wp-json\/wp\/v2\/media?parent=1219"}],"curies":[{"name":"wp","href":"https:\/\/api.w.org\/{rel}","templated":true}]}}