{"id":1211,"date":"2012-06-04T09:36:42","date_gmt":"2012-06-04T09:36:42","guid":{"rendered":"http:\/\/www.bc-maps.com\/mapa-vectorial-eps\/"},"modified":"2018-10-04T15:33:16","modified_gmt":"2018-10-04T15:33:16","slug":"luxemburgo-carreteras-ilustrator","status":"publish","type":"page","link":"https:\/\/www.bc-maps.com\/mapa-vectorial-eps\/mapas-vectoriales\/mapas-de-europa\/paises-de-europa\/luxemburgo-carreteras-ilustrator\/","title":{"rendered":"Mapa Luxemburgo vectorial en Illustrator con carreteras"},"content":{"rendered":"<h1>Mapas vectoriales de Luxemburgo<\/h1>\n<h2>Mapa Luxemburgo vectorial en Illustrator eps editable con carreteras<\/h2>\n<h3>Mapa\u00a0Luxemburgo vectorial\u00a0con capas en illustrator, eps, freehand, corel, svg, pdf<\/h3>\n<p>Podemos crear cualquier tipo de mapa Luxemburgo vectorial, mapas parciales, mapas generales, mapas tem\u00e1tico\u2026etc.\u00a0en <a href=\"http:\/\/www.adobe.com\/es\">adobe illustrator<\/a><\/p>\n<p>&nbsp;<\/p>\n<figure id=\"attachment_2998\" aria-describedby=\"caption-attachment-2998\" style=\"width: 213px\" class=\"wp-caption alignnone\"><a href=\"http:\/\/www.bc-maps.com\/wp-content\/uploads\/2012\/06\/Carte-map-Luxembourg.jpg\" target=\"_blank\" rel=\"noopener noreferrer\"><img loading=\"lazy\" decoding=\"async\" class=\"wp-image-2998 size-medium\" title=\"Luxemburgo mapa vectorial illustrator eps\" src=\"http:\/\/www.bc-maps.com\/wp-content\/uploads\/2012\/06\/Carte-map-Luxembourg-213x300.jpg\" alt=\"Luxemburgo mapa vectorial illustrator eps\" width=\"213\" height=\"300\" srcset=\"https:\/\/www.bc-maps.com\/wp-content\/uploads\/2012\/06\/Carte-map-Luxembourg-213x300.jpg 213w, https:\/\/www.bc-maps.com\/wp-content\/uploads\/2012\/06\/Carte-map-Luxembourg-768x1082.jpg 768w, https:\/\/www.bc-maps.com\/wp-content\/uploads\/2012\/06\/Carte-map-Luxembourg-727x1024.jpg 727w, https:\/\/www.bc-maps.com\/wp-content\/uploads\/2012\/06\/Carte-map-Luxembourg.jpg 1590w\" sizes=\"auto, (max-width: 213px) 100vw, 213px\" \/><\/a><figcaption id=\"caption-attachment-2998\" class=\"wp-caption-text\">Luxemburgo mapa vectorial illustrator eps<\/figcaption><\/figure>\n<p>El contenido de informaci\u00f3n depender\u00e1 del tama\u00f1o de la zona y la escala o medidas de reproducci\u00f3n, ya que no trabajamos con textos inferiores a 5 puntos para que sean legibles, tambi\u00e9n<\/p>\n<p>El contenido de informaci\u00f3n depender\u00e1 del tama\u00f1o de la zona y la escala o medidas de reproducci\u00f3n, ya que no trabajamos con textos inferiores a 5 puntos para que sean legibles, y<\/p>\n<p>Habitualmente se entregan ficheros en formato\u00a0<a href=\"http:\/\/www.adobe.com\/es\/products\/illustrator.html\">Illustrator CC<\/a>, totalmente editables, colores y textos, estructurados por medio de casas de informaci\u00f3n en consecuencia<\/p>\n<p>Facilitamos los cambios y personalizaciones y adem\u00e1s podemos \u00a0incluir \u00a0lugares de inter\u00e9s, museos, colegios, monumentos&#8230;etc.<\/p>\n<p>Creamos mapas de ciudades de todo el mundo para gu\u00edas de viajes, cat\u00e1logos, administraciones p\u00fablicas\u2026etc.<\/p>\n","protected":false},"excerpt":{"rendered":"<p>Mapas vectoriales de Luxemburgo Mapa Luxemburgo vectorial en Illustrator eps editable con carreteras Mapa\u00a0Luxemburgo vectorial\u00a0con capas en illustrator, eps, freehand, corel, svg, pdf Podemos crear cualquier tipo de mapa Luxemburgo vectorial, mapas parciales, mapas generales, mapas tem\u00e1tico\u2026etc.\u00a0en adobe illustrator &nbsp; El contenido de informaci\u00f3n depender\u00e1 del tama\u00f1o de la zona y la escala o medidas &hellip; <a href=\"https:\/\/www.bc-maps.com\/mapa-vectorial-eps\/mapas-vectoriales\/mapas-de-europa\/paises-de-europa\/luxemburgo-carreteras-ilustrator\/\" class=\"more-link\">Seguir leyendo <span class=\"screen-reader-text\">Mapa Luxemburgo vectorial en Illustrator con carreteras<\/span> <span class=\"meta-nav\">&rarr;<\/span><\/a><\/p>\n","protected":false},"author":1,"featured_media":0,"parent":3616,"menu_order":0,"comment_status":"closed","ping_status":"closed","template":"","meta":{"footnotes":""},"class_list":["post-1211","page","type-page","status-publish","hentry"],"_links":{"self":[{"href":"https:\/\/www.bc-maps.com\/mapa-vectorial-eps\/wp-json\/wp\/v2\/pages\/1211","targetHints":{"allow":["GET"]}}],"collection":[{"href":"https:\/\/www.bc-maps.com\/mapa-vectorial-eps\/wp-json\/wp\/v2\/pages"}],"about":[{"href":"https:\/\/www.bc-maps.com\/mapa-vectorial-eps\/wp-json\/wp\/v2\/types\/page"}],"author":[{"embeddable":true,"href":"https:\/\/www.bc-maps.com\/mapa-vectorial-eps\/wp-json\/wp\/v2\/users\/1"}],"replies":[{"embeddable":true,"href":"https:\/\/www.bc-maps.com\/mapa-vectorial-eps\/wp-json\/wp\/v2\/comments?post=1211"}],"version-history":[{"count":4,"href":"https:\/\/www.bc-maps.com\/mapa-vectorial-eps\/wp-json\/wp\/v2\/pages\/1211\/revisions"}],"predecessor-version":[{"id":3657,"href":"https:\/\/www.bc-maps.com\/mapa-vectorial-eps\/wp-json\/wp\/v2\/pages\/1211\/revisions\/3657"}],"up":[{"embeddable":true,"href":"https:\/\/www.bc-maps.com\/mapa-vectorial-eps\/wp-json\/wp\/v2\/pages\/3616"}],"wp:attachment":[{"href":"https:\/\/www.bc-maps.com\/mapa-vectorial-eps\/wp-json\/wp\/v2\/media?parent=1211"}],"curies":[{"name":"wp","href":"https:\/\/api.w.org\/{rel}","templated":true}]}}