{"id":12,"date":"2025-11-01T14:11:09","date_gmt":"2025-11-01T14:11:09","guid":{"rendered":"http:\/\/www.bc-maps.com\/mapa-vectorial-eps\/"},"modified":"2025-12-03T08:37:02","modified_gmt":"2025-12-03T08:37:02","slug":"mapas-plegados","status":"publish","type":"page","link":"https:\/\/www.bc-maps.com\/mapa-vectorial-eps\/mapas-plegados\/","title":{"rendered":"MAPAS PLEGADOS"},"content":{"rendered":"\n<h1 class=\"wp-block-heading\">Mapas Plegados personalizados en diferentes medidas y formatos.<\/h1>\n\n\n\n<h2 class=\"wp-block-heading\">Mapas plegados impresos partiendo de cartografia vectorial creada en adobe illustrator.<\/h2>\n\n\n\n<p>Podemos crear mapas plegados en cualquier formato o medida, &nbsp;un <strong>plano de ciudad<\/strong>&nbsp;, un&nbsp;<strong>mapa de carreteras, &nbsp;<\/strong>impreso y personalizado con su informaci\u00f3n corporativa\/turistica fotos, textos localizaciones, horarios, fiestas&#8230;etc<\/p>\n\n\n\n<h5 class=\"wp-block-heading\"><strong><a href=\"http:\/\/mapaspersonalizados.com\/mapas-plegados\/\">Mapas plegados<\/a><\/strong><\/h5>\n\n\n\n<figure class=\"wp-block-gallery has-nested-images columns-default is-cropped wp-block-gallery-1 is-layout-flex wp-block-gallery-is-layout-flex\">\n<figure class=\"wp-block-image size-large\"><a href=\"https:\/\/www.bc-maps.com\/wp-content\/uploads\/2013\/06\/DSV-BELGIQUE-FINAL-20132.jpg\" target=\"_blank\" rel=\"noopener noreferrer\"><img loading=\"lazy\" decoding=\"async\" width=\"867\" height=\"1024\" data-id=\"1944\" src=\"https:\/\/www.bc-maps.com\/wp-content\/uploads\/2013\/06\/DSV-BELGIQUE-FINAL-20132-867x1024.jpg\" alt=\"Mapas plegados de Europa codigos postales DSV B\u00e9lgica y DSV Holanda\" class=\"wp-image-1944\" srcset=\"https:\/\/www.bc-maps.com\/wp-content\/uploads\/2013\/06\/DSV-BELGIQUE-FINAL-20132-867x1024.jpg 867w, https:\/\/www.bc-maps.com\/wp-content\/uploads\/2013\/06\/DSV-BELGIQUE-FINAL-20132-254x300.jpg 254w, https:\/\/www.bc-maps.com\/wp-content\/uploads\/2013\/06\/DSV-BELGIQUE-FINAL-20132.jpg 1890w\" sizes=\"auto, (max-width: 867px) 100vw, 867px\" \/><\/a><figcaption class=\"wp-element-caption\">Mapas plegados de Europa codigos postales DSV B\u00e9lgica y DSV Holanda<\/figcaption><\/figure>\n<\/figure>\n\n\n\n<p>Nuestra mejor carta de presentaci\u00f3n son nuestros clientes, Patronat de Turisme de Vinar\u00f2s, <a href=\"http:\/\/ibiza.travel\">Turisme d\u2019Eivissa<\/a>, Turismo de Castilla-La Mancha, Colliers, Congreso de Espa\u00f1a de Oftalmolog\u00eda, DSV, Kuehne-Nagel, \u2026etc.<\/p>\n\n\n\n<p>Podemos imprimir en cualquier medida y realizar el plegado que consideren oportuno, en acorde\u00f3n, medio m\u00e1s medio, tr\u00edptico, tr\u00edptico m\u00e1s medio&#8230;<\/p>\n\n\n\n<p>Asimismo el ramaje del papel puede ser variable desde un m\u00ednimo 80 gr, estucado brillo o mate, papeles ecol\u00f3gicos, libres de cloro hasta una gramaje m\u00e1ximo de 300 gr.<\/p>\n\n\n\n<p>Los mapas se entregan encajados seg\u00fan sus indicaciones en el punto de destino\/almac\u00e9n que consideren oportunos.<\/p>\n\n\n\n<p>Previa la impresi\u00f3n final se env\u00edan jpg con el dise\u00f1o planteado que es siempre adaptable a sus necesidades.<\/p>\n","protected":false},"excerpt":{"rendered":"<p>Mapas Plegados personalizados en diferentes medidas y formatos. Mapas plegados impresos partiendo de cartografia vectorial creada en adobe illustrator. Podemos crear mapas plegados en cualquier formato o medida, &nbsp;un plano de ciudad&nbsp;, un&nbsp;mapa de carreteras, &nbsp;impreso y personalizado con su informaci\u00f3n corporativa\/turistica fotos, textos localizaciones, horarios, fiestas&#8230;etc Mapas plegados Nuestra mejor carta de presentaci\u00f3n son &hellip; <a href=\"https:\/\/www.bc-maps.com\/mapa-vectorial-eps\/mapas-plegados\/\" class=\"more-link\">Seguir leyendo <span class=\"screen-reader-text\">MAPAS PLEGADOS<\/span> <span class=\"meta-nav\">&rarr;<\/span><\/a><\/p>\n","protected":false},"author":1,"featured_media":2402,"parent":0,"menu_order":5,"comment_status":"closed","ping_status":"closed","template":"","meta":{"footnotes":""},"class_list":["post-12","page","type-page","status-publish","has-post-thumbnail","hentry"],"_links":{"self":[{"href":"https:\/\/www.bc-maps.com\/mapa-vectorial-eps\/wp-json\/wp\/v2\/pages\/12","targetHints":{"allow":["GET"]}}],"collection":[{"href":"https:\/\/www.bc-maps.com\/mapa-vectorial-eps\/wp-json\/wp\/v2\/pages"}],"about":[{"href":"https:\/\/www.bc-maps.com\/mapa-vectorial-eps\/wp-json\/wp\/v2\/types\/page"}],"author":[{"embeddable":true,"href":"https:\/\/www.bc-maps.com\/mapa-vectorial-eps\/wp-json\/wp\/v2\/users\/1"}],"replies":[{"embeddable":true,"href":"https:\/\/www.bc-maps.com\/mapa-vectorial-eps\/wp-json\/wp\/v2\/comments?post=12"}],"version-history":[{"count":11,"href":"https:\/\/www.bc-maps.com\/mapa-vectorial-eps\/wp-json\/wp\/v2\/pages\/12\/revisions"}],"predecessor-version":[{"id":8240,"href":"https:\/\/www.bc-maps.com\/mapa-vectorial-eps\/wp-json\/wp\/v2\/pages\/12\/revisions\/8240"}],"wp:featuredmedia":[{"embeddable":true,"href":"https:\/\/www.bc-maps.com\/mapa-vectorial-eps\/wp-json\/wp\/v2\/media\/2402"}],"wp:attachment":[{"href":"https:\/\/www.bc-maps.com\/mapa-vectorial-eps\/wp-json\/wp\/v2\/media?parent=12"}],"curies":[{"name":"wp","href":"https:\/\/api.w.org\/{rel}","templated":true}]}}