{"id":1151,"date":"2012-06-01T11:40:38","date_gmt":"2012-06-01T11:40:38","guid":{"rendered":"http:\/\/www.bc-maps.com\/mapa-vectorial-eps\/"},"modified":"2023-06-20T15:45:23","modified_gmt":"2023-06-20T15:45:23","slug":"paris-ilustrator","status":"publish","type":"page","link":"https:\/\/www.bc-maps.com\/mapa-vectorial-eps\/paris-ilustrator\/","title":{"rendered":"Mapa en Illustrator de Paris"},"content":{"rendered":"<h1>Planos y mapas vectoriales de Paris<\/h1>\n<h2>Mapas vectoriales editables con de las calles de Paris<\/h2>\n<h3>Planos vectoriales de ciudades de Francia<\/h3>\n<p>Podemos crear cualquier tipo de mapa de la ciudad de Paris, planos parciales, planos generales, planos de detalle, \u00e1rea metropolitana, con la divisi\u00f3n de los \u00abarrondisements\u00bb\u2026etc.<\/p>\n<p>Un <strong>mapa vectorial en illustrator eps<\/strong> de <strong>Paris<\/strong> es un archivo digital que representa gr\u00e1ficamente la geograf\u00eda, la infraestructura y otros elementos geoespaciales de la ciudad en forma de vectores.<\/p>\n<p>Los mapas se entregan en formatos editables <strong><a href=\"http:\/\/www.adobe.es\">adobe<\/a> illustrator, eps<\/strong><\/p>\n<p>Estas son algunas de las caracter\u00edsticas comunes de un mapa vectorial:<\/p>\n<p>1. Escalabilidad: Los mapas vectoriales son escalables, lo que significa que se pueden ampliar o reducir sin perder calidad.<\/p>\n<p>2. Geometr\u00eda precisa: Los elementos en un mapa vectorial se representan mediante formas geom\u00e9tricas, como l\u00edneas, puntos y pol\u00edgonos. Estas formas se definen matem\u00e1ticamente, lo que garantiza una representaci\u00f3n precisa de la geograf\u00eda y las caracter\u00edsticas del terreno.<\/p>\n<p>3. Capas y atributos: Un mapa vectorial puede contener diferentes capas que representan diferentes tipos de informaci\u00f3n, como carreteras, r\u00edos, edificios, \u00e1reas verdes, entre otros. .<\/p>\n<p>4. Edici\u00f3n y personalizaci\u00f3n: Los mapas vectoriales son editables, lo que permite agregar, eliminar o modificar elementos seg\u00fan las necesidades del usuario. Tambi\u00e9n se pueden personalizar mediante la selecci\u00f3n de colores, estilos de l\u00ednea y s\u00edmbolos.<\/p>\n<p>5. Compatibilidad: Los mapas vectoriales suelen estar disponibles en formatos est\u00e1ndar, como SVG (Scalable Vector Graphics), AI (Adobe Illustrator), EPS (Encapsulated PostScript) o DXF (Drawing Exchange Format), lo que permite su visualizaci\u00f3n y edici\u00f3n en diferentes software de dise\u00f1o y cartograf\u00eda.<\/p>\n<p>Estas caracter\u00edsticas hacen que los mapas vectoriales sean \u00fatiles para an\u00e1lisis espacial, planificaci\u00f3n urbana, navegaci\u00f3n, representaci\u00f3n cartogr\u00e1fica y otras aplicaciones donde la precisi\u00f3n y la flexibilidad son importantes.<\/p>\n<figure id=\"attachment_3162\" aria-describedby=\"caption-attachment-3162\" style=\"width: 300px\" class=\"wp-caption alignnone\"><a href=\"http:\/\/www.bc-maps.com\/wp-content\/uploads\/2012\/06\/Paris-mapa-vectorial-illustrator-eps-full.jpg\" target=\"_blank\" rel=\"noopener noreferrer\"><img loading=\"lazy\" decoding=\"async\" class=\"wp-image-3162 size-medium\" title=\"Paris mapa vectorial illustrator eps full\" src=\"http:\/\/www.bc-maps.com\/wp-content\/uploads\/2012\/06\/Paris-mapa-vectorial-illustrator-eps-full-300x211.jpg\" alt=\"Paris mapa vectorial illustrator eps full\" width=\"300\" height=\"211\" srcset=\"https:\/\/www.bc-maps.com\/wp-content\/uploads\/2012\/06\/Paris-mapa-vectorial-illustrator-eps-full-300x211.jpg 300w, https:\/\/www.bc-maps.com\/wp-content\/uploads\/2012\/06\/Paris-mapa-vectorial-illustrator-eps-full-768x539.jpg 768w, https:\/\/www.bc-maps.com\/wp-content\/uploads\/2012\/06\/Paris-mapa-vectorial-illustrator-eps-full-1024x719.jpg 1024w\" sizes=\"auto, (max-width: 300px) 100vw, 300px\" \/><\/a><figcaption id=\"caption-attachment-3162\" class=\"wp-caption-text\">Paris mapa vectorial illustrator eps full<\/figcaption><\/figure>\n<figure id=\"attachment_3163\" aria-describedby=\"caption-attachment-3163\" style=\"width: 300px\" class=\"wp-caption alignnone\"><a href=\"http:\/\/www.bc-maps.com\/wp-content\/uploads\/2012\/06\/Paris-mapa-vectorial-illustrator-eps-Grand.jpg\" target=\"_blank\" rel=\"noopener noreferrer\"><img loading=\"lazy\" decoding=\"async\" class=\"wp-image-3163 size-medium\" title=\"Paris mapa vectorial illustrator eps Grand\" src=\"http:\/\/www.bc-maps.com\/wp-content\/uploads\/2012\/06\/Paris-mapa-vectorial-illustrator-eps-Grand-300x185.jpg\" alt=\"Paris mapa vectorial illustrator eps Grand\" width=\"300\" height=\"185\" srcset=\"https:\/\/www.bc-maps.com\/wp-content\/uploads\/2012\/06\/Paris-mapa-vectorial-illustrator-eps-Grand-300x185.jpg 300w, https:\/\/www.bc-maps.com\/wp-content\/uploads\/2012\/06\/Paris-mapa-vectorial-illustrator-eps-Grand-768x473.jpg 768w, https:\/\/www.bc-maps.com\/wp-content\/uploads\/2012\/06\/Paris-mapa-vectorial-illustrator-eps-Grand-1024x630.jpg 1024w, https:\/\/www.bc-maps.com\/wp-content\/uploads\/2012\/06\/Paris-mapa-vectorial-illustrator-eps-Grand.jpg 1729w\" sizes=\"auto, (max-width: 300px) 100vw, 300px\" \/><\/a><figcaption id=\"caption-attachment-3163\" class=\"wp-caption-text\">Paris mapa vectorial illustrator eps Grand<\/figcaption><\/figure>\n<figure id=\"attachment_3164\" aria-describedby=\"caption-attachment-3164\" style=\"width: 300px\" class=\"wp-caption alignnone\"><a href=\"http:\/\/www.bc-maps.com\/wp-content\/uploads\/2012\/06\/Paris-mapa-vectorial-illustrator-eps-Arrond.jpg\" target=\"_blank\" rel=\"noopener noreferrer\"><img loading=\"lazy\" decoding=\"async\" class=\"wp-image-3164 size-medium\" title=\"Paris mapa vectorial illustrator eps Arrond\" src=\"http:\/\/www.bc-maps.com\/wp-content\/uploads\/2012\/06\/Paris-mapa-vectorial-illustrator-eps-Arrond-300x213.jpg\" alt=\"Paris mapa vectorial illustrator eps Arrond\" width=\"300\" height=\"213\" srcset=\"https:\/\/www.bc-maps.com\/wp-content\/uploads\/2012\/06\/Paris-mapa-vectorial-illustrator-eps-Arrond-300x213.jpg 300w, https:\/\/www.bc-maps.com\/wp-content\/uploads\/2012\/06\/Paris-mapa-vectorial-illustrator-eps-Arrond-768x545.jpg 768w, https:\/\/www.bc-maps.com\/wp-content\/uploads\/2012\/06\/Paris-mapa-vectorial-illustrator-eps-Arrond-1024x726.jpg 1024w\" sizes=\"auto, (max-width: 300px) 100vw, 300px\" \/><\/a><figcaption id=\"caption-attachment-3164\" class=\"wp-caption-text\">Paris mapa vectorial illustrator eps Arrond<\/figcaption><\/figure>\n<figure id=\"attachment_3165\" aria-describedby=\"caption-attachment-3165\" style=\"width: 300px\" class=\"wp-caption alignnone\"><a href=\"http:\/\/www.bc-maps.com\/wp-content\/uploads\/2012\/06\/Paris-mapa-vectorial-illustrator-eps-general.jpg\" target=\"_blank\" rel=\"noopener noreferrer\"><img loading=\"lazy\" decoding=\"async\" class=\"wp-image-3165 size-medium\" title=\"Paris mapa vectorial illustrator eps general\" src=\"http:\/\/www.bc-maps.com\/wp-content\/uploads\/2012\/06\/Paris-mapa-vectorial-illustrator-eps-general-300x300.jpg\" alt=\"Paris mapa vectorial illustrator eps general\" width=\"300\" height=\"300\" srcset=\"https:\/\/www.bc-maps.com\/wp-content\/uploads\/2012\/06\/Paris-mapa-vectorial-illustrator-eps-general-300x300.jpg 300w, https:\/\/www.bc-maps.com\/wp-content\/uploads\/2012\/06\/Paris-mapa-vectorial-illustrator-eps-general-150x150.jpg 150w, https:\/\/www.bc-maps.com\/wp-content\/uploads\/2012\/06\/Paris-mapa-vectorial-illustrator-eps-general-768x767.jpg 768w, https:\/\/www.bc-maps.com\/wp-content\/uploads\/2012\/06\/Paris-mapa-vectorial-illustrator-eps-general-1024x1022.jpg 1024w\" sizes=\"auto, (max-width: 300px) 100vw, 300px\" \/><\/a><figcaption id=\"caption-attachment-3165\" class=\"wp-caption-text\">Paris mapa vectorial illustrator eps general<\/figcaption><\/figure>\n<figure id=\"attachment_3166\" aria-describedby=\"caption-attachment-3166\" style=\"width: 300px\" class=\"wp-caption alignnone\"><a href=\"http:\/\/www.bc-maps.com\/wp-content\/uploads\/2012\/06\/Paris-mapa-vectorial-illustrator-eps-AM.jpg\" target=\"_blank\" rel=\"noopener noreferrer\"><img loading=\"lazy\" decoding=\"async\" class=\"wp-image-3166 size-medium\" title=\"Paris mapa vectorial illustrator eps AM\" src=\"http:\/\/www.bc-maps.com\/wp-content\/uploads\/2012\/06\/Paris-mapa-vectorial-illustrator-eps-AM-300x273.jpg\" alt=\"Paris mapa vectorial illustrator eps AM\" width=\"300\" height=\"273\" srcset=\"https:\/\/www.bc-maps.com\/wp-content\/uploads\/2012\/06\/Paris-mapa-vectorial-illustrator-eps-AM-300x273.jpg 300w, https:\/\/www.bc-maps.com\/wp-content\/uploads\/2012\/06\/Paris-mapa-vectorial-illustrator-eps-AM-768x699.jpg 768w, https:\/\/www.bc-maps.com\/wp-content\/uploads\/2012\/06\/Paris-mapa-vectorial-illustrator-eps-AM-1024x932.jpg 1024w, https:\/\/www.bc-maps.com\/wp-content\/uploads\/2012\/06\/Paris-mapa-vectorial-illustrator-eps-AM.jpg 1542w\" sizes=\"auto, (max-width: 300px) 100vw, 300px\" \/><\/a><figcaption id=\"caption-attachment-3166\" class=\"wp-caption-text\">Paris mapa vectorial illustrator eps AM<\/figcaption><\/figure>\n<p>El contenido de informaci\u00f3n depender\u00e1 del tama\u00f1o de la zona y la escala o medidas de reproducci\u00f3n, ya que no trabajamos con textos inferiores a 5 puntos para que sean legibles.<\/p>\n<div class=\"mceTemp\"><\/div>\n","protected":false},"excerpt":{"rendered":"<p>Planos y mapas vectoriales de Paris Mapas vectoriales editables con de las calles de Paris Planos vectoriales de ciudades de Francia Podemos crear cualquier tipo de mapa de la ciudad de Paris, planos parciales, planos generales, planos de detalle, \u00e1rea metropolitana, con la divisi\u00f3n de los \u00abarrondisements\u00bb\u2026etc. Un mapa vectorial en illustrator eps de Paris &hellip; <a href=\"https:\/\/www.bc-maps.com\/mapa-vectorial-eps\/paris-ilustrator\/\" class=\"more-link\">Seguir leyendo <span class=\"screen-reader-text\">Mapa en Illustrator de Paris<\/span> <span class=\"meta-nav\">&rarr;<\/span><\/a><\/p>\n","protected":false},"author":1,"featured_media":0,"parent":0,"menu_order":0,"comment_status":"closed","ping_status":"closed","template":"","meta":{"footnotes":""},"class_list":["post-1151","page","type-page","status-publish","hentry"],"_links":{"self":[{"href":"https:\/\/www.bc-maps.com\/mapa-vectorial-eps\/wp-json\/wp\/v2\/pages\/1151","targetHints":{"allow":["GET"]}}],"collection":[{"href":"https:\/\/www.bc-maps.com\/mapa-vectorial-eps\/wp-json\/wp\/v2\/pages"}],"about":[{"href":"https:\/\/www.bc-maps.com\/mapa-vectorial-eps\/wp-json\/wp\/v2\/types\/page"}],"author":[{"embeddable":true,"href":"https:\/\/www.bc-maps.com\/mapa-vectorial-eps\/wp-json\/wp\/v2\/users\/1"}],"replies":[{"embeddable":true,"href":"https:\/\/www.bc-maps.com\/mapa-vectorial-eps\/wp-json\/wp\/v2\/comments?post=1151"}],"version-history":[{"count":3,"href":"https:\/\/www.bc-maps.com\/mapa-vectorial-eps\/wp-json\/wp\/v2\/pages\/1151\/revisions"}],"predecessor-version":[{"id":5434,"href":"https:\/\/www.bc-maps.com\/mapa-vectorial-eps\/wp-json\/wp\/v2\/pages\/1151\/revisions\/5434"}],"wp:attachment":[{"href":"https:\/\/www.bc-maps.com\/mapa-vectorial-eps\/wp-json\/wp\/v2\/media?parent=1151"}],"curies":[{"name":"wp","href":"https:\/\/api.w.org\/{rel}","templated":true}]}}