{"id":1147,"date":"2012-06-01T11:40:08","date_gmt":"2012-06-01T11:40:08","guid":{"rendered":"http:\/\/www.bc-maps.com\/mapa-vectorial-eps\/"},"modified":"2018-10-04T15:15:50","modified_gmt":"2018-10-04T15:15:50","slug":"ciudad-del-vaticano-ilustrator","status":"publish","type":"page","link":"https:\/\/www.bc-maps.com\/mapa-vectorial-eps\/mapas-vectoriales\/mapas-de-europa\/ciudades\/ciudad-del-vaticano-ilustrator\/","title":{"rendered":"Mapa en Illustrator de Ciudad del Vaticano"},"content":{"rendered":"<h1>Planos y mapas vectoriales de Ciudad del Vaticano<\/h1>\n<h2>Mapas vectoriales editables con de las calles de Ciudad del Vaticano<\/h2>\n<p>Podemos crear cualquier tipo de mapa de la ciudad del Vaticano planos parciales, planos generales, planos de detalle\u2026etc.\u00a0en <a href=\"http:\/\/www.adobe.com\/es\">adobe illustrator<\/a><\/p>\n<p>Formatos editables, textos y colores, estructurados por medio de capas de informaci\u00f3n, illustrator, eps, pdf, svg, freehand.<\/p>\n<figure id=\"attachment_3070\" aria-describedby=\"caption-attachment-3070\" style=\"width: 300px\" class=\"wp-caption alignnone\"><a href=\"http:\/\/www.bc-maps.com\/wp-content\/uploads\/2012\/06\/VATICANO.jpg\" target=\"_blank\" rel=\"noopener\"><img loading=\"lazy\" decoding=\"async\" class=\"wp-image-3070 size-medium\" title=\"Ciudad del Vaticano mapa vectorial illustrator eps\" src=\"http:\/\/www.bc-maps.com\/wp-content\/uploads\/2012\/06\/VATICANO-300x255.jpg\" alt=\"Ciudad del Vaticano mapa vectorial illustrator eps\" width=\"300\" height=\"255\" srcset=\"https:\/\/www.bc-maps.com\/wp-content\/uploads\/2012\/06\/VATICANO-300x255.jpg 300w, https:\/\/www.bc-maps.com\/wp-content\/uploads\/2012\/06\/VATICANO-768x654.jpg 768w, https:\/\/www.bc-maps.com\/wp-content\/uploads\/2012\/06\/VATICANO-1024x871.jpg 1024w, https:\/\/www.bc-maps.com\/wp-content\/uploads\/2012\/06\/VATICANO.jpg 1349w\" sizes=\"auto, (max-width: 300px) 100vw, 300px\" \/><\/a><figcaption id=\"caption-attachment-3070\" class=\"wp-caption-text\">Ciudad del Vaticano mapa vectorial illustrator eps<\/figcaption><\/figure>\n<div class=\"mceTemp\"><\/div>\n<p>El contenido de informaci\u00f3n depender\u00e1 del tama\u00f1o de la zona y la escala o medidas de reproducci\u00f3n, ya que no trabajamos con textos inferiores a 5 puntos para que sean legibles.<\/p>\n","protected":false},"excerpt":{"rendered":"<p>Planos y mapas vectoriales de Ciudad del Vaticano Mapas vectoriales editables con de las calles de Ciudad del Vaticano Podemos crear cualquier tipo de mapa de la ciudad del Vaticano planos parciales, planos generales, planos de detalle\u2026etc.\u00a0en adobe illustrator Formatos editables, textos y colores, estructurados por medio de capas de informaci\u00f3n, illustrator, eps, pdf, svg, &hellip; <a href=\"https:\/\/www.bc-maps.com\/mapa-vectorial-eps\/mapas-vectoriales\/mapas-de-europa\/ciudades\/ciudad-del-vaticano-ilustrator\/\" class=\"more-link\">Seguir leyendo <span class=\"screen-reader-text\">Mapa en Illustrator de Ciudad del Vaticano<\/span> <span class=\"meta-nav\">&rarr;<\/span><\/a><\/p>\n","protected":false},"author":1,"featured_media":0,"parent":3611,"menu_order":0,"comment_status":"closed","ping_status":"closed","template":"","meta":{"footnotes":""},"class_list":["post-1147","page","type-page","status-publish","hentry"],"_links":{"self":[{"href":"https:\/\/www.bc-maps.com\/mapa-vectorial-eps\/wp-json\/wp\/v2\/pages\/1147","targetHints":{"allow":["GET"]}}],"collection":[{"href":"https:\/\/www.bc-maps.com\/mapa-vectorial-eps\/wp-json\/wp\/v2\/pages"}],"about":[{"href":"https:\/\/www.bc-maps.com\/mapa-vectorial-eps\/wp-json\/wp\/v2\/types\/page"}],"author":[{"embeddable":true,"href":"https:\/\/www.bc-maps.com\/mapa-vectorial-eps\/wp-json\/wp\/v2\/users\/1"}],"replies":[{"embeddable":true,"href":"https:\/\/www.bc-maps.com\/mapa-vectorial-eps\/wp-json\/wp\/v2\/comments?post=1147"}],"version-history":[{"count":4,"href":"https:\/\/www.bc-maps.com\/mapa-vectorial-eps\/wp-json\/wp\/v2\/pages\/1147\/revisions"}],"predecessor-version":[{"id":3646,"href":"https:\/\/www.bc-maps.com\/mapa-vectorial-eps\/wp-json\/wp\/v2\/pages\/1147\/revisions\/3646"}],"up":[{"embeddable":true,"href":"https:\/\/www.bc-maps.com\/mapa-vectorial-eps\/wp-json\/wp\/v2\/pages\/3611"}],"wp:attachment":[{"href":"https:\/\/www.bc-maps.com\/mapa-vectorial-eps\/wp-json\/wp\/v2\/media?parent=1147"}],"curies":[{"name":"wp","href":"https:\/\/api.w.org\/{rel}","templated":true}]}}