{"id":1091,"date":"2012-06-01T11:17:57","date_gmt":"2012-06-01T11:17:57","guid":{"rendered":"http:\/\/www.bc-maps.com\/mapa-vectorial-eps\/"},"modified":"2018-10-04T15:12:33","modified_gmt":"2018-10-04T15:12:33","slug":"bruselas-ilustrator","status":"publish","type":"page","link":"https:\/\/www.bc-maps.com\/mapa-vectorial-eps\/mapas-vectoriales\/mapas-de-europa\/ciudades\/bruselas-ilustrator\/","title":{"rendered":"Mapa en Illustrator de Bruselas"},"content":{"rendered":"<h1>Planos y mapas vectoriales de Bruselas\/Brussels\/Bruxelles<\/h1>\n<h2>Mapas vectoriales editables con de las calles de Bruselas\/Brussels\/Bruxelles<\/h2>\n<h3>Planos vectoriales de ciudades de B\u00e9lgica<\/h3>\n<p>Podemos crear cualquier tipo de mapa de la ciudad de Bruselas, planos parciales, planos generales, planos de detalle\u2026etc.\u00a0en <a href=\"http:\/\/www.adobe.com\/es\">adobe illustrator<\/a><\/p>\n<p>Formatos editables, textos y colores, estructurados por medio de capas de informaci\u00f3n, illustrator, eps, pdf, svg, freehand.<\/p>\n<figure id=\"attachment_2908\" aria-describedby=\"caption-attachment-2908\" style=\"width: 300px\" class=\"wp-caption alignnone\"><a href=\"http:\/\/www.bc-maps.com\/wp-content\/uploads\/2012\/06\/BRUSELAS.jpg\" target=\"_blank\" rel=\"noopener noreferrer\"><img loading=\"lazy\" decoding=\"async\" class=\"wp-image-2908 size-medium\" title=\"Bruselas mapa vectorial illustrator eps\" src=\"http:\/\/www.bc-maps.com\/wp-content\/uploads\/2012\/06\/BRUSELAS-300x202.jpg\" alt=\"Bruselas mapa vectorial illustrator eps\" width=\"300\" height=\"202\" srcset=\"https:\/\/www.bc-maps.com\/wp-content\/uploads\/2012\/06\/BRUSELAS-300x202.jpg 300w, https:\/\/www.bc-maps.com\/wp-content\/uploads\/2012\/06\/BRUSELAS-768x517.jpg 768w, https:\/\/www.bc-maps.com\/wp-content\/uploads\/2012\/06\/BRUSELAS-1024x689.jpg 1024w, https:\/\/www.bc-maps.com\/wp-content\/uploads\/2012\/06\/BRUSELAS.jpg 1374w\" sizes=\"auto, (max-width: 300px) 100vw, 300px\" \/><\/a><figcaption id=\"caption-attachment-2908\" class=\"wp-caption-text\">Bruselas mapa vectorial illustrator eps<\/figcaption><\/figure>\n<div class=\"mceTemp\"><\/div>\n<p>El contenido de informaci\u00f3n depender\u00e1 del tama\u00f1o de la zona y la escala o medidas de reproducci\u00f3n, ya que no trabajamos con textos inferiores a 5 puntos para que sean legibles.<\/p>\n","protected":false},"excerpt":{"rendered":"<p>Planos y mapas vectoriales de Bruselas\/Brussels\/Bruxelles Mapas vectoriales editables con de las calles de Bruselas\/Brussels\/Bruxelles Planos vectoriales de ciudades de B\u00e9lgica Podemos crear cualquier tipo de mapa de la ciudad de Bruselas, planos parciales, planos generales, planos de detalle\u2026etc.\u00a0en adobe illustrator Formatos editables, textos y colores, estructurados por medio de capas de informaci\u00f3n, illustrator, eps, &hellip; <a href=\"https:\/\/www.bc-maps.com\/mapa-vectorial-eps\/mapas-vectoriales\/mapas-de-europa\/ciudades\/bruselas-ilustrator\/\" class=\"more-link\">Seguir leyendo <span class=\"screen-reader-text\">Mapa en Illustrator de Bruselas<\/span> <span class=\"meta-nav\">&rarr;<\/span><\/a><\/p>\n","protected":false},"author":1,"featured_media":0,"parent":3611,"menu_order":0,"comment_status":"closed","ping_status":"closed","template":"","meta":{"footnotes":""},"class_list":["post-1091","page","type-page","status-publish","hentry"],"_links":{"self":[{"href":"https:\/\/www.bc-maps.com\/mapa-vectorial-eps\/wp-json\/wp\/v2\/pages\/1091","targetHints":{"allow":["GET"]}}],"collection":[{"href":"https:\/\/www.bc-maps.com\/mapa-vectorial-eps\/wp-json\/wp\/v2\/pages"}],"about":[{"href":"https:\/\/www.bc-maps.com\/mapa-vectorial-eps\/wp-json\/wp\/v2\/types\/page"}],"author":[{"embeddable":true,"href":"https:\/\/www.bc-maps.com\/mapa-vectorial-eps\/wp-json\/wp\/v2\/users\/1"}],"replies":[{"embeddable":true,"href":"https:\/\/www.bc-maps.com\/mapa-vectorial-eps\/wp-json\/wp\/v2\/comments?post=1091"}],"version-history":[{"count":4,"href":"https:\/\/www.bc-maps.com\/mapa-vectorial-eps\/wp-json\/wp\/v2\/pages\/1091\/revisions"}],"predecessor-version":[{"id":3643,"href":"https:\/\/www.bc-maps.com\/mapa-vectorial-eps\/wp-json\/wp\/v2\/pages\/1091\/revisions\/3643"}],"up":[{"embeddable":true,"href":"https:\/\/www.bc-maps.com\/mapa-vectorial-eps\/wp-json\/wp\/v2\/pages\/3611"}],"wp:attachment":[{"href":"https:\/\/www.bc-maps.com\/mapa-vectorial-eps\/wp-json\/wp\/v2\/media?parent=1091"}],"curies":[{"name":"wp","href":"https:\/\/api.w.org\/{rel}","templated":true}]}}