{"id":1081,"date":"2012-06-01T11:14:10","date_gmt":"2012-06-01T11:14:10","guid":{"rendered":"http:\/\/www.bc-maps.com\/mapa-vectorial-eps\/"},"modified":"2018-10-04T13:46:31","modified_gmt":"2018-10-04T13:46:31","slug":"amsterdam-ilustrator","status":"publish","type":"page","link":"https:\/\/www.bc-maps.com\/mapa-vectorial-eps\/mapas-vectoriales\/mapas-de-europa\/ciudades\/amsterdam-ilustrator\/","title":{"rendered":"Amsterdam mapa vectorial editable eps illustrator"},"content":{"rendered":"<h1>Planos y mapas vectoriales de Amsterdam<\/h1>\n<h2>Mapas vectoriales editables con de las calles de Amsterdam<\/h2>\n<h3>Planos vectoriales de ciudades de Holanda<\/h3>\n<p>Podemos crear cualquier tipo de mapa vectorial de la ciudad de Amsterdam, planos parciales, planos generales, planos de detalle\u2026etc.<\/p>\n<p>Los mapas se entregan en formatos editables <a href=\"http:\/\/www.adobe.es\">adobe<\/a> illustrator, eps, corel, freehand.<\/p>\n<p>El contenido de informaci\u00f3n depender\u00e1 del tama\u00f1o de la zona y la escala o medidas de reproducci\u00f3n, ya que no trabajamos con textos inferiores a 5 puntos para que sean legibles.<\/p>\n<figure id=\"attachment_3026\" aria-describedby=\"caption-attachment-3026\" style=\"width: 300px\" class=\"wp-caption alignnone\"><a href=\"http:\/\/www.bc-maps.com\/wp-content\/uploads\/2012\/06\/Amsterdam-mapa-vectorial-eps-illustrator.jpg\" target=\"_blank\" rel=\"noopener noreferrer\"><img loading=\"lazy\" decoding=\"async\" class=\"wp-image-3026 size-medium\" title=\"Amsterdam mapa vectorial eps illustrator\" src=\"http:\/\/www.bc-maps.com\/wp-content\/uploads\/2012\/06\/Amsterdam-mapa-vectorial-eps-illustrator-300x226.jpg\" alt=\"Amsterdam mapa vectorial eps illustrator\" width=\"300\" height=\"226\" srcset=\"https:\/\/www.bc-maps.com\/wp-content\/uploads\/2012\/06\/Amsterdam-mapa-vectorial-eps-illustrator-300x226.jpg 300w, https:\/\/www.bc-maps.com\/wp-content\/uploads\/2012\/06\/Amsterdam-mapa-vectorial-eps-illustrator-768x578.jpg 768w, https:\/\/www.bc-maps.com\/wp-content\/uploads\/2012\/06\/Amsterdam-mapa-vectorial-eps-illustrator-1024x770.jpg 1024w, https:\/\/www.bc-maps.com\/wp-content\/uploads\/2012\/06\/Amsterdam-mapa-vectorial-eps-illustrator.jpg 1740w\" sizes=\"auto, (max-width: 300px) 100vw, 300px\" \/><\/a><figcaption id=\"caption-attachment-3026\" class=\"wp-caption-text\">Amsterdam mapa vectorial eps illustrator<\/figcaption><\/figure>\n<div class=\"mceTemp\"><\/div>\n","protected":false},"excerpt":{"rendered":"<p>Planos y mapas vectoriales de Amsterdam Mapas vectoriales editables con de las calles de Amsterdam Planos vectoriales de ciudades de Holanda Podemos crear cualquier tipo de mapa vectorial de la ciudad de Amsterdam, planos parciales, planos generales, planos de detalle\u2026etc. Los mapas se entregan en formatos editables adobe illustrator, eps, corel, freehand. El contenido de &hellip; <a href=\"https:\/\/www.bc-maps.com\/mapa-vectorial-eps\/mapas-vectoriales\/mapas-de-europa\/ciudades\/amsterdam-ilustrator\/\" class=\"more-link\">Seguir leyendo <span class=\"screen-reader-text\">Amsterdam mapa vectorial editable eps illustrator<\/span> <span class=\"meta-nav\">&rarr;<\/span><\/a><\/p>\n","protected":false},"author":1,"featured_media":0,"parent":3611,"menu_order":0,"comment_status":"closed","ping_status":"closed","template":"","meta":{"footnotes":""},"class_list":["post-1081","page","type-page","status-publish","hentry"],"_links":{"self":[{"href":"https:\/\/www.bc-maps.com\/mapa-vectorial-eps\/wp-json\/wp\/v2\/pages\/1081","targetHints":{"allow":["GET"]}}],"collection":[{"href":"https:\/\/www.bc-maps.com\/mapa-vectorial-eps\/wp-json\/wp\/v2\/pages"}],"about":[{"href":"https:\/\/www.bc-maps.com\/mapa-vectorial-eps\/wp-json\/wp\/v2\/types\/page"}],"author":[{"embeddable":true,"href":"https:\/\/www.bc-maps.com\/mapa-vectorial-eps\/wp-json\/wp\/v2\/users\/1"}],"replies":[{"embeddable":true,"href":"https:\/\/www.bc-maps.com\/mapa-vectorial-eps\/wp-json\/wp\/v2\/comments?post=1081"}],"version-history":[{"count":5,"href":"https:\/\/www.bc-maps.com\/mapa-vectorial-eps\/wp-json\/wp\/v2\/pages\/1081\/revisions"}],"predecessor-version":[{"id":3264,"href":"https:\/\/www.bc-maps.com\/mapa-vectorial-eps\/wp-json\/wp\/v2\/pages\/1081\/revisions\/3264"}],"up":[{"embeddable":true,"href":"https:\/\/www.bc-maps.com\/mapa-vectorial-eps\/wp-json\/wp\/v2\/pages\/3611"}],"wp:attachment":[{"href":"https:\/\/www.bc-maps.com\/mapa-vectorial-eps\/wp-json\/wp\/v2\/media?parent=1081"}],"curies":[{"name":"wp","href":"https:\/\/api.w.org\/{rel}","templated":true}]}}