{"id":108,"date":"2011-09-29T09:06:27","date_gmt":"2011-09-29T09:06:27","guid":{"rendered":"http:\/\/www.bc-maps.com\/mapa-vectorial-eps\/"},"modified":"2022-06-28T20:30:30","modified_gmt":"2022-06-28T20:30:30","slug":"galicia","status":"publish","type":"page","link":"https:\/\/www.bc-maps.com\/mapa-vectorial-eps\/mapas-vectoriales\/espana\/comunidades-provincias\/galicia\/","title":{"rendered":"Galicia mapa vectorial illustrator eps editable"},"content":{"rendered":"<h1>Mapa Vectorial Eps y Cartografia digital.<\/h1>\n<h2>Mapas vectoriales.<\/h2>\n<h3>Ciudades, Comunidades y Mapas Tem\u00e1ticos de Galicia.<\/h3>\n<h4>Planos vectoriales de Comunidades.<\/h4>\n<h5>Galicia.<\/h5>\n<p>BC Maps elabora su cartograf\u00eda de Galicia adapt\u00e1ndose a la necesidad de cada cliente.<\/p>\n<p>Nuestros mapas siempre se env\u00edan actualizados en la fecha de entrega.<\/p>\n<p>El mapa vectorial se entrega siempre totalmente editable, textos como colores, y estructurado por medio de capas en formatos<a href=\"http:\/\/www.adobe.com\/es\"> adobe illustrator<\/a>, freehand, corel o pdf.<\/p>\n<p>Creamos mapas de municipios, provincias, o de la comunidad aut\u00f3noma para gu\u00edas de viajes, cat\u00e1logos, administraciones p\u00fablicas\u2026etc.<\/p>\n<p>Un amplio abanico de empresas, en especial editoriales, y ayuntamientos disponen en los \u00faltimos a\u00f1os de mapas suministrados por nuestra empresa.<\/p>\n<figure id=\"attachment_3258\" aria-describedby=\"caption-attachment-3258\" style=\"width: 300px\" class=\"wp-caption alignnone\"><a href=\"http:\/\/www.bc-maps.com\/wp-content\/uploads\/2012\/05\/Galicia-mapa-vectorial-illustrator-eps.jpg\" target=\"_blank\" rel=\"noopener noreferrer\"><img loading=\"lazy\" decoding=\"async\" class=\"wp-image-3258 size-medium\" title=\"Mapa vectorial Galicia illustrator eps \" src=\"http:\/\/www.bc-maps.com\/wp-content\/uploads\/2012\/05\/Galicia-mapa-vectorial-illustrator-eps-300x292.jpg\" alt=\"Mapa vectorial Galicia illustrator eps \" width=\"300\" height=\"292\" srcset=\"https:\/\/www.bc-maps.com\/wp-content\/uploads\/2012\/05\/Galicia-mapa-vectorial-illustrator-eps-300x292.jpg 300w, https:\/\/www.bc-maps.com\/wp-content\/uploads\/2012\/05\/Galicia-mapa-vectorial-illustrator-eps-768x747.jpg 768w, https:\/\/www.bc-maps.com\/wp-content\/uploads\/2012\/05\/Galicia-mapa-vectorial-illustrator-eps-1024x995.jpg 1024w, https:\/\/www.bc-maps.com\/wp-content\/uploads\/2012\/05\/Galicia-mapa-vectorial-illustrator-eps.jpg 1575w\" sizes=\"auto, (max-width: 300px) 100vw, 300px\" \/><\/a><figcaption id=\"caption-attachment-3258\" class=\"wp-caption-text\">Mapa vectorial Galicia illustrator eps<\/figcaption><\/figure>\n<figure id=\"attachment_2508\" aria-describedby=\"caption-attachment-2508\" style=\"width: 300px\" class=\"wp-caption alignnone\"><a href=\"http:\/\/www.bc-maps.com\/wp-content\/uploads\/2016\/07\/Mapa-Casco-Catoira.jpg\" target=\"_blank\" rel=\"noopener noreferrer\"><img loading=\"lazy\" decoding=\"async\" class=\"wp-image-2508 size-medium\" title=\"Mapa casco urbano Catoira\" src=\"http:\/\/www.bc-maps.com\/wp-content\/uploads\/2016\/07\/Mapa-Casco-Catoira-300x212.jpg\" alt=\"Mapa casco urbano Catoira\" width=\"300\" height=\"212\" srcset=\"https:\/\/www.bc-maps.com\/wp-content\/uploads\/2016\/07\/Mapa-Casco-Catoira-300x212.jpg 300w, https:\/\/www.bc-maps.com\/wp-content\/uploads\/2016\/07\/Mapa-Casco-Catoira-768x543.jpg 768w, https:\/\/www.bc-maps.com\/wp-content\/uploads\/2016\/07\/Mapa-Casco-Catoira-1024x724.jpg 1024w\" sizes=\"auto, (max-width: 300px) 100vw, 300px\" \/><\/a><figcaption id=\"caption-attachment-2508\" class=\"wp-caption-text\">Mapa casco urbano Catoira<\/figcaption><\/figure>\n<p>Un amplio abanico de empresas, en especial editoriales, y ayuntamientos disponen en los \u00faltimos a\u00f1os de mapas suministrados por nuestra empresa.<\/p>\n","protected":false},"excerpt":{"rendered":"<p>Mapa Vectorial Eps y Cartografia digital. Mapas vectoriales. Ciudades, Comunidades y Mapas Tem\u00e1ticos de Galicia. Planos vectoriales de Comunidades. Galicia. BC Maps elabora su cartograf\u00eda de Galicia adapt\u00e1ndose a la necesidad de cada cliente. Nuestros mapas siempre se env\u00edan actualizados en la fecha de entrega. El mapa vectorial se entrega siempre totalmente editable, textos como &hellip; <a href=\"https:\/\/www.bc-maps.com\/mapa-vectorial-eps\/mapas-vectoriales\/espana\/comunidades-provincias\/galicia\/\" class=\"more-link\">Seguir leyendo <span class=\"screen-reader-text\">Galicia mapa vectorial illustrator eps editable<\/span> <span class=\"meta-nav\">&rarr;<\/span><\/a><\/p>\n","protected":false},"author":1,"featured_media":0,"parent":54,"menu_order":0,"comment_status":"closed","ping_status":"closed","template":"","meta":{"footnotes":""},"class_list":["post-108","page","type-page","status-publish","hentry"],"_links":{"self":[{"href":"https:\/\/www.bc-maps.com\/mapa-vectorial-eps\/wp-json\/wp\/v2\/pages\/108","targetHints":{"allow":["GET"]}}],"collection":[{"href":"https:\/\/www.bc-maps.com\/mapa-vectorial-eps\/wp-json\/wp\/v2\/pages"}],"about":[{"href":"https:\/\/www.bc-maps.com\/mapa-vectorial-eps\/wp-json\/wp\/v2\/types\/page"}],"author":[{"embeddable":true,"href":"https:\/\/www.bc-maps.com\/mapa-vectorial-eps\/wp-json\/wp\/v2\/users\/1"}],"replies":[{"embeddable":true,"href":"https:\/\/www.bc-maps.com\/mapa-vectorial-eps\/wp-json\/wp\/v2\/comments?post=108"}],"version-history":[{"count":5,"href":"https:\/\/www.bc-maps.com\/mapa-vectorial-eps\/wp-json\/wp\/v2\/pages\/108\/revisions"}],"predecessor-version":[{"id":5067,"href":"https:\/\/www.bc-maps.com\/mapa-vectorial-eps\/wp-json\/wp\/v2\/pages\/108\/revisions\/5067"}],"up":[{"embeddable":true,"href":"https:\/\/www.bc-maps.com\/mapa-vectorial-eps\/wp-json\/wp\/v2\/pages\/54"}],"wp:attachment":[{"href":"https:\/\/www.bc-maps.com\/mapa-vectorial-eps\/wp-json\/wp\/v2\/media?parent=108"}],"curies":[{"name":"wp","href":"https:\/\/api.w.org\/{rel}","templated":true}]}}