{"id":105,"date":"2011-09-29T09:03:34","date_gmt":"2011-09-29T09:03:34","guid":{"rendered":"http:\/\/www.bc-maps.com\/mapa-vectorial-eps\/"},"modified":"2021-10-05T09:26:28","modified_gmt":"2021-10-05T09:26:28","slug":"toledo","status":"publish","type":"page","link":"https:\/\/www.bc-maps.com\/mapa-vectorial-eps\/mapas-vectoriales\/espana\/ciudades\/toledo\/","title":{"rendered":"Toledo mapa vectorial illustrator eps editable"},"content":{"rendered":"<h1>Planos y mapas vectoriales de Toledo.<\/h1>\n<h2><a href=\"https:\/\/www.bc-maps.com\/mapa-vectorial-eps\/mapas-vectoriales-de-ciudades-de-espana-minoria-absoluta\/\" target=\"_blank\" rel=\"noopener noreferrer\">Mapas vectoriales<\/a> editables eps, <a href=\"http:\/\/www.adobe.com\/es\">illustrator<\/a>, freehand, pdf, svg, pdf, Corel<\/h2>\n<h3>Planos vectoriales de ciudades.<\/h3>\n<p>Podemos crear cualquier tipo de mapa de la ciudad de Toledo, planos parciales, planos generales, planos de detalle.<\/p>\n<figure id=\"attachment_3358\" aria-describedby=\"caption-attachment-3358\" style=\"width: 300px\" class=\"wp-caption alignnone\"><img loading=\"lazy\" decoding=\"async\" class=\"wp-image-3358 size-medium\" title=\"Mapa vectorial illustrator eps Toledo\" src=\"http:\/\/www.bc-maps.com\/wp-content\/uploads\/2018\/06\/Mapa-vectorial-illustrator-eps-Toledo-300x266.jpg\" alt=\"Mapa vectorial illustrator eps Toledo\" width=\"300\" height=\"266\" srcset=\"https:\/\/www.bc-maps.com\/wp-content\/uploads\/2018\/06\/Mapa-vectorial-illustrator-eps-Toledo-300x266.jpg 300w, https:\/\/www.bc-maps.com\/wp-content\/uploads\/2018\/06\/Mapa-vectorial-illustrator-eps-Toledo-768x680.jpg 768w, https:\/\/www.bc-maps.com\/wp-content\/uploads\/2018\/06\/Mapa-vectorial-illustrator-eps-Toledo-1024x907.jpg 1024w, https:\/\/www.bc-maps.com\/wp-content\/uploads\/2018\/06\/Mapa-vectorial-illustrator-eps-Toledo.jpg 1965w\" sizes=\"auto, (max-width: 300px) 100vw, 300px\" \/><figcaption id=\"caption-attachment-3358\" class=\"wp-caption-text\">Mapa vectorial illustrator eps Toledo<\/figcaption><\/figure>\n<figure id=\"attachment_3436\" aria-describedby=\"caption-attachment-3436\" style=\"width: 242px\" class=\"wp-caption alignnone\"><a href=\"http:\/\/www.bc-maps.com\/wp-content\/uploads\/2011\/09\/TOLEDO-CM-OK.jpg\" target=\"_blank\" rel=\"noopener noreferrer\"><img loading=\"lazy\" decoding=\"async\" class=\"wp-image-3436 size-medium\" title=\"TOLEDO CM mapa vectorial eps illustrator\" src=\"http:\/\/www.bc-maps.com\/wp-content\/uploads\/2011\/09\/TOLEDO-CM-OK-242x300.jpg\" alt=\"TOLEDO CM mapa vectorial eps illustrator\" width=\"242\" height=\"300\" srcset=\"https:\/\/www.bc-maps.com\/wp-content\/uploads\/2011\/09\/TOLEDO-CM-OK-242x300.jpg 242w, https:\/\/www.bc-maps.com\/wp-content\/uploads\/2011\/09\/TOLEDO-CM-OK-768x952.jpg 768w, https:\/\/www.bc-maps.com\/wp-content\/uploads\/2011\/09\/TOLEDO-CM-OK-826x1024.jpg 826w, https:\/\/www.bc-maps.com\/wp-content\/uploads\/2011\/09\/TOLEDO-CM-OK.jpg 2004w\" sizes=\"auto, (max-width: 242px) 100vw, 242px\" \/><\/a><figcaption id=\"caption-attachment-3436\" class=\"wp-caption-text\">TOLEDO CM mapa vectorial eps illustrator<\/figcaption><\/figure>\n<p>El contenido de informaci\u00f3n depender\u00e1 del tama\u00f1o de la zona y la escala o medidas de reproducci\u00f3n, ya que no trabajamos con textos inferiores a 5 puntos para que sean legibles.<\/p>\n<p>Todos nuestros mapas est\u00e1n estructurados por medio de capas y son totalmente editables, modificables, \u00a0tanto \u00a0colores\u00a0como fuentes.<\/p>\n<p>Los mapas son libres de derechos de reproducci\u00f3n, incluyendo nuestro copyright, s\u00f3lo pagar\u00e1 por ellos una vez independientemente de los usos que nuestros \u00a0ustedes realicen de los mapas en formato cerrado.<\/p>\n<p>&nbsp;<\/p>\n","protected":false},"excerpt":{"rendered":"<p>Planos y mapas vectoriales de Toledo. Mapas vectoriales editables eps, illustrator, freehand, pdf, svg, pdf, Corel Planos vectoriales de ciudades. Podemos crear cualquier tipo de mapa de la ciudad de Toledo, planos parciales, planos generales, planos de detalle. El contenido de informaci\u00f3n depender\u00e1 del tama\u00f1o de la zona y la escala o medidas de reproducci\u00f3n, &hellip; <a href=\"https:\/\/www.bc-maps.com\/mapa-vectorial-eps\/mapas-vectoriales\/espana\/ciudades\/toledo\/\" class=\"more-link\">Seguir leyendo <span class=\"screen-reader-text\">Toledo mapa vectorial illustrator eps editable<\/span> <span class=\"meta-nav\">&rarr;<\/span><\/a><\/p>\n","protected":false},"author":1,"featured_media":0,"parent":52,"menu_order":7,"comment_status":"closed","ping_status":"closed","template":"","meta":{"footnotes":""},"class_list":["post-105","page","type-page","status-publish","hentry"],"_links":{"self":[{"href":"https:\/\/www.bc-maps.com\/mapa-vectorial-eps\/wp-json\/wp\/v2\/pages\/105","targetHints":{"allow":["GET"]}}],"collection":[{"href":"https:\/\/www.bc-maps.com\/mapa-vectorial-eps\/wp-json\/wp\/v2\/pages"}],"about":[{"href":"https:\/\/www.bc-maps.com\/mapa-vectorial-eps\/wp-json\/wp\/v2\/types\/page"}],"author":[{"embeddable":true,"href":"https:\/\/www.bc-maps.com\/mapa-vectorial-eps\/wp-json\/wp\/v2\/users\/1"}],"replies":[{"embeddable":true,"href":"https:\/\/www.bc-maps.com\/mapa-vectorial-eps\/wp-json\/wp\/v2\/comments?post=105"}],"version-history":[{"count":7,"href":"https:\/\/www.bc-maps.com\/mapa-vectorial-eps\/wp-json\/wp\/v2\/pages\/105\/revisions"}],"predecessor-version":[{"id":4928,"href":"https:\/\/www.bc-maps.com\/mapa-vectorial-eps\/wp-json\/wp\/v2\/pages\/105\/revisions\/4928"}],"up":[{"embeddable":true,"href":"https:\/\/www.bc-maps.com\/mapa-vectorial-eps\/wp-json\/wp\/v2\/pages\/52"}],"wp:attachment":[{"href":"https:\/\/www.bc-maps.com\/mapa-vectorial-eps\/wp-json\/wp\/v2\/media?parent=105"}],"curies":[{"name":"wp","href":"https:\/\/api.w.org\/{rel}","templated":true}]}}