{"id":1030,"date":"2012-06-01T10:07:45","date_gmt":"2012-06-01T10:07:45","guid":{"rendered":"http:\/\/www.bc-maps.com\/mapa-vectorial-eps\/"},"modified":"2021-09-01T06:05:41","modified_gmt":"2021-09-01T06:05:41","slug":"provincia-malaga-illustrator","status":"publish","type":"page","link":"https:\/\/www.bc-maps.com\/mapa-vectorial-eps\/provincia-malaga-illustrator\/","title":{"rendered":"Mapa vectorial de la provincia de M\u00e1laga"},"content":{"rendered":"<h1><span>Mapas vectoriales editables de carreteras de M\u00e1laga<\/span><\/h1>\n<h2><span>Mapa Vectorial de municipios de M\u00e1laga en eps, ai, pdf y cartografia digital.<\/span><\/h2>\n<p>BC Maps elabora su cartograf\u00eda digital \u00a0y sus mapas vectoriales adapt\u00e1ndose a la necesidad de cada cliente.<br \/>\nEl mapa vectorial se entrega siempre totalmente editable, adobe illustrator, eps, freehand, corel o pdf, svg.<\/p>\n","protected":false},"excerpt":{"rendered":"<p>Mapas vectoriales editables de carreteras de M\u00e1laga Mapa Vectorial de municipios de M\u00e1laga en eps, ai, pdf y cartografia digital. BC Maps elabora su cartograf\u00eda digital \u00a0y sus mapas vectoriales adapt\u00e1ndose a la necesidad de cada cliente. El mapa vectorial se entrega siempre totalmente editable, adobe illustrator, eps, freehand, corel o pdf, svg.<\/p>\n","protected":false},"author":1,"featured_media":0,"parent":0,"menu_order":0,"comment_status":"closed","ping_status":"closed","template":"","meta":{"footnotes":""},"class_list":["post-1030","page","type-page","status-publish","hentry"],"_links":{"self":[{"href":"https:\/\/www.bc-maps.com\/mapa-vectorial-eps\/wp-json\/wp\/v2\/pages\/1030","targetHints":{"allow":["GET"]}}],"collection":[{"href":"https:\/\/www.bc-maps.com\/mapa-vectorial-eps\/wp-json\/wp\/v2\/pages"}],"about":[{"href":"https:\/\/www.bc-maps.com\/mapa-vectorial-eps\/wp-json\/wp\/v2\/types\/page"}],"author":[{"embeddable":true,"href":"https:\/\/www.bc-maps.com\/mapa-vectorial-eps\/wp-json\/wp\/v2\/users\/1"}],"replies":[{"embeddable":true,"href":"https:\/\/www.bc-maps.com\/mapa-vectorial-eps\/wp-json\/wp\/v2\/comments?post=1030"}],"version-history":[{"count":2,"href":"https:\/\/www.bc-maps.com\/mapa-vectorial-eps\/wp-json\/wp\/v2\/pages\/1030\/revisions"}],"predecessor-version":[{"id":4325,"href":"https:\/\/www.bc-maps.com\/mapa-vectorial-eps\/wp-json\/wp\/v2\/pages\/1030\/revisions\/4325"}],"wp:attachment":[{"href":"https:\/\/www.bc-maps.com\/mapa-vectorial-eps\/wp-json\/wp\/v2\/media?parent=1030"}],"curies":[{"name":"wp","href":"https:\/\/api.w.org\/{rel}","templated":true}]}}