{"id":1028,"date":"2019-03-01T10:07:00","date_gmt":"2019-03-01T10:07:00","guid":{"rendered":"http:\/\/www.bc-maps.com\/mapa-vectorial-eps\/"},"modified":"2019-04-24T10:58:34","modified_gmt":"2019-04-24T10:58:34","slug":"provincia-murcia-municipios-illustrator","status":"publish","type":"page","link":"https:\/\/www.bc-maps.com\/mapa-vectorial-eps\/provincia-murcia-municipios-illustrator\/","title":{"rendered":"Municipios Murcia mapa vectorial  provincia"},"content":{"rendered":"<h1>Mapas vectoriales editables de carreteras y comarcas de Murcia<\/h1>\n<h2>Mapa Vectorial de municipios Murcia en eps, illustrator, pdf y cartografia digital.<\/h2>\n<figure id=\"attachment_4118\" aria-describedby=\"caption-attachment-4118\" style=\"width: 248px\" class=\"wp-caption alignnone\"><a href=\"http:\/\/www.bc-maps.com\/wp-content\/uploads\/2019\/04\/Mapa-vectorial-illustrator-eps-municipios-provincia-Murcia.jpg\" target=\"_blank\" rel=\"noopener noreferrer\"><img loading=\"lazy\" decoding=\"async\" class=\"Mapa vectorial illustrator eps municipios Murcia provincia wp-image-4118\" title=\"Mapa vectorial illustrator eps municipios Murcia provincia\" src=\"http:\/\/www.bc-maps.com\/wp-content\/uploads\/2019\/04\/Mapa-vectorial-illustrator-eps-municipios-provincia-Murcia-214x300.jpg\" alt=\"Mapa vectorial illustrator eps municipios Murcia provincia\" width=\"248\" height=\"348\" srcset=\"https:\/\/www.bc-maps.com\/wp-content\/uploads\/2019\/04\/Mapa-vectorial-illustrator-eps-municipios-provincia-Murcia-214x300.jpg 214w, https:\/\/www.bc-maps.com\/wp-content\/uploads\/2019\/04\/Mapa-vectorial-illustrator-eps-municipios-provincia-Murcia-768x1075.jpg 768w, https:\/\/www.bc-maps.com\/wp-content\/uploads\/2019\/04\/Mapa-vectorial-illustrator-eps-municipios-provincia-Murcia-731x1024.jpg 731w, https:\/\/www.bc-maps.com\/wp-content\/uploads\/2019\/04\/Mapa-vectorial-illustrator-eps-municipios-provincia-Murcia.jpg 1247w\" sizes=\"auto, (max-width: 248px) 100vw, 248px\" \/><\/a><figcaption id=\"caption-attachment-4118\" class=\"wp-caption-text\"><strong>Mapa vectorial illustrator eps municipios Murcia provincia<\/strong><\/figcaption><\/figure>\n<p>BC Maps elabora su cartograf\u00eda digital \u00a0y sus mapas vectoriales adapt\u00e1ndose a la necesidad de cada cliente.<\/p>\n<p><strong>Comarcas de Murcia :<\/strong><\/p>\n<p>Altiplano, Alto Guadalent\u00edn, Bajo Guadalent\u00edn, Campo de Cartagena, Huerta de Murcia,Mar Menor, Noroeste, Oriental, R\u00edo Mula, Valle de Ricote, Vega Alta del Segura,\u00a0Vega Media del Segura<\/p>\n<p><strong>Principales Municipios de Murcia :<\/strong><\/p>\n<p><a href=\"https:\/\/www.bc-maps.com\/mapa-vectorial-eps\/murcia-ilustrator\/\" target=\"_blank\" rel=\"noopener noreferrer\">Murcia<\/a>, Cartagena, Lorca, Molina de Segura, Alcantarilla, Torre Pacheco, Cieza, \u00c1guilas, Yecla, San Javier, Totana, Mazarr\u00f3n, Jumilla, Caravaca de la Cruz, San Pedro del Pinatar, Alhama de Murcia, Las Torres de Cotillas, <a href=\"https:\/\/www.bc-maps.com\/mapa-vectorial-eps\/mapas-vectoriales\/espana\/ciudades\/la-union-ilustrator\/\" target=\"_blank\" rel=\"noopener noreferrer\">La Uni\u00f3n<\/a>, Archena, Mula, Fuente \u00c1lamo de Murcia, Santomera, Los Alc\u00e1zares, Ceheg\u00edn, Puerto Lumbreras<\/p>\n<p>El mapa vectorial municipios Alicante se entrega siempre totalmente editable, <a href=\"http:\/\/www.adobe.es\">adobe illustrator<\/a>, eps, freehand, corel o pdf, svg.<\/p>\n<p>Para facilitar los cambios los mapas vectoriales est\u00e1n estructurados por medio de capas de informaci\u00f3n.<\/p>\n<p>Tambi\u00e9n podemos realizar un mapa de carreteras a diferentes escalas, variando por tanto el nivel de detalle y contenido de informaci\u00f3n.<\/p>\n<p>La opci\u00f3n del mapa de la provincia con la divisi\u00f3n en municipios y comarcas puede ayudar en delimitar zonas de influencia.<\/p>\n<p>Asimismo para trabajo de marketing e implementaci\u00f3n comercial de las empresas en nuevos mercados.<\/p>\n","protected":false},"excerpt":{"rendered":"<p>Mapas vectoriales editables de carreteras y comarcas de Murcia Mapa Vectorial de municipios Murcia en eps, illustrator, pdf y cartografia digital. BC Maps elabora su cartograf\u00eda digital \u00a0y sus mapas vectoriales adapt\u00e1ndose a la necesidad de cada cliente. Comarcas de Murcia : Altiplano, Alto Guadalent\u00edn, Bajo Guadalent\u00edn, Campo de Cartagena, Huerta de Murcia,Mar Menor, Noroeste, &hellip; <a href=\"https:\/\/www.bc-maps.com\/mapa-vectorial-eps\/provincia-murcia-municipios-illustrator\/\" class=\"more-link\">Seguir leyendo <span class=\"screen-reader-text\">Municipios Murcia mapa vectorial  provincia<\/span> <span class=\"meta-nav\">&rarr;<\/span><\/a><\/p>\n","protected":false},"author":1,"featured_media":4118,"parent":0,"menu_order":0,"comment_status":"closed","ping_status":"closed","template":"","meta":{"footnotes":""},"class_list":["post-1028","page","type-page","status-publish","has-post-thumbnail","hentry"],"_links":{"self":[{"href":"https:\/\/www.bc-maps.com\/mapa-vectorial-eps\/wp-json\/wp\/v2\/pages\/1028","targetHints":{"allow":["GET"]}}],"collection":[{"href":"https:\/\/www.bc-maps.com\/mapa-vectorial-eps\/wp-json\/wp\/v2\/pages"}],"about":[{"href":"https:\/\/www.bc-maps.com\/mapa-vectorial-eps\/wp-json\/wp\/v2\/types\/page"}],"author":[{"embeddable":true,"href":"https:\/\/www.bc-maps.com\/mapa-vectorial-eps\/wp-json\/wp\/v2\/users\/1"}],"replies":[{"embeddable":true,"href":"https:\/\/www.bc-maps.com\/mapa-vectorial-eps\/wp-json\/wp\/v2\/comments?post=1028"}],"version-history":[{"count":2,"href":"https:\/\/www.bc-maps.com\/mapa-vectorial-eps\/wp-json\/wp\/v2\/pages\/1028\/revisions"}],"predecessor-version":[{"id":4120,"href":"https:\/\/www.bc-maps.com\/mapa-vectorial-eps\/wp-json\/wp\/v2\/pages\/1028\/revisions\/4120"}],"wp:featuredmedia":[{"embeddable":true,"href":"https:\/\/www.bc-maps.com\/mapa-vectorial-eps\/wp-json\/wp\/v2\/media\/4118"}],"wp:attachment":[{"href":"https:\/\/www.bc-maps.com\/mapa-vectorial-eps\/wp-json\/wp\/v2\/media?parent=1028"}],"curies":[{"name":"wp","href":"https:\/\/api.w.org\/{rel}","templated":true}]}}