{"id":101,"date":"2011-09-29T09:00:58","date_gmt":"2011-09-29T09:00:58","guid":{"rendered":"http:\/\/www.bc-maps.com\/mapa-vectorial-eps\/"},"modified":"2021-10-05T09:25:58","modified_gmt":"2021-10-05T09:25:58","slug":"zaragoza","status":"publish","type":"page","link":"https:\/\/www.bc-maps.com\/mapa-vectorial-eps\/mapas-vectoriales\/espana\/ciudades\/zaragoza\/","title":{"rendered":"Zaragoza mapa vectorial illustrator eps editable"},"content":{"rendered":"<h1>Planos y mapas vectoriales de Zaragoza<\/h1>\n<h2><a href=\"https:\/\/www.bc-maps.com\/mapa-vectorial-eps\/mapas-vectoriales\/\">Mapas vectoriales<\/a> editables eps, illustrator, freehand,pdf de las calles de Zaragoza<\/h2>\n<h3>Planos vectoriales de ciudades<\/h3>\n<p>Podemos crear cualquier tipo de mapa de la ciudad de Zaragoza, planos parciales, planos generales, planos de detalle,\u00a0\u00a0en formato <a href=\"http:\/\/www.adobe.com\/es\">illustrator<\/a>.<\/p>\n<figure id=\"attachment_2746\" aria-describedby=\"caption-attachment-2746\" style=\"width: 300px\" class=\"wp-caption alignnone\"><a href=\"http:\/\/www.bc-maps.com\/wp-content\/uploads\/2016\/09\/Zaragoza-mapa-vectorial-illustrator-eps.Rolex_.jpg\" target=\"_blank\" rel=\"noopener noreferrer\"><img loading=\"lazy\" decoding=\"async\" class=\"wp-image-2746 size-medium\" title=\"mapa vectorial Zaragoza illustrator eps\" src=\"http:\/\/www.bc-maps.com\/wp-content\/uploads\/2016\/09\/Zaragoza-mapa-vectorial-illustrator-eps.Rolex_-300x212.jpg\" alt=\"mapa vectorial Zaragoza illustrator eps\" width=\"300\" height=\"212\" srcset=\"https:\/\/www.bc-maps.com\/wp-content\/uploads\/2016\/09\/Zaragoza-mapa-vectorial-illustrator-eps.Rolex_-300x212.jpg 300w, https:\/\/www.bc-maps.com\/wp-content\/uploads\/2016\/09\/Zaragoza-mapa-vectorial-illustrator-eps.Rolex_-768x543.jpg 768w, https:\/\/www.bc-maps.com\/wp-content\/uploads\/2016\/09\/Zaragoza-mapa-vectorial-illustrator-eps.Rolex_-1024x724.jpg 1024w\" sizes=\"auto, (max-width: 300px) 100vw, 300px\" \/><\/a><figcaption id=\"caption-attachment-2746\" class=\"wp-caption-text\">mapa vectorial Zaragoza illustrator eps<\/figcaption><\/figure>\n<figure id=\"attachment_3438\" aria-describedby=\"caption-attachment-3438\" style=\"width: 237px\" class=\"wp-caption alignnone\"><a href=\"http:\/\/www.bc-maps.com\/wp-content\/uploads\/2011\/09\/ZARAGOZA-AVE-OK.jpg\" target=\"_blank\" rel=\"noopener noreferrer\"><img loading=\"lazy\" decoding=\"async\" class=\"Zaragoza mapa vectorial illustrator eps Ave wp-image-3438 size-medium\" title=\"Zaragoza mapa vectorial illustrator eps Ave\" src=\"http:\/\/www.bc-maps.com\/wp-content\/uploads\/2011\/09\/ZARAGOZA-AVE-OK-237x300.jpg\" alt=\"Zaragoza mapa vectorial illustrator eps Ave\" width=\"237\" height=\"300\" srcset=\"https:\/\/www.bc-maps.com\/wp-content\/uploads\/2011\/09\/ZARAGOZA-AVE-OK-237x300.jpg 237w, https:\/\/www.bc-maps.com\/wp-content\/uploads\/2011\/09\/ZARAGOZA-AVE-OK-768x971.jpg 768w, https:\/\/www.bc-maps.com\/wp-content\/uploads\/2011\/09\/ZARAGOZA-AVE-OK-810x1024.jpg 810w, https:\/\/www.bc-maps.com\/wp-content\/uploads\/2011\/09\/ZARAGOZA-AVE-OK.jpg 1493w\" sizes=\"auto, (max-width: 237px) 100vw, 237px\" \/><\/a><figcaption id=\"caption-attachment-3438\" class=\"wp-caption-text\">Zaragoza mapa vectorial illustrator eps Ave<\/figcaption><\/figure>\n<p>El contenido depender\u00e1 del tama\u00f1o de la zona y la escala o medidas de reproducci\u00f3n, no trabajamos con textos inferiores a 5 puntos para que sean legibles.<\/p>\n<p>La informaci\u00f3n disponible va desde\u00a0monumentos, lugares de inter\u00e9s y populares, museos, oficinas de turismo, centros comerciales, medios de transporte.<\/p>\n<p>Tambi\u00e9n podemos a\u00f1adir cualquier otra informaci\u00f3n pr\u00e1ctica que nos soliciten ustedes.<\/p>\n<p>Nuestros mapas est\u00e1n estructurados por medio de capas y son totalmente editables, modificables, \u00a0tanto \u00a0colores y\u00a0fuentes\/textos.<\/p>\n<p>Nuestro ficheros\u00a0son libres de derechos para cualquier reproducci\u00f3n, incluyendo nuestro copyright.<\/p>\n<p>Los mapas\u00a0est\u00e1n creados con licencias oficiales de programas de Adobe, habitualmente entregamos en version CC, pero podemos entregar tambi\u00e9n en otras versiones.<\/p>\n<p>&nbsp;<\/p>\n","protected":false},"excerpt":{"rendered":"<p>Planos y mapas vectoriales de Zaragoza Mapas vectoriales editables eps, illustrator, freehand,pdf de las calles de Zaragoza Planos vectoriales de ciudades Podemos crear cualquier tipo de mapa de la ciudad de Zaragoza, planos parciales, planos generales, planos de detalle,\u00a0\u00a0en formato illustrator. El contenido depender\u00e1 del tama\u00f1o de la zona y la escala o medidas de &hellip; <a href=\"https:\/\/www.bc-maps.com\/mapa-vectorial-eps\/mapas-vectoriales\/espana\/ciudades\/zaragoza\/\" class=\"more-link\">Seguir leyendo <span class=\"screen-reader-text\">Zaragoza mapa vectorial illustrator eps editable<\/span> <span class=\"meta-nav\">&rarr;<\/span><\/a><\/p>\n","protected":false},"author":1,"featured_media":0,"parent":52,"menu_order":5,"comment_status":"closed","ping_status":"closed","template":"","meta":{"footnotes":""},"class_list":["post-101","page","type-page","status-publish","hentry"],"_links":{"self":[{"href":"https:\/\/www.bc-maps.com\/mapa-vectorial-eps\/wp-json\/wp\/v2\/pages\/101","targetHints":{"allow":["GET"]}}],"collection":[{"href":"https:\/\/www.bc-maps.com\/mapa-vectorial-eps\/wp-json\/wp\/v2\/pages"}],"about":[{"href":"https:\/\/www.bc-maps.com\/mapa-vectorial-eps\/wp-json\/wp\/v2\/types\/page"}],"author":[{"embeddable":true,"href":"https:\/\/www.bc-maps.com\/mapa-vectorial-eps\/wp-json\/wp\/v2\/users\/1"}],"replies":[{"embeddable":true,"href":"https:\/\/www.bc-maps.com\/mapa-vectorial-eps\/wp-json\/wp\/v2\/comments?post=101"}],"version-history":[{"count":7,"href":"https:\/\/www.bc-maps.com\/mapa-vectorial-eps\/wp-json\/wp\/v2\/pages\/101\/revisions"}],"predecessor-version":[{"id":4925,"href":"https:\/\/www.bc-maps.com\/mapa-vectorial-eps\/wp-json\/wp\/v2\/pages\/101\/revisions\/4925"}],"up":[{"embeddable":true,"href":"https:\/\/www.bc-maps.com\/mapa-vectorial-eps\/wp-json\/wp\/v2\/pages\/52"}],"wp:attachment":[{"href":"https:\/\/www.bc-maps.com\/mapa-vectorial-eps\/wp-json\/wp\/v2\/media?parent=101"}],"curies":[{"name":"wp","href":"https:\/\/api.w.org\/{rel}","templated":true}]}}