{"id":1006,"date":"2025-12-22T10:04:58","date_gmt":"2025-12-22T10:04:58","guid":{"rendered":"http:\/\/www.bc-maps.com\/mapa-vectorial-eps\/"},"modified":"2026-01-29T17:58:11","modified_gmt":"2026-01-29T17:58:11","slug":"provincia-tarragona-illustrator","status":"publish","type":"page","link":"https:\/\/www.bc-maps.com\/mapa-vectorial-eps\/provincia-tarragona-illustrator\/","title":{"rendered":"Mapa vectorial de la provincia de Tarragona"},"content":{"rendered":"<h1>Mapas vectoriales editables de carreteras de Tarragona<\/h1>\n<h2>Mapa Vectorial de municipios de Tarragona en eps, ai, pdf y cartografia digital.<\/h2>\n<p>BC Maps elabora su cartograf\u00eda digital \u00a0y sus mapas vectoriales adapt\u00e1ndose a la necesidad de cada cliente.<\/p>\n<p>Ejemplos, de la provincia de Tarragona, \u00a0del tipo de mapas que podemos elaborar incluyen la red de carreteras, divisi\u00f3n municipal y comarcal, hidrograf\u00edas y hasta relieve.<\/p>\n<figure id=\"attachment_8322\" aria-describedby=\"caption-attachment-8322\" style=\"width: 300px\" class=\"wp-caption aligncenter\"><a title=\"Mapa provincia Tarragona relieve vectorial illustrator eps mural\" href=\"https:\/\/www.bc-maps.com\/wp-content\/uploads\/2025\/12\/mapa-vectorial-mural-provincia-tarragona-scaled.jpg\" target=\"_blank\" rel=\"noopener\"><img loading=\"lazy\" decoding=\"async\" class=\"size-medium wp-image-8322\" src=\"https:\/\/www.bc-maps.com\/wp-content\/uploads\/2025\/12\/mapa-vectorial-mural-provincia-tarragona-300x263.jpg\" alt=\"Mapa provincia Tarragona con relieve vectorial illustrator eps mural\" width=\"300\" height=\"263\" srcset=\"https:\/\/www.bc-maps.com\/wp-content\/uploads\/2025\/12\/mapa-vectorial-mural-provincia-tarragona-300x263.jpg 300w, https:\/\/www.bc-maps.com\/wp-content\/uploads\/2025\/12\/mapa-vectorial-mural-provincia-tarragona-1024x897.jpg 1024w, https:\/\/www.bc-maps.com\/wp-content\/uploads\/2025\/12\/mapa-vectorial-mural-provincia-tarragona-768x673.jpg 768w, https:\/\/www.bc-maps.com\/wp-content\/uploads\/2025\/12\/mapa-vectorial-mural-provincia-tarragona-1536x1345.jpg 1536w, https:\/\/www.bc-maps.com\/wp-content\/uploads\/2025\/12\/mapa-vectorial-mural-provincia-tarragona-2048x1794.jpg 2048w\" sizes=\"auto, (max-width: 300px) 100vw, 300px\" \/><\/a><figcaption id=\"caption-attachment-8322\" class=\"wp-caption-text\">Mapa provincia Tarragona con relieve vectorial illustrator eps mural<\/figcaption><\/figure>\n<figure id=\"attachment_8323\" aria-describedby=\"caption-attachment-8323\" style=\"width: 300px\" class=\"wp-caption aligncenter\"><a title=\"Mapa provincia Tarragona comarcas vectorial illustrator eps mural\" href=\"https:\/\/www.bc-maps.com\/wp-content\/uploads\/2025\/12\/mapa-vectorial-mural-provincia-tarragona-carreteras-scaled.jpg\" target=\"_blank\" rel=\"noopener\"><img loading=\"lazy\" decoding=\"async\" class=\"size-medium wp-image-8323\" src=\"https:\/\/www.bc-maps.com\/wp-content\/uploads\/2025\/12\/mapa-vectorial-mural-provincia-tarragona-carreteras-300x262.jpg\" alt=\"Mapa provincia Tarragona comarcas vectorial illustrator eps mural\" width=\"300\" height=\"262\" srcset=\"https:\/\/www.bc-maps.com\/wp-content\/uploads\/2025\/12\/mapa-vectorial-mural-provincia-tarragona-carreteras-300x262.jpg 300w, https:\/\/www.bc-maps.com\/wp-content\/uploads\/2025\/12\/mapa-vectorial-mural-provincia-tarragona-carreteras-1024x895.jpg 1024w, https:\/\/www.bc-maps.com\/wp-content\/uploads\/2025\/12\/mapa-vectorial-mural-provincia-tarragona-carreteras-768x671.jpg 768w, https:\/\/www.bc-maps.com\/wp-content\/uploads\/2025\/12\/mapa-vectorial-mural-provincia-tarragona-carreteras-1536x1342.jpg 1536w, https:\/\/www.bc-maps.com\/wp-content\/uploads\/2025\/12\/mapa-vectorial-mural-provincia-tarragona-carreteras-2048x1789.jpg 2048w\" sizes=\"auto, (max-width: 300px) 100vw, 300px\" \/><\/a><figcaption id=\"caption-attachment-8323\" class=\"wp-caption-text\">Mapa provincia Tarragona comarcas vectorial illustrator eps mural<\/figcaption><\/figure>\n<p>El mapa vectorial se entrega siempre totalmente editable, adobe illustrator, eps, corel o pdf, svg.<\/p>\n<p style=\"font-weight: 400;\">La provincia de Tarragona, est\u00e1 formada por 184 municipios organizados en 10 comarcas.<\/p>\n<h3 style=\"font-weight: 400;\"><strong>Alt Camp <\/strong><\/h3>\n<p style=\"font-weight: 400;\">Aiguam\u00farcia, Alcover, Ali\u00f3, Br\u00e0fim, Cabra del Camp, El Mil\u00e0, El Pont d&#8217;Armentera, El Rourell, Els Garidells, Figuerola del Camp, La Mas\u00f3, Mont-ral, Montferri, Nulles, Querol, Rodony\u00e0, Vallmoll, <strong>Valls<\/strong>, Vilabella y Vila-rodona.<\/p>\n<h3 style=\"font-weight: 400;\"><strong>Baix Camp <\/strong><\/h3>\n<p style=\"font-weight: 400;\">Alforja, Almoster, Arbol\u00ed, Argentera, Botarell, Cambrils, Capafonts, Castellvell del Camp, Colldejou, Duesaig\u00fces, El Masroig, La Febr\u00f3, La Selva del Camp, L&#8217;Albiol, L&#8217;Aleixar, L&#8217;Argentera, Les Borges del Camp, Maspujols, Mont-roig del Camp, Montbri\u00f3 del Camp, Prades, Pratdip, <strong>Reus<\/strong>, Riudecanyes, Riudecols, Riudoms, Vandell\u00f2s i l&#8217;Hospitalet de l&#8217;Infant, Vilanova d&#8217;Escornalbou y Vilaplana.<\/p>\n<h3 style=\"font-weight: 400;\"><strong>Baix Ebre <\/strong><\/h3>\n<p style=\"font-weight: 400;\">Aldover, Alfara de Carles, Benifallet, Camarles, Deltebre, El Perell\u00f3, L&#8217;Aldea, L&#8217;Ametlla de Mar, L&#8217;Ampolla, Pa\u00fcls, Roquetes, Tivenys, <strong>Tortosa<\/strong> y Xerta.<\/p>\n<h3 style=\"font-weight: 400;\"><strong>Baix Pened\u00e8s<\/strong><\/h3>\n<p style=\"font-weight: 400;\">Albinyana, Banyeres del Pened\u00e8s, Bellvei, Bonastre, Calafell, Cunit, <strong>El Vendrell<\/strong>, L&#8217;Arbo\u00e7, La Bisbal del Pened\u00e8s, Lloren\u00e7 del Pened\u00e8s, Maslloren\u00e7, Montmell, Sant Jaume dels Domenys y Santa Oliva.<\/p>\n<h3 style=\"font-weight: 400;\"><strong>Conca de Barber\u00e0<\/strong><\/h3>\n<p style=\"font-weight: 400;\">Barber\u00e0 de la Conca, Blancafort, Conesa, For\u00e8s, L&#8217;Espluga de Francol\u00ed, Les Piles, Llorac, <strong>Montblanc<\/strong>, Passanant i Belltall, Pira, Pontils, Rocafort de Queralt, Santa Coloma de Queralt, Sarral, Savall\u00e0 del Comtat, Senan, Solivella, Vallclara, Vallfogona de Riucorb, Vilanova de Prades, Vilaverd y Vimbod\u00ed i Poblet.<\/p>\n<h3 style=\"font-weight: 400;\"><strong>Montsi\u00e0 <\/strong><\/h3>\n<p style=\"font-weight: 400;\">Alcanar, <strong>Amposta<\/strong>, Freginals, Godall, La Galera, La R\u00e0pita, Mas de Barberans, Masdenverge, La R\u00e0pita, Sant Jaume d&#8217;Enveja, Santa B\u00e0rbara y Ulldecona.<\/p>\n<h3 style=\"font-weight: 400;\"><strong>Priorat <\/strong><\/h3>\n<p style=\"font-weight: 400;\">Bellmunt del Priorat, Cabac\u00e9s, Cap\u00e7anes, Cornudella de Montsant, El Lloar, El Masroig, El Molar, <strong>Falset, <\/strong>Gratallops, Els Guiamets, La Bisbal de Falset, La Figuera, La Morera de Montsant, La Vilella Alta, La Vilella Baixa, Margalef, Mar\u00e7\u00e0, Poboleda, Porrera, Pradell de la Teixeta, Torroja del Priorat, Ulldemolins y Vilanova de Prades<\/p>\n<h3 style=\"font-weight: 400;\"><strong>Ribera d&#8217;Ebre <\/strong><\/h3>\n<p style=\"font-weight: 400;\">Asc\u00f3, Benissanet, Flix, Garcia, Ginestar, La Palma d&#8217;Ebre, La Torre de l&#8217;Espanyol, Miravet, <strong>M\u00f3ra d&#8217;Ebre<\/strong> , M\u00f3ra la Nova, Rasquera, Riba-roja d&#8217;Ebre, Tivissa y Vinebre.<\/p>\n<h3 style=\"font-weight: 400;\"><strong>Tarragon\u00e8s <\/strong><\/h3>\n<p style=\"font-weight: 400;\">Altafulla, Constant\u00ed, Creixell, El Catllar, El Morell, El Rourell, Els Pallaresos, La Canonja, La Nou de Gai\u00e0, La Pobla de Mafumet, La Pobla de Montorn\u00e8s, La Riera de Gai\u00e0, La Secuita, Perafort, Renau, Roda de Ber\u00e0, Salou, <strong>Tarragona<\/strong>, Torredembarra, Vespella de Gai\u00e0, Vila-seca y Vilallonga del Camp.<\/p>\n<h3 style=\"font-weight: 400;\"><strong>Terra Alta<\/strong><\/h3>\n<p style=\"font-weight: 400;\">Arnes, Batea, Bot, Caseres, Corbera d&#8217;Ebre, Fatarella, <strong>Gandesa<\/strong>, Horta de Sant Joan, La Pobla de Massaluca, Pinell de Brai, Prat de Comte y Vilalba dels Arcs.<\/p>\n","protected":false},"excerpt":{"rendered":"<p>Mapas vectoriales editables de carreteras de Tarragona Mapa Vectorial de municipios de Tarragona en eps, ai, pdf y cartografia digital. BC Maps elabora su cartograf\u00eda digital \u00a0y sus mapas vectoriales adapt\u00e1ndose a la necesidad de cada cliente. Ejemplos, de la provincia de Tarragona, \u00a0del tipo de mapas que podemos elaborar incluyen la red de carreteras, &hellip; <a href=\"https:\/\/www.bc-maps.com\/mapa-vectorial-eps\/provincia-tarragona-illustrator\/\" class=\"more-link\">Seguir leyendo <span class=\"screen-reader-text\">Mapa vectorial de la provincia de Tarragona<\/span> <span class=\"meta-nav\">&rarr;<\/span><\/a><\/p>\n","protected":false},"author":1,"featured_media":8322,"parent":0,"menu_order":0,"comment_status":"closed","ping_status":"closed","template":"","meta":{"footnotes":""},"class_list":["post-1006","page","type-page","status-publish","has-post-thumbnail","hentry"],"_links":{"self":[{"href":"https:\/\/www.bc-maps.com\/mapa-vectorial-eps\/wp-json\/wp\/v2\/pages\/1006","targetHints":{"allow":["GET"]}}],"collection":[{"href":"https:\/\/www.bc-maps.com\/mapa-vectorial-eps\/wp-json\/wp\/v2\/pages"}],"about":[{"href":"https:\/\/www.bc-maps.com\/mapa-vectorial-eps\/wp-json\/wp\/v2\/types\/page"}],"author":[{"embeddable":true,"href":"https:\/\/www.bc-maps.com\/mapa-vectorial-eps\/wp-json\/wp\/v2\/users\/1"}],"replies":[{"embeddable":true,"href":"https:\/\/www.bc-maps.com\/mapa-vectorial-eps\/wp-json\/wp\/v2\/comments?post=1006"}],"version-history":[{"count":4,"href":"https:\/\/www.bc-maps.com\/mapa-vectorial-eps\/wp-json\/wp\/v2\/pages\/1006\/revisions"}],"predecessor-version":[{"id":8412,"href":"https:\/\/www.bc-maps.com\/mapa-vectorial-eps\/wp-json\/wp\/v2\/pages\/1006\/revisions\/8412"}],"wp:featuredmedia":[{"embeddable":true,"href":"https:\/\/www.bc-maps.com\/mapa-vectorial-eps\/wp-json\/wp\/v2\/media\/8322"}],"wp:attachment":[{"href":"https:\/\/www.bc-maps.com\/mapa-vectorial-eps\/wp-json\/wp\/v2\/media?parent=1006"}],"curies":[{"name":"wp","href":"https:\/\/api.w.org\/{rel}","templated":true}]}}