{"id":10,"date":"2025-11-01T14:10:47","date_gmt":"2025-11-01T14:10:47","guid":{"rendered":"http:\/\/www.bc-maps.com\/mapa-vectorial-eps\/"},"modified":"2025-12-03T08:35:50","modified_gmt":"2025-12-03T08:35:50","slug":"mapas-murales-vades-sobremesa","status":"publish","type":"page","link":"https:\/\/www.bc-maps.com\/mapa-vectorial-eps\/mapas-murales-vades-sobremesa\/","title":{"rendered":"MURALES Y VADES SOBREMESA"},"content":{"rendered":"\n<h1 class=\"wp-block-heading\">Mapas murales y vades de sobremesa personalizados creados &nbsp;con cartograf\u00eda vectorial elaborado en Adobe Illustrator.<\/h1>\n\n\n\n<h2 class=\"wp-block-heading\">Mapas murales y de sobremesa.<\/h2>\n\n\n\n<h5 class=\"wp-block-heading\"><a href=\"http:\/\/mapaspersonalizados.com\/vade\/\"><strong>Mapas de sobremesa<\/strong><\/a><\/h5>\n\n\n\n<h5 class=\"wp-block-heading\"><a href=\"http:\/\/mapaspersonalizados.com\/mapas-murales\/\"><strong>Mapas murales<\/strong><\/a><\/h5>\n\n\n\n<p>Podemos crear mapas murales y vades impresos y personalizados con su informaci\u00f3n corporativa, desde una \u00fanica unidad, por medio de plotter, a una edici\u00f3n personalizada por medio de offset<\/p>\n\n\n\n<p>Los mapas pueden tener diferentes acabados y presentaciones, por ejemplo enrollados en tubos individuales que incluso se pueden llegar a personalizar dependiendo de las cantidades.<\/p>\n\n\n\n<p>Asimismo podemos entregarlo impresos sobre forma, permitiendo alfiles y agujas, laminado velada que permite escribir con rotuladores indelebles, magn\u00e9ticos donde todo el mapa es un im\u00e1n, o <a href=\"http:\/\/www.mapas-sobremesa-murales.com\">f\u00e9rricos<\/a> que permiten la colocaci\u00f3n de imanes.<\/p>\n\n\n\n<p>Estos imanes se pueden comprar en cualquier papeler\u00eda pero existe la opci\u00f3n de crear imanes personalizados siguiendo la iconograf\u00eda corporativa que deseen.<\/p>\n\n\n\n<p>Nuestra mejor carta de presentaci\u00f3n son nuestros clientes, <a href=\"https:\/\/www.dhl.com\/es-es\/home.html\">DHL<\/a>, MRW Internacional, FEDEX, Geodis, Groupecat, Multirade, Desigual, Rumbo, \u2026etc<\/p>\n\n\n\n<p><a title=\"Europa C\u00f3didos Postales\" href=\"https:\/\/www.bc-maps.com\/mapa-vectorial-eps\/2012\/10\/mapa-mural-sobremesa-codigos-postales-europa-sese\/\" target=\"_self\" rel=\"noopener\"><strong>Mapa de Europa de C\u00f3digos Postales Grupo Ses\u00e9<\/strong><\/a><\/p>\n\n\n\n<p><strong><a title=\"Mapa sobremesa C\u00f3digos Postales Casintra\" href=\"https:\/\/www.bc-maps.com\/mapa-vectorial-eps\/2012\/10\/mapa-mural-sobremesa-codigos-postales-europa-casintra\/\" target=\"_self\" rel=\"noopener\">Mapa de Europa de C\u00f3digos Postales Casintra<\/a><\/strong><\/p>\n\n\n\n<p><strong><a title=\"Mapamundi sobremesa Multitrade\" href=\"https:\/\/www.bc-maps.com\/mapa-vectorial-eps\/2012\/10\/mapamundi-personalizado-sobremesa-empresa-logistica-multitrade-spain\/\" target=\"_self\" rel=\"noopener\">Mapamundi centrado Asia sobremesa Multitrade-Spain<\/a><\/strong><\/p>\n\n\n\n<figure class=\"wp-block-gallery has-nested-images columns-default is-cropped wp-block-gallery-1 is-layout-flex wp-block-gallery-is-layout-flex\">\n<figure class=\"wp-block-image size-large\"><a href=\"https:\/\/www.bc-maps.com\/wp-content\/uploads\/2010\/11\/ASTURIAS-CASINTRA-75-140.jpg\" target=\"_blank\" rel=\"noopener noreferrer\"><img loading=\"lazy\" decoding=\"async\" width=\"1024\" height=\"549\" data-id=\"3392\" src=\"https:\/\/www.bc-maps.com\/wp-content\/uploads\/2010\/11\/ASTURIAS-CASINTRA-75-140-1024x549.jpg\" alt=\"mapa mural de Asturias Casintra\" class=\"wp-image-3392\" srcset=\"https:\/\/www.bc-maps.com\/wp-content\/uploads\/2010\/11\/ASTURIAS-CASINTRA-75-140-1024x549.jpg 1024w, https:\/\/www.bc-maps.com\/wp-content\/uploads\/2010\/11\/ASTURIAS-CASINTRA-75-140-300x161.jpg 300w, https:\/\/www.bc-maps.com\/wp-content\/uploads\/2010\/11\/ASTURIAS-CASINTRA-75-140-768x411.jpg 768w\" sizes=\"auto, (max-width: 1024px) 100vw, 1024px\" \/><\/a><figcaption class=\"wp-element-caption\">mapa mural de Asturias Casintra<\/figcaption><\/figure>\n<\/figure>\n\n\n\n<figure class=\"wp-block-gallery has-nested-images columns-default is-cropped wp-block-gallery-2 is-layout-flex wp-block-gallery-is-layout-flex\">\n<figure class=\"wp-block-image size-large\"><a href=\"https:\/\/www.bc-maps.com\/wp-content\/uploads\/2015\/09\/Mapa-Mural-Europa-Codigos-Postales-Grupo-tt-2017.jpg\" target=\"_blank\" rel=\"noopener noreferrer\"><img loading=\"lazy\" decoding=\"async\" width=\"764\" height=\"1024\" data-id=\"2823\" src=\"https:\/\/www.bc-maps.com\/wp-content\/uploads\/2015\/09\/Mapa-Mural-Europa-Codigos-Postales-Grupo-tt-2017-764x1024.jpg\" alt=\"Mapa Mural Europa c\u00f3digos postales Grupo TT 2017\" class=\"wp-image-2823\" srcset=\"https:\/\/www.bc-maps.com\/wp-content\/uploads\/2015\/09\/Mapa-Mural-Europa-Codigos-Postales-Grupo-tt-2017-764x1024.jpg 764w, https:\/\/www.bc-maps.com\/wp-content\/uploads\/2015\/09\/Mapa-Mural-Europa-Codigos-Postales-Grupo-tt-2017-224x300.jpg 224w, https:\/\/www.bc-maps.com\/wp-content\/uploads\/2015\/09\/Mapa-Mural-Europa-Codigos-Postales-Grupo-tt-2017-768x1029.jpg 768w, https:\/\/www.bc-maps.com\/wp-content\/uploads\/2015\/09\/Mapa-Mural-Europa-Codigos-Postales-Grupo-tt-2017.jpg 1410w\" sizes=\"auto, (max-width: 764px) 100vw, 764px\" \/><\/a><figcaption class=\"wp-element-caption\">Mapa Mural Europa c\u00f3digos postales Grupo TT 2017<\/figcaption><\/figure>\n<\/figure>\n\n\n\n<figure class=\"wp-block-gallery has-nested-images columns-default is-cropped wp-block-gallery-3 is-layout-flex wp-block-gallery-is-layout-flex\">\n<figure class=\"wp-block-image size-large\"><a href=\"https:\/\/www.bc-maps.com\/wp-content\/uploads\/2014\/09\/Mapa-mural-Este-Andalucia-Coca-Cola.jpg\" target=\"_blank\" rel=\"noopener noreferrer\"><img loading=\"lazy\" decoding=\"async\" width=\"1512\" height=\"1428\" data-id=\"2301\" src=\"https:\/\/www.bc-maps.com\/wp-content\/uploads\/2014\/09\/Mapa-mural-Este-Andalucia-Coca-Cola.jpg\" alt=\"Mapas murales Este Andalucia Coca Cola\" class=\"wp-image-2301\"\/><\/a><figcaption class=\"wp-element-caption\">Mapas murales Este Andalucia Coca Cola<\/figcaption><\/figure>\n<\/figure>\n\n\n\n<figure class=\"wp-block-gallery has-nested-images columns-default is-cropped wp-block-gallery-4 is-layout-flex wp-block-gallery-is-layout-flex\">\n<figure class=\"wp-block-image size-large\"><a href=\"https:\/\/www.bc-maps.com\/wp-content\/uploads\/2015\/10\/Mapamundi-Sobremesa-Geodis-Italia1.jpg\" target=\"_blank\" rel=\"noopener noreferrer\"><img loading=\"lazy\" decoding=\"async\" width=\"1024\" height=\"724\" data-id=\"2389\" src=\"https:\/\/www.bc-maps.com\/wp-content\/uploads\/2015\/10\/Mapamundi-Sobremesa-Geodis-Italia1-1024x724.jpg\" alt=\"Mapamundi Sobremesa Geodis Italia\" class=\"wp-image-2389\" srcset=\"https:\/\/www.bc-maps.com\/wp-content\/uploads\/2015\/10\/Mapamundi-Sobremesa-Geodis-Italia1-1024x724.jpg 1024w, https:\/\/www.bc-maps.com\/wp-content\/uploads\/2015\/10\/Mapamundi-Sobremesa-Geodis-Italia1-300x212.jpg 300w, https:\/\/www.bc-maps.com\/wp-content\/uploads\/2015\/10\/Mapamundi-Sobremesa-Geodis-Italia1.jpg 1722w\" sizes=\"auto, (max-width: 1024px) 100vw, 1024px\" \/><\/a><figcaption class=\"wp-element-caption\">Mapamundi Sobremesa Geodis Italia<\/figcaption><\/figure>\n<\/figure>\n","protected":false},"excerpt":{"rendered":"<p>Mapas murales y vades de sobremesa personalizados creados &nbsp;con cartograf\u00eda vectorial elaborado en Adobe Illustrator. Mapas murales y de sobremesa. Mapas de sobremesa Mapas murales Podemos crear mapas murales y vades impresos y personalizados con su informaci\u00f3n corporativa, desde una \u00fanica unidad, por medio de plotter, a una edici\u00f3n personalizada por medio de offset Los &hellip; <a href=\"https:\/\/www.bc-maps.com\/mapa-vectorial-eps\/mapas-murales-vades-sobremesa\/\" class=\"more-link\">Seguir leyendo <span class=\"screen-reader-text\">MURALES Y VADES SOBREMESA<\/span> <span class=\"meta-nav\">&rarr;<\/span><\/a><\/p>\n","protected":false},"author":1,"featured_media":2389,"parent":0,"menu_order":4,"comment_status":"closed","ping_status":"closed","template":"","meta":{"footnotes":""},"class_list":["post-10","page","type-page","status-publish","has-post-thumbnail","hentry"],"_links":{"self":[{"href":"https:\/\/www.bc-maps.com\/mapa-vectorial-eps\/wp-json\/wp\/v2\/pages\/10","targetHints":{"allow":["GET"]}}],"collection":[{"href":"https:\/\/www.bc-maps.com\/mapa-vectorial-eps\/wp-json\/wp\/v2\/pages"}],"about":[{"href":"https:\/\/www.bc-maps.com\/mapa-vectorial-eps\/wp-json\/wp\/v2\/types\/page"}],"author":[{"embeddable":true,"href":"https:\/\/www.bc-maps.com\/mapa-vectorial-eps\/wp-json\/wp\/v2\/users\/1"}],"replies":[{"embeddable":true,"href":"https:\/\/www.bc-maps.com\/mapa-vectorial-eps\/wp-json\/wp\/v2\/comments?post=10"}],"version-history":[{"count":9,"href":"https:\/\/www.bc-maps.com\/mapa-vectorial-eps\/wp-json\/wp\/v2\/pages\/10\/revisions"}],"predecessor-version":[{"id":8239,"href":"https:\/\/www.bc-maps.com\/mapa-vectorial-eps\/wp-json\/wp\/v2\/pages\/10\/revisions\/8239"}],"wp:featuredmedia":[{"embeddable":true,"href":"https:\/\/www.bc-maps.com\/mapa-vectorial-eps\/wp-json\/wp\/v2\/media\/2389"}],"wp:attachment":[{"href":"https:\/\/www.bc-maps.com\/mapa-vectorial-eps\/wp-json\/wp\/v2\/media?parent=10"}],"curies":[{"name":"wp","href":"https:\/\/api.w.org\/{rel}","templated":true}]}}